{"id":2498,"date":"2024-02-26T07:01:04","date_gmt":"2024-02-26T07:01:04","guid":{"rendered":"https:\/\/liberty-stone.net\/?page_id=2498"},"modified":"2024-05-02T19:24:37","modified_gmt":"2024-05-02T19:24:37","slug":"terms-and-conditions","status":"publish","type":"page","link":"https:\/\/liberty-stone.net\/fr\/terms-and-conditions\/","title":{"rendered":"Termes et conditions"},"content":{"rendered":"<div id=\"block_fd5243568f6e06a31e9c387156106548\" class=\"wysiwyg page-width\"><h2>Termes et conditions<\/h2>\n<h3>Bienvenue sur Liberty-Stone.net<\/p>\n<h3>\n<p>Les pr\u00e9sentes conditions g\u00e9n\u00e9rales d&#039;utilisation du site Web (les \u00ab Conditions g\u00e9n\u00e9rales \u00bb) r\u00e9gissent votre acc\u00e8s et votre utilisation de Liberty-Stone.net (le \u00ab Site Web \u00bb). En acc\u00e9dant ou en utilisant le site Web, vous acceptez d&#039;\u00eatre li\u00e9 par les pr\u00e9sentes conditions g\u00e9n\u00e9rales. Si vous n&#039;acceptez pas ces termes et conditions, vous ne pouvez pas acc\u00e9der ou utiliser le site Web.<\/p>\n<p>1. D\u00e9finitions<br \/>\nAux fins des pr\u00e9sentes Conditions g\u00e9n\u00e9rales, les termes suivants auront les significations suivantes\u00a0:<br \/>\n   \u2022 \u00ab\u00a0Nous\u00a0\u00bb ou \u00ab\u00a0Notre\u00a0\u00bb d\u00e9signe LibertyStone, le propri\u00e9taire et l&#039;exploitant du site Web.<br \/>\n   \u2022 \u00ab Vous \u00bb d\u00e9signe toute personne ou entit\u00e9 qui acc\u00e8de ou utilise le site Web.<\/p>\n<p>2. Licence d&#039;utilisation du site Web<br \/>\nNous vous accordons par la pr\u00e9sente une licence non exclusive et non transf\u00e9rable pour acc\u00e9der et utiliser le site Web \u00e0 des fins personnelles et non commerciales. Vous ne pouvez pas utiliser le site Web \u00e0 des fins commerciales, y compris, sans limitation, la publicit\u00e9, le marketing ou les ventes.<\/p>\n<p>3. Propri\u00e9t\u00e9 intellectuelle<br \/>\nTous les droits de propri\u00e9t\u00e9 intellectuelle sur et vers le site Web, y compris, sans limitation, toutes les marques commerciales, droits d&#039;auteur et secrets commerciaux, sont notre propri\u00e9t\u00e9 ou celle de nos conc\u00e9dants de licence. Vous ne pouvez utiliser aucune de nos propri\u00e9t\u00e9s intellectuelles sans notre consentement \u00e9crit pr\u00e9alable.<\/p>\n<p>4. Liens vers d&#039;autres sites Web<br \/>\nLe site Web peut contenir des liens vers d\u2019autres sites Web qui ne nous appartiennent pas ou ne sont pas contr\u00f4l\u00e9s par nous. Nous ne sommes pas responsables du contenu de ces sites Web et nous n\u2019approuvons aucun des points de vue ou opinions exprim\u00e9s sur ces sites Web.<\/p>\n<p>5. Exclusion de garanties<br \/>\nLE SITE WEB EST FOURNI \u00ab TEL QUEL \u00bb ET \u00ab SELON LA DISPONIBILIT\u00c9 \u00bb. NOUS N&#039;OFFRONS AUCUNE GARANTIE, EXPRESSE OU IMPLICITE, Y COMPRIS, SANS LIMITATION, LES GARANTIES IMPLICITES DE QUALIT\u00c9 MARCHANDE, D&#039;ADAPTATION \u00c0 UN USAGE PARTICULIER ET DE NON-VIOLATION.<\/p>\n<p>6. Limitation de responsabilit\u00e9<br \/>\nDANS LA MESURE AUTORIS\u00c9E PAR LA LOI, NOUS NE SERONS PAS RESPONSABLES ENVERS VOUS DE TOUT DOMMAGE DIRECT, INDIRECT, ACCESSOIRE, SP\u00c9CIAL, CONS\u00c9CUTIF OU PUNITIF, QU&#039;ILS D\u00c9COULENT D&#039;UN D\u00c9LIT, D&#039;UN CONTRAT OU AUTRE, D\u00c9COULANT DE OU EN RELATION AVEC VOTRE ACC\u00c8S \u00c0 OU UTILISATION DU SITE WEB.<\/p>\n<p>7. Indemnisation<br \/>\nVous acceptez de nous indemniser et de nous d\u00e9gager de toute responsabilit\u00e9 en cas de r\u00e9clamations, pertes, dommages, responsabilit\u00e9s, co\u00fbts et d\u00e9penses, y compris les honoraires d&#039;avocat raisonnables, d\u00e9coulant de ou en relation avec votre utilisation du site Web ou votre violation des pr\u00e9sentes. Termes et conditions.<\/p>\n<p>8. Loi applicable<br \/>\nLes pr\u00e9sentes conditions g\u00e9n\u00e9rales seront r\u00e9gies et interpr\u00e9t\u00e9es conform\u00e9ment aux lois du Commonwealth de Pennsylvanie, sans \u00e9gard \u00e0 ses principes de conflit de lois.<\/p>\n<p>9. Divisibilit\u00e9<br \/>\nSi une disposition des pr\u00e9sentes Conditions g\u00e9n\u00e9rales est jug\u00e9e invalide ou inapplicable, cette disposition sera supprim\u00e9e des pr\u00e9sentes Conditions g\u00e9n\u00e9rales et les dispositions restantes resteront pleinement en vigueur.<\/p>\n<p>10. Coordonn\u00e9es<br \/>\nSi vous avez des questions concernant ces termes et conditions, veuillez nous contacter \u00e0 info@liberty-stone.net.<\/p>\n<p>11. Int\u00e9gralit\u00e9 de l&#039;accord<br \/>\nLes pr\u00e9sentes conditions g\u00e9n\u00e9rales constituent l&#039;int\u00e9gralit\u00e9 de l&#039;accord entre vous et nous concernant votre acc\u00e8s et votre utilisation du site Web, et remplacent toutes les communications et propositions ant\u00e9rieures ou contemporaines, qu&#039;elles soient orales ou \u00e9crites.<\/p>\n<p>12. Modifications des conditions g\u00e9n\u00e9rales<br \/>\nNous nous r\u00e9servons le droit de modifier ces termes et conditions \u00e0 tout moment. Votre utilisation continue du site Web apr\u00e8s la publication de toute modification apport\u00e9e aux pr\u00e9sentes conditions g\u00e9n\u00e9rales constitue votre acceptation de ces modifications.<\/p>\n<\/div>","protected":false},"excerpt":{"rendered":"","protected":false},"author":6,"featured_media":0,"parent":0,"menu_order":0,"comment_status":"closed","ping_status":"closed","template":"","meta":{"_acf_changed":false,"inline_featured_image":false,"footnotes":""},"class_list":["post-2498","page","type-page","status-publish","hentry"],"acf":[],"aioseo_notices":[],"_links":{"self":[{"href":"https:\/\/liberty-stone.net\/fr\/wp-json\/wp\/v2\/pages\/2498","targetHints":{"allow":["GET"]}}],"collection":[{"href":"https:\/\/liberty-stone.net\/fr\/wp-json\/wp\/v2\/pages"}],"about":[{"href":"https:\/\/liberty-stone.net\/fr\/wp-json\/wp\/v2\/types\/page"}],"author":[{"embeddable":true,"href":"https:\/\/liberty-stone.net\/fr\/wp-json\/wp\/v2\/users\/6"}],"replies":[{"embeddable":true,"href":"https:\/\/liberty-stone.net\/fr\/wp-json\/wp\/v2\/comments?post=2498"}],"version-history":[{"count":5,"href":"https:\/\/liberty-stone.net\/fr\/wp-json\/wp\/v2\/pages\/2498\/revisions"}],"predecessor-version":[{"id":2568,"href":"https:\/\/liberty-stone.net\/fr\/wp-json\/wp\/v2\/pages\/2498\/revisions\/2568"}],"wp:attachment":[{"href":"https:\/\/liberty-stone.net\/fr\/wp-json\/wp\/v2\/media?parent=2498"}],"curies":[{"name":"wp","href":"https:\/\/api.w.org\/{rel}","templated":true}]}}