{"id":1139,"date":"2023-12-14T13:38:30","date_gmt":"2023-12-14T13:38:30","guid":{"rendered":"https:\/\/liberty-stone.net\/?page_id=1139"},"modified":"2026-01-08T18:53:15","modified_gmt":"2026-01-08T18:53:15","slug":"walkways","status":"publish","type":"page","link":"https:\/\/liberty-stone.net\/fr\/walkways\/","title":{"rendered":"Passerelles"},"content":{"rendered":"<div id=\"block_6c373df0d756e1aab9ffb2dbd0c31cb4\" class=\"background container--vertical background-color--gray full-width\">\r\n\t\t<!-- Image Error ($image is empty) -->\t\t<div class=\"background__inner-container\">\r\n\t\t\t\n\r\n<div id=\"block_c3e71a40e70615b2a09591bfedfec48c\" class=\"wysiwyg page-width\"><h3>Une all\u00e9e impeccable avec les pav\u00e9s LibertyStone\u00a0: beaut\u00e9, sophistication et fonctionnalit\u00e9 en harmonie<\/h3>\n<p>Imaginez une passerelle qui transcende la simple fonctionnalit\u00e9 : c&#039;est un voyage captivant qui allie harmonieusement \u00e9l\u00e9gance, fonctionnalit\u00e9 et accessibilit\u00e9. Avec les pav\u00e9s LibertyStone, votre all\u00e9e invite votre famille et vos amis chez vous.<\/p>\n<\/div>\n\r\n\t\t<\/div>\r\n\t<\/div>\r\n\r\n\n\n\r\n\r\n\t<div id=\"block_2118486b2d4bc525910cfd7133ad25ab\" class=\"background container--vertical background-color--none page-width\">\r\n\t\t<!-- Image Error ($image is empty) -->\t\t<div class=\"background__inner-container\">\r\n\t\t\t\n\r\n\r\n\t<div id=\"block_2ceb4fc1bc30314360f368fe247d07d3\" class=\"row row--default container--horizontal row-break--4 background-color--none page-width vertical-align--top\">\r\n\t\t<!-- Image Error ($image is empty) -->\t\t<div class=\"row__inner-container\">\r\n\t\t\t\n\n\t<div id=\"block_a5415c6f1f53b09d5d0edcf80fd6a312\" class=\"card card--icon align-left page-width\">\n\n\t\t\n\n\t<div class=\"card__inner-container\">\n\t\t\t\t\t<h3 class=\"card__title\">L&#039;\u00e9l\u00e9gance lib\u00e9r\u00e9e<\/h3>\n\t\t\t\t\t\t\t<div class=\"card__text\"><p>Lorsque vous avancez sur votre passerelle, un monde d&#039;\u00e9l\u00e9gance se d\u00e9voile sous vous. La surface lisse ou textur\u00e9e des pav\u00e9s LibertyStone accueille chacun de vos pas avec sophistication, transformant chaque promenade en une exp\u00e9rience m\u00e9morable.<\/p>\n<\/div>\n\t\t\n\t\t\t<\/div>\n\n\t<\/div>\n\n\n\n\t<div id=\"block_a4d501e0eb230804062037846776ba5e\" class=\"card card--icon align-left page-width\">\n\n\t\t\n\n\t<div class=\"card__inner-container\">\n\t\t\t\t\t<h3 class=\"card__title\">Esth\u00e9tique intemporelle<\/h3>\n\t\t\t\t\t\t\t<div class=\"card__text\"><p>La palette de couleurs de nos pav\u00e9s int\u00e8gre des teintes naturelles qui compl\u00e8tent votre environnement, rehaussant l\u2019attrait g\u00e9n\u00e9ral de votre paysage. Des gris froids aux neutres chauds, nos m\u00e9langes et motifs captent le regard et cr\u00e9ent une toile pour des am\u00e9nagements paysagers r\u00e9fl\u00e9chis.<\/p>\n<\/div>\n\t\t\n\t\t\t<\/div>\n\n\t<\/div>\n\n\r\n\t\t<\/div>\r\n\t\t\t\t\t<\/div>\r\n\r\n\n\n\n<div style=\"height:40px\" aria-hidden=\"true\" class=\"wp-block-spacer\"><\/div>\n\n\n\r\n\r\n\t<div id=\"block_2ceb4fc1bc30314360f368fe247d07d3\" class=\"row row--default container--horizontal row-break--4 background-color--none page-width vertical-align--top\">\r\n\t\t<!-- Image Error ($image is empty) -->\t\t<div class=\"row__inner-container\">\r\n\t\t\t\n\n\t<div id=\"block_0cfdacb590c2ac3d00512dba934e975b\" class=\"card card--icon align-left page-width\">\n\n\t\t\n\n\t<div class=\"card__inner-container\">\n\t\t\t\t\t<h3 class=\"card__title\">Personnalisation sans fin<\/h3>\n\t\t\t\t\t\t\t<div class=\"card__text\"><p>La vaste gamme de styles et de tailles de pav\u00e9s LibertyStone vous permet de concevoir une passerelle qui guide sans effort les voyageurs vers les zones importantes de votre maison et de votre propri\u00e9t\u00e9. Que vous pr\u00e9f\u00e9riez les motifs classiques ou les agencements contemporains, les possibilit\u00e9s de personnalisation sont illimit\u00e9es.<\/p>\n<p>&nbsp;<\/p>\n<\/div>\n\t\t\n\t\t\t<\/div>\n\n\t<\/div>\n\n\n\n\t<div id=\"block_72e645afd066920fda95ffb4096f6243\" class=\"card card--icon align-left page-width\">\n\n\t\t\n\n\t<div class=\"card__inner-container\">\n\t\t\t\t\t<h3 class=\"card__title\">Une durabilit\u00e9 qui perdure<\/h3>\n\t\t\t\t\t\t\t<div class=\"card__text\"><p>Votre passerelle LibertyStone est con\u00e7ue pour r\u00e9sister \u00e0 l\u2019\u00e9preuve du temps. Il est construit pour r\u00e9sister aux \u00e9l\u00e9ments et au rythme constant des pas, garantissant ainsi que sa beaut\u00e9 reste intacte ann\u00e9e apr\u00e8s ann\u00e9e.<\/p>\n<\/div>\n\t\t\n\t\t\t<\/div>\n\n\t<\/div>\n\n\r\n\t\t<\/div>\r\n\t\t\t\t\t<\/div>\r\n\r\n\n\n\n<div style=\"height:40px\" aria-hidden=\"true\" class=\"wp-block-spacer\"><\/div>\n\n\n\r\n\r\n\t<div id=\"block_2ceb4fc1bc30314360f368fe247d07d3\" class=\"row row--default container--horizontal row-break--4 background-color--none page-width vertical-align--top\">\r\n\t\t<!-- Image Error ($image is empty) -->\t\t<div class=\"row__inner-container\">\r\n\t\t\t\n\n\t<div id=\"block_bf46acfa44fa3737b1256c7fab82bab0\" class=\"card card--icon align-left page-width\">\n\n\t\t\n\n\t<div class=\"card__inner-container\">\n\t\t\t\t\t<h3 class=\"card__title\">Int\u00e9gration transparente<\/h3>\n\t\t\t\t\t\t\t<div class=\"card__text\"><p>Nos pav\u00e9s s&#039;int\u00e8grent \u00e0 leur environnement, cr\u00e9ant un sentiment de coh\u00e9sion et d&#039;\u00e9quilibre. Nos passerelles relient l\u2019am\u00e9nagement paysager et l\u2019architecture de votre maison.<\/p>\n<\/div>\n\t\t\n\t\t\t<\/div>\n\n\t<\/div>\n\n\n\n\t<div id=\"block_fa3a0dea48e7dd0e38ad3e4cedf55a6d\" class=\"card card--icon align-left page-width\">\n\n\t\t\n\n\t<div class=\"card__inner-container\">\n\t\t\t\t\t<h3 class=\"card__title\">\u00c9l\u00e9gance du soir<\/h3>\n\t\t\t\t\t\t\t<div class=\"card__text\"><p>Alors que le jour laisse place au soir, votre all\u00e9e prend une nouvelle dimension. Un \u00e9clairage ext\u00e9rieur judicieusement plac\u00e9 projette une douce lueur sur les pav\u00e9s, transformant chaque promenade en un voyage enchanteur. C&#039;est un accueil chaleureux et invitant, m\u00eame apr\u00e8s le coucher du soleil.<\/p>\n<\/div>\n\t\t\n\t\t\t<\/div>\n\n\t<\/div>\n\n\r\n\t\t<\/div>\r\n\t\t\t\t\t<\/div>\r\n\r\n\n\n\n<div style=\"height:40px\" aria-hidden=\"true\" class=\"wp-block-spacer\"><\/div>\n\n\n\r\n\r\n\t<div id=\"block_2ceb4fc1bc30314360f368fe247d07d3\" class=\"row row--default container--horizontal row-break--4 background-color--none page-width vertical-align--top\">\r\n\t\t<!-- Image Error ($image is empty) -->\t\t<div class=\"row__inner-container\">\r\n\t\t\t\n\n\t<div id=\"block_04fa20ea4c0dcad95e44a0d352950c19\" class=\"card card--icon align-left page-width\">\n\n\t\t\n\n\t<div class=\"card__inner-container\">\n\t\t\t\t\t<h3 class=\"card__title\">Impressions durables<\/h3>\n\t\t\t\t\t\t\t<div class=\"card__text\"><p>Votre all\u00e9e pav\u00e9e LibertyStone ne sert pas seulement \u00e0 atteindre une destination\u00a0; il s&#039;agit du voyage lui-m\u00eame. Il refl\u00e8te votre engagement envers la qualit\u00e9, l\u2019esth\u00e9tique et la recherche de la beaut\u00e9 dans chaque d\u00e9tail de votre paysage.<\/p>\n<\/div>\n\t\t\n\t\t\t<\/div>\n\n\t<\/div>\n\n\r\n\t\t<\/div>\r\n\t\t\t\t\t<\/div>\r\n\r\n\n\r\n\t\t<\/div>\r\n\t<\/div>\r\n\r\n\n\n\n\t<a id=\"block_d27bbd53778175a1264d54bb68a9139e\" class=\"card card--button align-left page-width\" href=\"https:\/\/liberty-stone.net\/fr\/where-to-buy\/\" target=\"_self\" aria-label=\"Lien vers\u00a0: Une promenade de l&#039;art\">\n\n\t\t\t<div class=\"card__image-container\">\n\t\t<div class=\"i72-image cover\" role=\"img\" title=\"Emerson XL Saule\" aria-label=\"Une passerelle sinueuse construite avec des pav\u00e9s Emerson XL Willow dans la cour avant d&#039;une maison\" data-srcset=\"https:\/\/liberty-stone.net\/wp-content\/uploads\/2024\/02\/Emerson-XL-Willow-3-1.jpg 3000w 3000h,https:\/\/liberty-stone.net\/wp-content\/uploads\/2024\/02\/Emerson-XL-Willow-3-1-300x290.jpg 300w 290h,https:\/\/liberty-stone.net\/wp-content\/uploads\/2024\/02\/Emerson-XL-Willow-3-1-768x743.jpg 768w 743h,https:\/\/liberty-stone.net\/wp-content\/uploads\/2024\/02\/Emerson-XL-Willow-3-1-1024x990.jpg 1024w 990h,https:\/\/liberty-stone.net\/wp-content\/uploads\/2024\/02\/Emerson-XL-Willow-3-1-1536x1486.jpg 1536w 1486h,https:\/\/liberty-stone.net\/wp-content\/uploads\/2024\/02\/Emerson-XL-Willow-3-1.jpg 1920w 1857h,https:\/\/liberty-stone.net\/wp-content\/uploads\/2024\/02\/Emerson-XL-Willow-3-1-12x12.jpg 12w 12h,https:\/\/liberty-stone.net\/wp-content\/uploads\/2024\/02\/Emerson-XL-Willow-3-1-150x145.jpg 150w 145h,https:\/\/liberty-stone.net\/wp-content\/uploads\/2024\/02\/Emerson-XL-Willow-3-1-1280x1238.jpg 1280w 1238h,https:\/\/liberty-stone.net\/wp-content\/uploads\/2024\/02\/Emerson-XL-Willow-3-1.jpg 1920w 1857h\" data-original-width=\"1920\" data-original-height=\"1857\"><\/div>\t\t\t<p class=\"i72-image__description\">Emerson XL Saule<\/p>\n\t\t\t\t<\/div>\n\t\t\n\n\t<div class=\"card__inner-container\">\n\t\t\t\t\t<h3 class=\"card__title\">Une promenade artistique<\/h3>\n\t\t\t\t\t\t\t<div class=\"card__text\"><p>Avec les pav\u00e9s LibertyStone, votre all\u00e9e devient une d\u00e9claration d&#039;\u00e9l\u00e9gance : une invitation \u00e0 explorer la beaut\u00e9 qui vous entoure. C&#039;est un \u00e9quilibre entre sophistication et fonctionnalit\u00e9, accueillant les autres dans votre maison ou votre lieu de travail. Embrassez le luxe de LibertyStone et red\u00e9finissez votre all\u00e9e comme une \u0153uvre d&#039;art.<\/p>\n<\/div>\n\t\t\n\t\t\t\t\t<span class=\"card__button button button-color--black\" aria-label=\"Lien vers\u00a0: En savoir plus\">Trouvez nos produits pr\u00e8s de chez vous<\/span>\n\t\t\t<\/div>\n\n\t<\/a>\n\n\n\r\n\r\n\t<div id=\"block_8723549d558b85cb0890f7cad0360a6a\" class=\"row row--default container--horizontal row-break--3 background-color--none page-width vertical-align--top\">\r\n\t\t<!-- Image Error ($image is empty) -->\t\t<div class=\"row__inner-container\">\r\n\t\t\t\n\n\t<a id=\"block_d9844ce506c50dc3ef84cf416c5d7d9e\" class=\"card card--button align-left page-width\" href=\"https:\/\/liberty-stone.net\/fr\/products\/emerson-pro\/\" target=\"_self\" aria-label=\"Lien vers\u00a0: Emerson Pro\">\n\n\t\t\t<div class=\"card__image-container\">\n\t\t<div class=\"i72-image cover\" role=\"img\" title=\"Photos de produits de pav\u00e9s et de murs LibertyStone (43)\" aria-label=\"Pav\u00e9s Emerson Pro Willow utilis\u00e9s dans une all\u00e9e pr\u00e8s d&#039;une vaste \u00e9curie\" data-srcset=\"https:\/\/liberty-stone.net\/wp-content\/uploads\/2024\/02\/LibertyStone-Paver-and-Wall-Product-Photos-43.png 3000w 3000h,https:\/\/liberty-stone.net\/wp-content\/uploads\/2024\/02\/LibertyStone-Paver-and-Wall-Product-Photos-43-300x169.png 300w 169h,https:\/\/liberty-stone.net\/wp-content\/uploads\/2024\/02\/LibertyStone-Paver-and-Wall-Product-Photos-43-768x432.png 768w 432h,https:\/\/liberty-stone.net\/wp-content\/uploads\/2024\/02\/LibertyStone-Paver-and-Wall-Product-Photos-43-1024x576.png 1024w 576h,https:\/\/liberty-stone.net\/wp-content\/uploads\/2024\/02\/LibertyStone-Paver-and-Wall-Product-Photos-43-1536x864.png 1536w 864h,https:\/\/liberty-stone.net\/wp-content\/uploads\/2024\/02\/LibertyStone-Paver-and-Wall-Product-Photos-43.png 1920w 1080h,https:\/\/liberty-stone.net\/wp-content\/uploads\/2024\/02\/LibertyStone-Paver-and-Wall-Product-Photos-43-18x10.png 18w 10h,https:\/\/liberty-stone.net\/wp-content\/uploads\/2024\/02\/LibertyStone-Paver-and-Wall-Product-Photos-43-150x84.png 150w 84h,https:\/\/liberty-stone.net\/wp-content\/uploads\/2024\/02\/LibertyStone-Paver-and-Wall-Product-Photos-43-1280x720.png 1280w 720h,https:\/\/liberty-stone.net\/wp-content\/uploads\/2024\/02\/LibertyStone-Paver-and-Wall-Product-Photos-43.png 1920w 1080h\" data-original-width=\"1920\" data-original-height=\"1080\"><\/div>\t\t\t<p class=\"i72-image__description\">Saule Emerson Pro<\/p>\n\t\t\t\t<\/div>\n\t\t\n\n\t<div class=\"card__inner-container\">\n\t\t\t\t\t<h3 class=\"card__title\">EmersonPro<\/h3>\n\t\t\t\t\n\t\t\t\t\t<span class=\"card__button button button-color--black\" aria-label=\"Lien vers\u00a0: En savoir plus\">Voir le produit<\/span>\n\t\t\t<\/div>\n\n\t<\/a>\n\n\n\n\t<a id=\"block_a75f88d36a54a27954d4c60b795cdf87\" class=\"card card--button align-left page-width\" href=\"https:\/\/liberty-stone.net\/fr\/products\/emerson-pro-smooth\/\" target=\"_blank\" aria-label=\"Lien vers\u00a0: Emerson Pro Smooth\">\n\n\t\t\t<div class=\"card__image-container\">\n\t\t<div class=\"i72-image cover\" role=\"img\" title=\"20240702_181719\" aria-label=\"Emerson Pro Lisse\" data-srcset=\"https:\/\/liberty-stone.net\/wp-content\/uploads\/2026\/01\/20240702_181719-scaled.jpg 3000w 3000h,https:\/\/liberty-stone.net\/wp-content\/uploads\/2026\/01\/20240702_181719-300x140.jpg 300w 140h,https:\/\/liberty-stone.net\/wp-content\/uploads\/2026\/01\/20240702_181719-768x359.jpg 768w 359h,https:\/\/liberty-stone.net\/wp-content\/uploads\/2026\/01\/20240702_181719-1024x478.jpg 1024w 478h,https:\/\/liberty-stone.net\/wp-content\/uploads\/2026\/01\/20240702_181719-1536x717.jpg 1536w 717h,https:\/\/liberty-stone.net\/wp-content\/uploads\/2026\/01\/20240702_181719-2048x956.jpg 2048w 956h,https:\/\/liberty-stone.net\/wp-content\/uploads\/2026\/01\/20240702_181719-18x8.jpg 18w 8h,https:\/\/liberty-stone.net\/wp-content\/uploads\/2026\/01\/20240702_181719-150x70.jpg 150w 70h,https:\/\/liberty-stone.net\/wp-content\/uploads\/2026\/01\/20240702_181719-1280x598.jpg 1280w 598h,https:\/\/liberty-stone.net\/wp-content\/uploads\/2026\/01\/20240702_181719-2560x1196.jpg 2560w 1196h\" data-original-width=\"2560\" data-original-height=\"1196\"><\/div>\t\t<\/div>\n\t\t\n\n\t<div class=\"card__inner-container\">\n\t\t\t\t\t<h3 class=\"card__title\">Emerson Pro Lisse<\/h3>\n\t\t\t\t\n\t\t\t\t\t<span class=\"card__button button button-color--black\" aria-label=\"Lien vers\u00a0: En savoir plus\">Voir le produit<\/span>\n\t\t\t<\/div>\n\n\t<\/a>\n\n\n\n\t<a id=\"block_cc19401a3cd14df3abab7b984706c7b3\" class=\"card card--button align-left page-width\" href=\"https:\/\/liberty-stone.net\/fr\/products\/braxton\/\" target=\"_self\" aria-label=\"Lien vers : 6x9 Braxton\">\n\n\t\t\t<div class=\"card__image-container\">\n\t\t<div class=\"i72-image cover\" role=\"img\" title=\"Braxton-West-Mountain-Northern-NJ-Page-87-Mis \u00e0 jour-min\" aria-label=\"Belle all\u00e9e\" data-srcset=\"https:\/\/liberty-stone.net\/wp-content\/uploads\/2026\/01\/Braxton-West-Mountain-Northern-NJ-Page-87-Updated-min.jpg 3000w 3000h,https:\/\/liberty-stone.net\/wp-content\/uploads\/2026\/01\/Braxton-West-Mountain-Northern-NJ-Page-87-Updated-min-300x225.jpg 300w 225h,https:\/\/liberty-stone.net\/wp-content\/uploads\/2026\/01\/Braxton-West-Mountain-Northern-NJ-Page-87-Updated-min-768x576.jpg 768w 576h,https:\/\/liberty-stone.net\/wp-content\/uploads\/2026\/01\/Braxton-West-Mountain-Northern-NJ-Page-87-Updated-min-1024x768.jpg 1024w 768h,https:\/\/liberty-stone.net\/wp-content\/uploads\/2026\/01\/Braxton-West-Mountain-Northern-NJ-Page-87-Updated-min-1536x1152.jpg 1536w 1152h,https:\/\/liberty-stone.net\/wp-content\/uploads\/2026\/01\/Braxton-West-Mountain-Northern-NJ-Page-87-Updated-min-2048x1536.jpg 2048w 1536h,https:\/\/liberty-stone.net\/wp-content\/uploads\/2026\/01\/Braxton-West-Mountain-Northern-NJ-Page-87-Updated-min-16x12.jpg 16w 12h,https:\/\/liberty-stone.net\/wp-content\/uploads\/2026\/01\/Braxton-West-Mountain-Northern-NJ-Page-87-Updated-min-150x113.jpg 150w 113h,https:\/\/liberty-stone.net\/wp-content\/uploads\/2026\/01\/Braxton-West-Mountain-Northern-NJ-Page-87-Updated-min-1280x960.jpg 1280w 960h,https:\/\/liberty-stone.net\/wp-content\/uploads\/2026\/01\/Braxton-West-Mountain-Northern-NJ-Page-87-Updated-min.jpg 2400w 1800h\" data-original-width=\"2400\" data-original-height=\"1800\"><\/div>\t\t<\/div>\n\t\t\n\n\t<div class=\"card__inner-container\">\n\t\t\t\t\t<h3 class=\"card__title\">6\u00d79 Braxton<\/h3>\n\t\t\t\t\n\t\t\t\t\t<span class=\"card__button button button-color--black\" aria-label=\"Lien vers\u00a0: En savoir plus\">Voir le produit<\/span>\n\t\t\t<\/div>\n\n\t<\/a>\n\n\r\n\t\t<\/div>\r\n\t\t\t\t\t<\/div>","protected":false},"excerpt":{"rendered":"","protected":false},"author":6,"featured_media":0,"parent":0,"menu_order":0,"comment_status":"closed","ping_status":"closed","template":"","meta":{"_acf_changed":false,"inline_featured_image":false,"footnotes":""},"class_list":["post-1139","page","type-page","status-publish","hentry"],"acf":[],"aioseo_notices":[],"_links":{"self":[{"href":"https:\/\/liberty-stone.net\/fr\/wp-json\/wp\/v2\/pages\/1139","targetHints":{"allow":["GET"]}}],"collection":[{"href":"https:\/\/liberty-stone.net\/fr\/wp-json\/wp\/v2\/pages"}],"about":[{"href":"https:\/\/liberty-stone.net\/fr\/wp-json\/wp\/v2\/types\/page"}],"author":[{"embeddable":true,"href":"https:\/\/liberty-stone.net\/fr\/wp-json\/wp\/v2\/users\/6"}],"replies":[{"embeddable":true,"href":"https:\/\/liberty-stone.net\/fr\/wp-json\/wp\/v2\/comments?post=1139"}],"version-history":[{"count":22,"href":"https:\/\/liberty-stone.net\/fr\/wp-json\/wp\/v2\/pages\/1139\/revisions"}],"predecessor-version":[{"id":3746,"href":"https:\/\/liberty-stone.net\/fr\/wp-json\/wp\/v2\/pages\/1139\/revisions\/3746"}],"wp:attachment":[{"href":"https:\/\/liberty-stone.net\/fr\/wp-json\/wp\/v2\/media?parent=1139"}],"curies":[{"name":"wp","href":"https:\/\/api.w.org\/{rel}","templated":true}]}}