{"id":1135,"date":"2023-12-14T13:38:11","date_gmt":"2023-12-14T13:38:11","guid":{"rendered":"https:\/\/liberty-stone.net\/?page_id=1135"},"modified":"2024-06-26T13:49:16","modified_gmt":"2024-06-26T13:49:16","slug":"steps-stairs","status":"publish","type":"page","link":"https:\/\/liberty-stone.net\/fr\/steps-stairs\/","title":{"rendered":"Marches et escaliers"},"content":{"rendered":"<div id=\"block_9839baa3f4aab5b2a11bbb8f67ccf9f6\" class=\"background container--vertical background-color--gray full-width\">\r\n\t\t<!-- Image Error ($image is empty) -->\t\t<div class=\"background__inner-container\">\r\n\t\t\t\n\r\n<div id=\"block_5a980783263baa446a8e34b27a63c41f\" class=\"wysiwyg page-width\"><h3>Lib\u00e9rer des possibilit\u00e9s avec les marches et les escaliers LibertyStone<\/h3>\n<p>Imaginez un monde de possibilit\u00e9s ext\u00e9rieures infinies o\u00f9 les marches et les escaliers LibertyStone deviennent les pi\u00e8ces ma\u00eetresses \u00e9l\u00e9gantes et fonctionnelles de votre am\u00e9nagement paysager. Avec LibertyStone, le pouvoir de transformer votre espace ext\u00e9rieur en un havre captivant et accessible est \u00e0 votre port\u00e9e.<\/p>\n<\/div>\n\r\n\t\t<\/div>\r\n\t<\/div>\r\n\r\n\n\n\r\n\r\n\t<div id=\"block_0e52e198362606da367ab434f2956c90\" class=\"background container--vertical background-color--none page-width\">\r\n\t\t<!-- Image Error ($image is empty) -->\t\t<div class=\"background__inner-container\">\r\n\t\t\t\n\r\n\r\n\t<div id=\"block_87cdb0d48237f156efea454d1970b289\" class=\"row row--default container--horizontal row-break--4 background-color--none page-width vertical-align--top\">\r\n\t\t<!-- Image Error ($image is empty) -->\t\t<div class=\"row__inner-container\">\r\n\t\t\t\n\n\t<div id=\"block_7a5bb55542ee526f5c978a62404e6e0d\" class=\"card card--icon align-left page-width\">\n\n\t\t\n\n\t<div class=\"card__inner-container\">\n\t\t\t\t\t<h3 class=\"card__title\">Grandes entr\u00e9es<\/h3>\n\t\t\t\t\t\t\t<div class=\"card__text\"><p>Imaginez une grande entr\u00e9e dans votre maison, o\u00f9 un majestueux escalier en pierre m\u00e8ne gracieusement les visiteurs du trottoir \u00e0 votre porte d&#039;entr\u00e9e. Chaque marche, con\u00e7ue avec la pr\u00e9cision LibertyStone, est une d\u00e9claration d&#039;\u00e9l\u00e9gance intemporelle, laissant une impression durable \u00e0 tous ceux qui s&#039;en approchent.<\/p>\n<\/div>\n\t\t\n\t\t\t<\/div>\n\n\t<\/div>\n\n\n\n\t<div id=\"block_851c4231d9f8644b9e509c3c45a713d8\" class=\"card card--icon align-left page-width\">\n\n\t\t\n\n\t<div class=\"card__inner-container\">\n\t\t\t\t\t<h3 class=\"card__title\">Beaut\u00e9 en terrasse<\/h3>\n\t\t\t\t\t\t\t<div class=\"card__text\"><p>Imaginez des jardins en terrasses qui descendent en cascade sur une pente douce, chaque niveau \u00e9tant reli\u00e9 par des marches LibertyStone qui servent \u00e0 la fois de chemin et d&#039;\u0153uvre d&#039;art. Ces marches magnifiquement con\u00e7ues vous permettent de cr\u00e9er de superbes jardins \u00e0 plusieurs niveaux.<\/p>\n<\/div>\n\t\t\n\t\t\t<\/div>\n\n\t<\/div>\n\n\r\n\t\t<\/div>\r\n\t\t\t\t\t<\/div>\r\n\r\n\n\n\n<div style=\"height:40px\" aria-hidden=\"true\" class=\"wp-block-spacer\"><\/div>\n\n\n\r\n\r\n\t<div id=\"block_87cdb0d48237f156efea454d1970b289\" class=\"row row--default container--horizontal row-break--4 background-color--none page-width vertical-align--top\">\r\n\t\t<!-- Image Error ($image is empty) -->\t\t<div class=\"row__inner-container\">\r\n\t\t\t\n\n\t<div id=\"block_29276ccbfbe35866f037ffd8e641cdf4\" class=\"card card--icon align-left page-width\">\n\n\t\t\n\n\t<div class=\"card__inner-container\">\n\t\t\t\t\t<h3 class=\"card__title\">Opulence au bord de la piscine<\/h3>\n\t\t\t\t\t\t\t<div class=\"card__text\"><p>Visualisez une retraite luxueuse au bord de la piscine o\u00f9 les marches LibertyStone vous guident depuis votre terrasse jusqu&#039;aux eaux fra\u00eeches en contrebas. Ces marches permettent non seulement d&#039;acc\u00e9der mais rehaussent \u00e9galement l&#039;esth\u00e9tique de votre piscine, ce qui en fait une v\u00e9ritable oasis de d\u00e9tente.<\/p>\n<\/div>\n\t\t\n\t\t\t<\/div>\n\n\t<\/div>\n\n\n\n\t<div id=\"block_f0af46ab23d463a281371292a7f43026\" class=\"card card--icon align-left page-width\">\n\n\t\t\n\n\t<div class=\"card__inner-container\">\n\t\t\t\t\t<h3 class=\"card__title\">Excellence fonctionnelle<\/h3>\n\t\t\t\t\t\t\t<div class=\"card__text\"><p>Les marches et escaliers LibertyStone ne sont pas seulement une question de beaut\u00e9 ; ils concernent aussi la fonctionnalit\u00e9. Que vous souhaitiez relier diff\u00e9rents niveaux de votre espace ext\u00e9rieur, cr\u00e9er un chemin \u00e0 travers votre jardin ou garantir un acc\u00e8s s\u00e9curis\u00e9 aux zones sur\u00e9lev\u00e9es, les pav\u00e9s et murs de sout\u00e8nement LibertyStone rendent tout cela possible.<\/p>\n<\/div>\n\t\t\n\t\t\t<\/div>\n\n\t<\/div>\n\n\r\n\t\t<\/div>\r\n\t\t\t\t\t<\/div>\r\n\r\n\n\n\n<div style=\"height:40px\" aria-hidden=\"true\" class=\"wp-block-spacer\"><\/div>\n\n\n\r\n\r\n\t<div id=\"block_87cdb0d48237f156efea454d1970b289\" class=\"row row--default container--horizontal row-break--4 background-color--none page-width vertical-align--top\">\r\n\t\t<!-- Image Error ($image is empty) -->\t\t<div class=\"row__inner-container\">\r\n\t\t\t\n\n\t<div id=\"block_72cb99a08d48f066fe8ad96eefd11f9f\" class=\"card card--icon align-left page-width\">\n\n\t\t\n\n\t<div class=\"card__inner-container\">\n\t\t\t\t\t<h3 class=\"card__title\">Conception polyvalente<\/h3>\n\t\t\t\t\t\t\t<div class=\"card__text\"><p>Avec une gamme vari\u00e9e de styles, de textures et de couleurs, les marches et escaliers LibertyStone vous offrent la libert\u00e9 cr\u00e9ative de concevoir des espaces ext\u00e9rieurs qui refl\u00e8tent votre vision unique.<\/p>\n<\/div>\n\t\t\n\t\t\t<\/div>\n\n\t<\/div>\n\n\n\n\t<div id=\"block_2fd50d1f6b5a4837fdba2d0a3849a037\" class=\"card card--icon align-left page-width\">\n\n\t\t\n\n\t<div class=\"card__inner-container\">\n\t\t\t\t\t<h3 class=\"card__title\">Durabilit\u00e9 durable<\/h3>\n\t\t\t\t\t\t\t<div class=\"card__text\"><p>L&#039;engagement de LibertyStone envers la durabilit\u00e9 signifie que vos marches et escaliers resteront magnifiques pendant des ann\u00e9es. Con\u00e7us pour r\u00e9sister aux \u00e9l\u00e9ments et \u00e0 une utilisation quotidienne, ils ne sont pas seulement fonctionnels ; ils sont un investissement dans une beaut\u00e9 durable.<\/p>\n<\/div>\n\t\t\n\t\t\t<\/div>\n\n\t<\/div>\n\n\r\n\t\t<\/div>\r\n\t\t\t\t\t<\/div>\r\n\r\n\n\n\n<div style=\"height:40px\" aria-hidden=\"true\" class=\"wp-block-spacer\"><\/div>\n\n\n\r\n\r\n\t<div id=\"block_87cdb0d48237f156efea454d1970b289\" class=\"row row--default container--horizontal row-break--4 background-color--none page-width vertical-align--top\">\r\n\t\t<!-- Image Error ($image is empty) -->\t\t<div class=\"row__inner-container\">\r\n\t\t\t\n\n\t<div id=\"block_fa2503cfc16f57407d07a05d557ac0c0\" class=\"card card--icon align-left page-width\">\n\n\t\t\n\n\t<div class=\"card__inner-container\">\n\t\t\t\t\t<h3 class=\"card__title\">Int\u00e9gration transparente<\/h3>\n\t\t\t\t\t\t\t<div class=\"card__text\"><p>Les marches s&#039;int\u00e8grent aux autres solutions d&#039;am\u00e9nagement paysager de LibertyStone, telles que les pav\u00e9s et les murs de sout\u00e8nement, vous permettant de cr\u00e9er des espaces ext\u00e9rieurs coh\u00e9rents, \u00e0 la fois visuellement frappants et hautement fonctionnels.<\/p>\n<\/div>\n\t\t\n\t\t\t<\/div>\n\n\t<\/div>\n\n\r\n\t\t<\/div>\r\n\t\t\t\t\t<\/div>\r\n\r\n\n\r\n\t\t<\/div>\r\n\t<\/div>\r\n\r\n\n\n\n\t<a id=\"block_a61d55dabf2605ca6fa308bfd46e6660\" class=\"card card--button align-left page-width\" href=\"https:\/\/liberty-stone.net\/fr\/where-to-buy\/\" target=\"_self\" aria-label=\"Lien vers\u00a0: Am\u00e9liorez la conception de votre jardin\">\n\n\t\t\t<div class=\"card__image-container\">\n\t\t<div class=\"i72-image cover\" role=\"img\" title=\"Saule Fortus\" aria-label=\"Saule Fortus\" data-srcset=\"https:\/\/liberty-stone.net\/wp-content\/uploads\/2024\/06\/22-web-or-mls-IMG-22.jpg 3000w 3000h,https:\/\/liberty-stone.net\/wp-content\/uploads\/2024\/06\/22-web-or-mls-IMG-22-300x200.jpg 300w 200h,https:\/\/liberty-stone.net\/wp-content\/uploads\/2024\/06\/22-web-or-mls-IMG-22-768x512.jpg 768w 512h,https:\/\/liberty-stone.net\/wp-content\/uploads\/2024\/06\/22-web-or-mls-IMG-22-1024x683.jpg 1024w 683h,https:\/\/liberty-stone.net\/wp-content\/uploads\/2024\/06\/22-web-or-mls-IMG-22-1536x1025.jpg 1536w 1025h,https:\/\/liberty-stone.net\/wp-content\/uploads\/2024\/06\/22-web-or-mls-IMG-22.jpg 2048w 1366h,https:\/\/liberty-stone.net\/wp-content\/uploads\/2024\/06\/22-web-or-mls-IMG-22-18x12.jpg 18w 12h,https:\/\/liberty-stone.net\/wp-content\/uploads\/2024\/06\/22-web-or-mls-IMG-22-150x100.jpg 150w 100h,https:\/\/liberty-stone.net\/wp-content\/uploads\/2024\/06\/22-web-or-mls-IMG-22-1280x854.jpg 1280w 854h,https:\/\/liberty-stone.net\/wp-content\/uploads\/2024\/06\/22-web-or-mls-IMG-22.jpg 2048w 1366h\" data-original-width=\"2048\" data-original-height=\"1366\"><\/div>\t\t\t<p class=\"i72-image__description\">Saule Fortus<\/p>\n\t\t\t\t<\/div>\n\t\t\n\n\t<div class=\"card__inner-container\">\n\t\t\t\t\t<h3 class=\"card__title\">Am\u00e9liorez la conception de votre jardin<\/h3>\n\t\t\t\t\t\t\t<div class=\"card__text\"><p><span style=\"font-weight: 400;\">Avec les marches et escaliers LibertyStone, les possibilit\u00e9s sont illimit\u00e9es. D\u00e9couvrez tout le potentiel de votre espace ext\u00e9rieur et d\u00e9bloquez un monde de cr\u00e9ativit\u00e9, d\u2019accessibilit\u00e9 et de beaut\u00e9 durable avec LibertyStone.<\/span><\/p>\n<\/div>\n\t\t\n\t\t\t\t\t<span class=\"card__button button button-color--black\" aria-label=\"Lien vers\u00a0: En savoir plus\">Trouvez nos produits pr\u00e8s de chez vous<\/span>\n\t\t\t<\/div>\n\n\t<\/a>","protected":false},"excerpt":{"rendered":"","protected":false},"author":6,"featured_media":0,"parent":0,"menu_order":0,"comment_status":"closed","ping_status":"closed","template":"","meta":{"_acf_changed":false,"inline_featured_image":false,"footnotes":""},"class_list":["post-1135","page","type-page","status-publish","hentry"],"acf":[],"aioseo_notices":[],"_links":{"self":[{"href":"https:\/\/liberty-stone.net\/fr\/wp-json\/wp\/v2\/pages\/1135","targetHints":{"allow":["GET"]}}],"collection":[{"href":"https:\/\/liberty-stone.net\/fr\/wp-json\/wp\/v2\/pages"}],"about":[{"href":"https:\/\/liberty-stone.net\/fr\/wp-json\/wp\/v2\/types\/page"}],"author":[{"embeddable":true,"href":"https:\/\/liberty-stone.net\/fr\/wp-json\/wp\/v2\/users\/6"}],"replies":[{"embeddable":true,"href":"https:\/\/liberty-stone.net\/fr\/wp-json\/wp\/v2\/comments?post=1135"}],"version-history":[{"count":33,"href":"https:\/\/liberty-stone.net\/fr\/wp-json\/wp\/v2\/pages\/1135\/revisions"}],"predecessor-version":[{"id":3295,"href":"https:\/\/liberty-stone.net\/fr\/wp-json\/wp\/v2\/pages\/1135\/revisions\/3295"}],"wp:attachment":[{"href":"https:\/\/liberty-stone.net\/fr\/wp-json\/wp\/v2\/media?parent=1135"}],"curies":[{"name":"wp","href":"https:\/\/api.w.org\/{rel}","templated":true}]}}