{"id":1133,"date":"2023-12-14T13:37:40","date_gmt":"2023-12-14T13:37:40","guid":{"rendered":"https:\/\/liberty-stone.net\/?page_id=1133"},"modified":"2026-01-07T19:45:28","modified_gmt":"2026-01-07T19:45:28","slug":"pillars-columns","status":"publish","type":"page","link":"https:\/\/liberty-stone.net\/fr\/pillars-columns\/","title":{"rendered":"Piliers et colonnes"},"content":{"rendered":"<div id=\"block_672667011c28f840bd3d4fd467c77939\" class=\"background container--vertical background-color--gray full-width\">\r\n\t\t<!-- Image Error ($image is empty) -->\t\t<div class=\"background__inner-container\">\r\n\t\t\t\n\r\n<div id=\"block_aa20f5649a6b1d3f8e8f128072bd251c\" class=\"wysiwyg page-width\"><h3>Piliers et colonnes\u00a0: une transformation \u00e9tonnante<\/h3>\n<p>Imaginez un mur de sout\u00e8nement qui transcende la simple fonctionnalit\u00e9 et devient une \u0153uvre d&#039;art qui ajoute une touche de grandeur \u00e0 votre espace ext\u00e9rieur. Avec les piliers et colonnes LibertyStone, vous pouvez amener votre mur de sout\u00e8nement \u00e0 un tout nouveau niveau de sophistication.<\/p>\n<\/div>\n\r\n\t\t<\/div>\r\n\t<\/div>\r\n\r\n\n\n\r\n\r\n\t<div id=\"block_b4b06520cad8e5870fb21796b0176285\" class=\"background container--vertical background-color--none page-width\">\r\n\t\t<!-- Image Error ($image is empty) -->\t\t<div class=\"background__inner-container\">\r\n\t\t\t\n\r\n\r\n\t<div id=\"block_be93c2e5f35a135f94eca8a51e9ab4a0\" class=\"row row--default container--horizontal row-break--4 background-color--none page-width vertical-align--top\">\r\n\t\t<!-- Image Error ($image is empty) -->\t\t<div class=\"row__inner-container\">\r\n\t\t\t\n\n\t<div id=\"block_accc6f5b10723fc5f7e83c3b077c1d23\" class=\"card card--icon align-left page-width\">\n\n\t\t\n\n\t<div class=\"card__inner-container\">\n\t\t\t\t\t<h3 class=\"card__title\">Chefs-d&#039;\u0153uvre architecturaux<\/h3>\n\t\t\t\t\t\t\t<div class=\"card__text\"><p>Visualisez les imposants piliers et colonnes strat\u00e9giquement plac\u00e9s le long de votre mur de sout\u00e8nement, le transformant en un chef-d\u2019\u0153uvre architectural. Ces structures majestueuses d\u00e9gagent un charme intemporel qui capte l\u2019\u0153il et l\u2019imagination.<\/p>\n<\/div>\n\t\t\n\t\t\t<\/div>\n\n\t<\/div>\n\n\n\n\t<div id=\"block_9fca61af0c3639349de1d9ec8f95ec92\" class=\"card card--icon align-left page-width\">\n\n\t\t\n\n\t<div class=\"card__inner-container\">\n\t\t\t\t\t<h3 class=\"card__title\">Possibilit\u00e9s de conception infinies<\/h3>\n\t\t\t\t\t\t\t<div class=\"card__text\"><p>Avec les styles de piliers et de colonnes LibertyStone, vous avez la libert\u00e9 cr\u00e9ative de concevoir un mur de sout\u00e8nement qui vous ressemble. Que vous pr\u00e9f\u00e9riez un style classique ou un m\u00e9lange de couleurs orn\u00e9, ces \u00e9l\u00e9ments peuvent \u00eatre personnalis\u00e9s en fonction de vos pr\u00e9f\u00e9rences esth\u00e9tiques.<\/p>\n<\/div>\n\t\t\n\t\t\t<\/div>\n\n\t<\/div>\n\n\r\n\t\t<\/div>\r\n\t\t\t\t\t<\/div>\r\n\r\n\n\n\n<div style=\"height:40px\" aria-hidden=\"true\" class=\"wp-block-spacer\"><\/div>\n\n\n\r\n\r\n\t<div id=\"block_be93c2e5f35a135f94eca8a51e9ab4a0\" class=\"row row--default container--horizontal row-break--4 background-color--none page-width vertical-align--top\">\r\n\t\t<!-- Image Error ($image is empty) -->\t\t<div class=\"row__inner-container\">\r\n\t\t\t\n\n\t<div id=\"block_83790341054f943afcd38a131eda68f2\" class=\"card card--icon align-left page-width\">\n\n\t\t\n\n\t<div class=\"card__inner-container\">\n\t\t\t\t\t<h3 class=\"card__title\">Beaut\u00e9 fonctionnelle<\/h3>\n\t\t\t\t\t\t\t<div class=\"card__text\"><p>Au-del\u00e0 de leur attrait esth\u00e9tique, les piliers et colonnes de LibertyStone r\u00e9pondent \u00e0 des objectifs pratiques. Des piliers et colonnes correctement con\u00e7us et fabriqu\u00e9s offrent un soutien et une stabilit\u00e9 suppl\u00e9mentaires \u00e0 votre mur de sout\u00e8nement, garantissant son int\u00e9grit\u00e9 \u00e0 long terme tout en am\u00e9liorant son impact visuel.<\/p>\n<\/div>\n\t\t\n\t\t\t<\/div>\n\n\t<\/div>\n\n\n\n\t<div id=\"block_0a45c86984d1f9bebd0c4738f37696e9\" class=\"card card--icon align-left page-width\">\n\n\t\t\n\n\t<div class=\"card__inner-container\">\n\t\t\t\t\t<h3 class=\"card__title\">Harmonie int\u00e9gr\u00e9e<\/h3>\n\t\t\t\t\t\t\t<div class=\"card__text\"><p>La beaut\u00e9 des piliers et colonnes LibertyStone r\u00e9side dans leur int\u00e9gration harmonieuse avec votre mur de sout\u00e8nement. Ils deviennent partie int\u00e9grante du paysage, cr\u00e9ant un m\u00e9lange harmonieux de forme et de fonction.<\/p>\n<\/div>\n\t\t\n\t\t\t<\/div>\n\n\t<\/div>\n\n\r\n\t\t<\/div>\r\n\t\t\t\t\t<\/div>\r\n\r\n\n\n\n<div style=\"height:40px\" aria-hidden=\"true\" class=\"wp-block-spacer\"><\/div>\n\n\n\r\n\r\n\t<div id=\"block_be93c2e5f35a135f94eca8a51e9ab4a0\" class=\"row row--default container--horizontal row-break--4 background-color--none page-width vertical-align--top\">\r\n\t\t<!-- Image Error ($image is empty) -->\t\t<div class=\"row__inner-container\">\r\n\t\t\t\n\n\t<div id=\"block_c7c8c6c9542b2bebb361d689741cfcec\" class=\"card card--icon align-left page-width\">\n\n\t\t\n\n\t<div class=\"card__inner-container\">\n\t\t\t\t\t<h3 class=\"card__title\">\u00c9l\u00e9gance du soir<\/h3>\n\t\t\t\t\t\t\t<div class=\"card__text\"><p>Imaginez la transformation enchanteresse qui se produit au coucher du soleil. Un \u00e9clairage doux et ambiant \u00e9mane des piliers et des colonnes, projetant une lueur chaleureuse et invitante sur votre espace ext\u00e9rieur. Cette \u00e9l\u00e9gance nocturne vous invite \u00e0 savourer la beaut\u00e9 de votre paysage bien apr\u00e8s l&#039;apparition des \u00e9toiles.<\/p>\n<\/div>\n\t\t\n\t\t\t<\/div>\n\n\t<\/div>\n\n\n\n\t<div id=\"block_b94ab48884fd71ea9dfdbc00b1492453\" class=\"card card--icon align-left page-width\">\n\n\t\t\n\n\t<div class=\"card__inner-container\">\n\t\t\t\t\t<h3 class=\"card__title\">Impressions inoubliables<\/h3>\n\t\t\t\t\t\t\t<div class=\"card__text\"><p>Que vous receviez des invit\u00e9s ou que vous profitiez simplement d&#039;une soir\u00e9e tranquille pr\u00e8s du mur de votre jardin, les piliers et colonnes de LibertyStone garantissent que chaque instant soit inoubliable. Ils ajoutent une touche de sophistication et de luxe \u00e0 votre exp\u00e9rience en plein air.<\/p>\n<\/div>\n\t\t\n\t\t\t<\/div>\n\n\t<\/div>\n\n\r\n\t\t<\/div>\r\n\t\t\t\t\t<\/div>\r\n\r\n\n\n\n<div style=\"height:40px\" aria-hidden=\"true\" class=\"wp-block-spacer\"><\/div>\n\n\n\r\n\r\n\t<div id=\"block_be93c2e5f35a135f94eca8a51e9ab4a0\" class=\"row row--default container--horizontal row-break--4 background-color--none page-width vertical-align--top\">\r\n\t\t<!-- Image Error ($image is empty) -->\t\t<div class=\"row__inner-container\">\r\n\t\t\t\n\n\t<div id=\"block_bd26a1da012f5d779558e82e0ecc536d\" class=\"card card--icon align-left page-width\">\n\n\t\t\n\n\t<div class=\"card__inner-container\">\n\t\t\t\t\t<h3 class=\"card__title\">Un h\u00e9ritage durable<\/h3>\n\t\t\t\t\t\t\t<div class=\"card__text\"><p>Tout comme votre mur de sout\u00e8nement est construit pour durer, les piliers et colonnes de LibertyStone le sont \u00e9galement. Fabriqu\u00e9s avec le m\u00eame d\u00e9vouement \u00e0 la qualit\u00e9 et \u00e0 la long\u00e9vit\u00e9, ils deviennent un h\u00e9ritage durable, un t\u00e9moignage de votre engagement envers la beaut\u00e9 et la fonctionnalit\u00e9 de votre espace ext\u00e9rieur.<\/p>\n<\/div>\n\t\t\n\t\t\t<\/div>\n\n\t<\/div>\n\n\r\n\t\t<\/div>\r\n\t\t\t\t\t<\/div>\r\n\r\n\n\r\n\t\t<\/div>\r\n\t<\/div>\r\n\r\n\n\n\n\t<a id=\"block_5a87295aeb78b987a4ec507b38003d5c\" class=\"card card--button align-left page-width\" href=\"https:\/\/liberty-stone.net\/fr\/where-to-buy\/\" target=\"_self\" aria-label=\"Lien vers\u00a0: Combiner fonctionnalit\u00e9 et beaut\u00e9\">\n\n\t\t\t<div class=\"card__image-container\">\n\t\t<div class=\"i72-image cover\" role=\"img\" title=\"All\u00e9e et pilier LibertyStone\" aria-label=\"Texte alternatif indisponible\" data-srcset=\"https:\/\/liberty-stone.net\/wp-content\/uploads\/2024\/05\/DSC05354.jpg 3000w 3000h,https:\/\/liberty-stone.net\/wp-content\/uploads\/2024\/05\/DSC05354-300x199.jpg 300w 199h,https:\/\/liberty-stone.net\/wp-content\/uploads\/2024\/05\/DSC05354-768x510.jpg 768w 510h,https:\/\/liberty-stone.net\/wp-content\/uploads\/2024\/05\/DSC05354-1024x680.jpg 1024w 680h,https:\/\/liberty-stone.net\/wp-content\/uploads\/2024\/05\/DSC05354.jpg 1200w 797h,https:\/\/liberty-stone.net\/wp-content\/uploads\/2024\/05\/DSC05354.jpg 1200w 797h,https:\/\/liberty-stone.net\/wp-content\/uploads\/2024\/05\/DSC05354-18x12.jpg 18w 12h,https:\/\/liberty-stone.net\/wp-content\/uploads\/2024\/05\/DSC05354-150x100.jpg 150w 100h,https:\/\/liberty-stone.net\/wp-content\/uploads\/2024\/05\/DSC05354.jpg 1200w 797h,https:\/\/liberty-stone.net\/wp-content\/uploads\/2024\/05\/DSC05354.jpg 1200w 797h\" data-original-width=\"1200\" data-original-height=\"797\"><\/div>\t\t<\/div>\n\t\t\n\n\t<div class=\"card__inner-container\">\n\t\t\t\t\t<h3 class=\"card__title\">Combinez fonctionnalit\u00e9 et beaut\u00e9<\/h3>\n\t\t\t\t\t\t\t<div class=\"card__text\"><p><span style=\"font-weight: 400;\">Votre mur de sout\u00e8nement peut devenir un point focal captivant qui rehausse l\u2019ensemble de votre paysage. C&#039;est une expression de votre style et le reflet de votre appr\u00e9ciation pour le talent artistique de la vie en plein air. Embrassez la beaut\u00e9 de la transformation et laissez votre mur de sout\u00e8nement atteindre de nouveaux sommets avec les piliers et colonnes LibertyStone.<\/span><\/p>\n<\/div>\n\t\t\n\t\t\t\t\t<span class=\"card__button button button-color--black\" aria-label=\"Lien vers\u00a0: En savoir plus\">Trouvez nos produits pr\u00e8s de chez vous<\/span>\n\t\t\t<\/div>\n\n\t<\/a>\n\n\n\r\n\r\n\t<div id=\"block_9c323f5f17020738c14c269fe4855726\" class=\"row row--default container--horizontal row-break--3 background-color--none page-width vertical-align--top\">\r\n\t\t<!-- Image Error ($image is empty) -->\t\t<div class=\"row__inner-container\">\r\n\t\t\t\n\n\t<a id=\"block_807d45b0aedd7c6ffce66c0b23d2d608\" class=\"card card--button align-left page-width\" href=\"https:\/\/liberty-stone.net\/fr\/products\/vistacourt\/\" target=\"_self\" aria-label=\"Lien vers : Vista Court\">\n\n\t\t\t<div class=\"card__image-container\">\n\t\t<div class=\"i72-image cover\" role=\"img\" title=\"Photos de produits de pav\u00e9s et de murs LibertyStone (47)\" aria-label=\"VistaCourt Willow utilis\u00e9 dans un grand mur de sout\u00e8nement d&#039;arri\u00e8re-cour, juste \u00e0 l&#039;ext\u00e9rieur d&#039;une grande terrasse en bois\" data-srcset=\"https:\/\/liberty-stone.net\/wp-content\/uploads\/2024\/02\/LibertyStone-Paver-and-Wall-Product-Photos-47.png 3000w 3000h,https:\/\/liberty-stone.net\/wp-content\/uploads\/2024\/02\/LibertyStone-Paver-and-Wall-Product-Photos-47-300x169.png 300w 169h,https:\/\/liberty-stone.net\/wp-content\/uploads\/2024\/02\/LibertyStone-Paver-and-Wall-Product-Photos-47-768x432.png 768w 432h,https:\/\/liberty-stone.net\/wp-content\/uploads\/2024\/02\/LibertyStone-Paver-and-Wall-Product-Photos-47-1024x576.png 1024w 576h,https:\/\/liberty-stone.net\/wp-content\/uploads\/2024\/02\/LibertyStone-Paver-and-Wall-Product-Photos-47-1536x864.png 1536w 864h,https:\/\/liberty-stone.net\/wp-content\/uploads\/2024\/02\/LibertyStone-Paver-and-Wall-Product-Photos-47.png 1920w 1080h,https:\/\/liberty-stone.net\/wp-content\/uploads\/2024\/02\/LibertyStone-Paver-and-Wall-Product-Photos-47-18x10.png 18w 10h,https:\/\/liberty-stone.net\/wp-content\/uploads\/2024\/02\/LibertyStone-Paver-and-Wall-Product-Photos-47-150x84.png 150w 84h,https:\/\/liberty-stone.net\/wp-content\/uploads\/2024\/02\/LibertyStone-Paver-and-Wall-Product-Photos-47-1280x720.png 1280w 720h,https:\/\/liberty-stone.net\/wp-content\/uploads\/2024\/02\/LibertyStone-Paver-and-Wall-Product-Photos-47.png 1920w 1080h\" data-original-width=\"1920\" data-original-height=\"1080\"><\/div>\t\t\t<p class=\"i72-image__description\">VistaCourt Saule<\/p>\n\t\t\t\t<\/div>\n\t\t\n\n\t<div class=\"card__inner-container\">\n\t\t\t\t\t<h3 class=\"card__title\">Vista Court<\/h3>\n\t\t\t\t\n\t\t\t\t\t<span class=\"card__button button button-color--black\" aria-label=\"Lien vers\u00a0: En savoir plus\">Voir le produit<\/span>\n\t\t\t<\/div>\n\n\t<\/a>\n\n\n\n<div style=\"height:4px\" aria-hidden=\"true\" class=\"wp-block-spacer\"><\/div>\n\n\n\n<div style=\"height:4px\" aria-hidden=\"true\" class=\"wp-block-spacer\"><\/div>\n\n\r\n\t\t<\/div>\r\n\t\t\t\t\t<\/div>","protected":false},"excerpt":{"rendered":"","protected":false},"author":6,"featured_media":0,"parent":0,"menu_order":0,"comment_status":"closed","ping_status":"closed","template":"","meta":{"_acf_changed":false,"inline_featured_image":false,"footnotes":""},"class_list":["post-1133","page","type-page","status-publish","hentry"],"acf":[],"aioseo_notices":[],"_links":{"self":[{"href":"https:\/\/liberty-stone.net\/fr\/wp-json\/wp\/v2\/pages\/1133","targetHints":{"allow":["GET"]}}],"collection":[{"href":"https:\/\/liberty-stone.net\/fr\/wp-json\/wp\/v2\/pages"}],"about":[{"href":"https:\/\/liberty-stone.net\/fr\/wp-json\/wp\/v2\/types\/page"}],"author":[{"embeddable":true,"href":"https:\/\/liberty-stone.net\/fr\/wp-json\/wp\/v2\/users\/6"}],"replies":[{"embeddable":true,"href":"https:\/\/liberty-stone.net\/fr\/wp-json\/wp\/v2\/comments?post=1133"}],"version-history":[{"count":18,"href":"https:\/\/liberty-stone.net\/fr\/wp-json\/wp\/v2\/pages\/1133\/revisions"}],"predecessor-version":[{"id":3731,"href":"https:\/\/liberty-stone.net\/fr\/wp-json\/wp\/v2\/pages\/1133\/revisions\/3731"}],"wp:attachment":[{"href":"https:\/\/liberty-stone.net\/fr\/wp-json\/wp\/v2\/media?parent=1133"}],"curies":[{"name":"wp","href":"https:\/\/api.w.org\/{rel}","templated":true}]}}