{"id":1123,"date":"2023-12-14T13:36:35","date_gmt":"2023-12-14T13:36:35","guid":{"rendered":"https:\/\/liberty-stone.net\/?page_id=1123"},"modified":"2024-05-02T18:55:24","modified_gmt":"2024-05-02T18:55:24","slug":"designer","status":"publish","type":"page","link":"https:\/\/liberty-stone.net\/fr\/designer\/","title":{"rendered":"Designer"},"content":{"rendered":"<div style=\"height:100px\" aria-hidden=\"true\" class=\"wp-block-spacer\"><\/div>\n\n\n\n\t<a id=\"block_3fe97badc9aea0dba6d35e9533f7c92b\" class=\"card card--button align-right page-width\" href=\"https:\/\/liberty-stone.net\/fr\/products\/\" target=\"_self\" aria-label=\"Lien vers\u00a0:\u00a0Partenaire pour les espaces ext\u00e9rieurs visionnaires\">\n\n\t\t\t<div class=\"card__image-container\">\n\t\t<div class=\"i72-image cover\" role=\"img\" title=\"Photos de produits de pav\u00e9s et de murs LibertyStone (7)\" aria-label=\"Un croquis au crayon de couleur d&#039;une grande cour avec un patio et une piscine\" data-srcset=\"https:\/\/liberty-stone.net\/wp-content\/uploads\/2024\/02\/LibertyStone-Paver-and-Wall-Product-Photos-7.png 3000w 3000h,https:\/\/liberty-stone.net\/wp-content\/uploads\/2024\/02\/LibertyStone-Paver-and-Wall-Product-Photos-7-300x169.png 300w 169h,https:\/\/liberty-stone.net\/wp-content\/uploads\/2024\/02\/LibertyStone-Paver-and-Wall-Product-Photos-7-768x432.png 768w 432h,https:\/\/liberty-stone.net\/wp-content\/uploads\/2024\/02\/LibertyStone-Paver-and-Wall-Product-Photos-7-1024x576.png 1024w 576h,https:\/\/liberty-stone.net\/wp-content\/uploads\/2024\/02\/LibertyStone-Paver-and-Wall-Product-Photos-7-1536x864.png 1536w 864h,https:\/\/liberty-stone.net\/wp-content\/uploads\/2024\/02\/LibertyStone-Paver-and-Wall-Product-Photos-7.png 1920w 1080h,https:\/\/liberty-stone.net\/wp-content\/uploads\/2024\/02\/LibertyStone-Paver-and-Wall-Product-Photos-7-18x10.png 18w 10h,https:\/\/liberty-stone.net\/wp-content\/uploads\/2024\/02\/LibertyStone-Paver-and-Wall-Product-Photos-7-150x84.png 150w 84h,https:\/\/liberty-stone.net\/wp-content\/uploads\/2024\/02\/LibertyStone-Paver-and-Wall-Product-Photos-7-1280x720.png 1280w 720h,https:\/\/liberty-stone.net\/wp-content\/uploads\/2024\/02\/LibertyStone-Paver-and-Wall-Product-Photos-7.png 1920w 1080h\" data-original-width=\"1920\" data-original-height=\"1080\"><\/div>\t\t<\/div>\n\t\t\n\n\t<div class=\"card__inner-container\">\n\t\t\t\t\t<h3 class=\"card__title\">Partenaire pour les espaces ext\u00e9rieurs visionnaires<\/h3>\n\t\t\t\t\t\t\t<div class=\"card__text\"><p><span style=\"font-weight: 400;\">Chez LibertyStone, nous comprenons que les designers et les architectes paysagistes sont les artistes visionnaires derri\u00e8re des espaces ext\u00e9rieurs \u00e0 couper le souffle. Votre r\u00f4le est essentiel dans la transformation des jardins, des parcs et des paysages commerciaux en environnements captivants qui inspirent et ravissent. Pour donner libre cours \u00e0 votre g\u00e9nie cr\u00e9atif, nous proposons une gamme de solutions d\u2019am\u00e9nagement en dur qui s\u2019alignent parfaitement sur vos besoins et d\u00e9fis uniques.<\/span><\/p>\n<\/div>\n\t\t\n\t\t\t\t\t<span class=\"card__button button button-color--black\" aria-label=\"Lien vers\u00a0: En savoir plus\">Voir nos produits<\/span>\n\t\t\t<\/div>\n\n\t<\/a>\n\n\n\r\n\r\n\t<div id=\"block_11f18f5d2f0280bc1b89694a15b08435\" class=\"background container--vertical background-color--blue full-width\">\r\n\t\t<!-- Image Error ($image is empty) -->\t\t<div class=\"background__inner-container\">\r\n\t\t\t\n\n<div id=\"block_01cfd903b3572e88870468b249ecd3c8\" class=\"paragraph paragraph--default align-left page-width\">\n\t\t\t<div class=\"paragraph__inner-container\">\n\t\t\t\t\t<h3 class=\"paragraph__title\">Un fournisseur d&#039;am\u00e9nagement paysager fiable pour votre vision cr\u00e9ative<\/h3>\n\t\t\t\t\t\t\t<div class=\"paragraph__text\"><p><span style=\"font-weight: 400\">Les designers et les architectes paysagistes ont besoin d&#039;un partenaire fiable pour donner vie \u00e0 leurs concepts imaginatifs. LibertyStone est ce partenaire. Avec un h\u00e9ritage d&#039;excellence remontant \u00e0 1924, nous avons toujours fourni des produits d&#039;am\u00e9nagement paysager de haute qualit\u00e9 qui correspondent \u00e0 votre vision cr\u00e9ative. <\/span><\/p>\n<blockquote><p><span style=\"font-weight: 400\">Notre engagement envers l\u2019innovation garantit que vous avez acc\u00e8s \u00e0 une large gamme de mat\u00e9riaux, cr\u00e9ant ainsi un espace r\u00e9ussi qui int\u00e8gre le design ext\u00e9rieur \u00e0 la nature.<\/span><\/p><\/blockquote>\n<\/div>\n\t\t\t\t\t<\/div>\n<\/div>\n\r\n\t\t<\/div>\r\n\t<\/div>\r\n\r\n\n\n\n\t<div id=\"block_0be5c956c6f209fb710d22239250c68d\" class=\"card card--default align-left page-width\">\n\n\t\t\t<div class=\"card__image-container\">\n\t\t<div class=\"i72-image cover\" role=\"img\" title=\"Photos de produits de pav\u00e9s et de murs LibertyStone (8)\" aria-label=\"Vue a\u00e9rienne du patio arri\u00e8re avec pav\u00e9s Emerson XL Smooth Desert\" data-srcset=\"https:\/\/liberty-stone.net\/wp-content\/uploads\/2024\/02\/LibertyStone-Paver-and-Wall-Product-Photos-8.png 3000w 3000h,https:\/\/liberty-stone.net\/wp-content\/uploads\/2024\/02\/LibertyStone-Paver-and-Wall-Product-Photos-8-300x169.png 300w 169h,https:\/\/liberty-stone.net\/wp-content\/uploads\/2024\/02\/LibertyStone-Paver-and-Wall-Product-Photos-8-768x432.png 768w 432h,https:\/\/liberty-stone.net\/wp-content\/uploads\/2024\/02\/LibertyStone-Paver-and-Wall-Product-Photos-8-1024x576.png 1024w 576h,https:\/\/liberty-stone.net\/wp-content\/uploads\/2024\/02\/LibertyStone-Paver-and-Wall-Product-Photos-8-1536x864.png 1536w 864h,https:\/\/liberty-stone.net\/wp-content\/uploads\/2024\/02\/LibertyStone-Paver-and-Wall-Product-Photos-8.png 1920w 1080h,https:\/\/liberty-stone.net\/wp-content\/uploads\/2024\/02\/LibertyStone-Paver-and-Wall-Product-Photos-8-18x10.png 18w 10h,https:\/\/liberty-stone.net\/wp-content\/uploads\/2024\/02\/LibertyStone-Paver-and-Wall-Product-Photos-8-150x84.png 150w 84h,https:\/\/liberty-stone.net\/wp-content\/uploads\/2024\/02\/LibertyStone-Paver-and-Wall-Product-Photos-8-1280x720.png 1280w 720h,https:\/\/liberty-stone.net\/wp-content\/uploads\/2024\/02\/LibertyStone-Paver-and-Wall-Product-Photos-8.png 1920w 1080h\" data-original-width=\"1920\" data-original-height=\"1080\"><\/div>\t\t\t<p class=\"i72-image__description\">Emerson XL D\u00e9sert Lisse<\/p>\n\t\t\t\t<\/div>\n\t\t\n\n\t<div class=\"card__inner-container\">\n\t\t\t\t\t<h3 class=\"card__title\">Relever de front les d\u00e9fis de l\u2019am\u00e9nagement paysager<\/h3>\n\t\t\t\t\t\t\t<div class=\"card__text\"><p><span style=\"font-weight: 400;\">Nous comprenons les d\u00e9fis auxquels vous \u00eates confront\u00e9s\u00a0: \u00e9quilibrer les budgets, g\u00e9rer les contraintes du site, coordonner avec les entrepreneurs et informer les clients sur les consid\u00e9rations de maintenance. LibertyStone est l\u00e0 pour vous accompagner \u00e0 travers les d\u00e9fis de conception et les sp\u00e9cifications. Notre \u00e9quipe est heureuse de vous aider \u00e0 relever les d\u00e9fis de mani\u00e8re cr\u00e9ative, efficace et durable.<\/span><\/p>\n<\/div>\n\t\t\n\t\t\t<\/div>\n\n\t<\/div>\n\n\n\n\t<div id=\"block_af80b1f3c65a99a435adfaedd858a5da\" class=\"card card--default align-right page-width\">\n\n\t\t\t<div class=\"card__image-container\">\n\t\t<div class=\"i72-image cover\" role=\"img\" title=\"Emerson Pro D\u00e9sert 3\" aria-label=\"Pav\u00e9s Emerson Pro Desert entourant une piscine avec cascade int\u00e9gr\u00e9e\" data-srcset=\"https:\/\/liberty-stone.net\/wp-content\/uploads\/2024\/02\/Emerson-Pro-Desert-3.jpg 3000w 3000h,https:\/\/liberty-stone.net\/wp-content\/uploads\/2024\/02\/Emerson-Pro-Desert-3-225x300.jpg 225w 300h,https:\/\/liberty-stone.net\/wp-content\/uploads\/2024\/02\/Emerson-Pro-Desert-3-768x1024.jpg 768w 1024h,https:\/\/liberty-stone.net\/wp-content\/uploads\/2024\/02\/Emerson-Pro-Desert-3-768x1024.jpg 768w 1024h,https:\/\/liberty-stone.net\/wp-content\/uploads\/2024\/02\/Emerson-Pro-Desert-3-1152x1536.jpg 1152w 1536h,https:\/\/liberty-stone.net\/wp-content\/uploads\/2024\/02\/Emerson-Pro-Desert-3-1536x2048.jpg 1536w 2048h,https:\/\/liberty-stone.net\/wp-content\/uploads\/2024\/02\/Emerson-Pro-Desert-3-9x12.jpg 9w 12h,https:\/\/liberty-stone.net\/wp-content\/uploads\/2024\/02\/Emerson-Pro-Desert-3-113x150.jpg 113w 150h,https:\/\/liberty-stone.net\/wp-content\/uploads\/2024\/02\/Emerson-Pro-Desert-3-960x1280.jpg 960w 1280h,https:\/\/liberty-stone.net\/wp-content\/uploads\/2024\/02\/Emerson-Pro-Desert-3.jpg 1600w 2133h\" data-original-width=\"1600\" data-original-height=\"2133\"><\/div>\t\t\t<p class=\"i72-image__description\">Emerson Pro D\u00e9sert<\/p>\n\t\t\t\t<\/div>\n\t\t\n\n\t<div class=\"card__inner-container\">\n\t\t\t\t\t<h3 class=\"card__title\">Am\u00e9liorez votre portefeuille et votre r\u00e9putation<\/h3>\n\t\t\t\t\t\t\t<div class=\"card__text\"><p><span style=\"font-weight: 400;\">L\u2019int\u00e9gration d\u2019un am\u00e9nagement paysager dans vos conceptions offre une multitude d\u2019avantages. Il d\u00e9veloppe votre cr\u00e9ativit\u00e9, permettant une plus grande expression et coh\u00e9sion des espaces int\u00e9rieurs et ext\u00e9rieurs. Les projets d\u2019am\u00e9nagement paysager r\u00e9ussis deviennent des ajouts puissants \u00e0 votre portefeuille, d\u00e9montrant votre capacit\u00e9 \u00e0 cr\u00e9er une architecture paysag\u00e8re fonctionnelle et esth\u00e9tique. Votre reconnaissance professionnelle monte en fl\u00e8che \u00e0 mesure que vous d\u00e9montrez votre habilet\u00e9 \u00e0 concevoir et \u00e0 r\u00e9aliser des projets d\u2019am\u00e9nagement en dur, solidifiant ainsi votre r\u00e9putation d\u2019architecte paysagiste ou de designer de distinction.<\/span><\/p>\n<\/div>\n\t\t\n\t\t\t<\/div>\n\n\t<\/div>\n\n\n\r\n\r\n\t<div id=\"block_11f18f5d2f0280bc1b89694a15b08435\" class=\"background container--vertical background-color--blue full-width\">\r\n\t\t<!-- Image Error ($image is empty) -->\t\t<div class=\"background__inner-container\">\r\n\t\t\t\n\n<div id=\"block_09dc2b18cef79c1d03451da392e6438c\" class=\"paragraph paragraph--default align-left page-width\">\n\t\t\t<div class=\"paragraph__inner-container\">\n\t\t\t\t\t<h3 class=\"paragraph__title\">Un partenariat collaboratif<\/h3>\n\t\t\t\t\t\t\t<div class=\"paragraph__text\"><p><span style=\"font-weight: 400\">Chez LibertyStone, nous ne fournissons pas seulement des produits d&#039;am\u00e9nagement paysager ; nous proposons un partenariat collaboratif. Nos experts sont l\u00e0 pour vous aider dans la planification du projet, la s\u00e9lection des produits et la documentation, garantissant ainsi que votre vision prend vie de mani\u00e8re transparente. Nous nous engageons \u00e0 vous aider \u00e0 cr\u00e9er des espaces ext\u00e9rieurs captivants, inspirants et durables.<\/span><\/p>\n<p><span style=\"font-weight: 400\">\u00c9levez votre portefeuille, d\u00e9veloppez votre potentiel cr\u00e9atif et am\u00e9liorez votre r\u00e9putation professionnelle avec LibertyStone comme partenaire de confiance. Ensemble, nous fa\u00e7onnerons l&#039;avenir de l&#039;esth\u00e9tique ext\u00e9rieure, en cr\u00e9ant des environnements visionnaires qui laisseront une marque ind\u00e9l\u00e9bile sur le monde.<\/span><\/p>\n<\/div>\n\t\t\t\t\t<\/div>\n<\/div>\n\n\n<div id=\"block_9437cd8776fc094ff31cec8d3ba45047\" class=\"image-grid page-width\">\n\t<div class=\"image-grid__container\">\n\t\t\t\t\t\t<a href=\"javascript:;\" class=\"image\">\n\t\t\t\t\t<div class=\"i72-image cover\" role=\"img\" title=\"Coin VistaCourt D\u00e9sert\" aria-label=\"Mur de sout\u00e8nement VistaCourt Desert entourant un patio ext\u00e9rieur circulaire\" data-srcset=\"https:\/\/liberty-stone.net\/wp-content\/uploads\/2024\/02\/Corner-VistaCourt-Desert.jpg 3000w 3000h,https:\/\/liberty-stone.net\/wp-content\/uploads\/2024\/02\/Corner-VistaCourt-Desert-300x199.jpg 300w 199h,https:\/\/liberty-stone.net\/wp-content\/uploads\/2024\/02\/Corner-VistaCourt-Desert-768x509.jpg 768w 509h,https:\/\/liberty-stone.net\/wp-content\/uploads\/2024\/02\/Corner-VistaCourt-Desert-1024x678.jpg 1024w 678h,https:\/\/liberty-stone.net\/wp-content\/uploads\/2024\/02\/Corner-VistaCourt-Desert-1536x1018.jpg 1536w 1018h,https:\/\/liberty-stone.net\/wp-content\/uploads\/2024\/02\/Corner-VistaCourt-Desert.jpg 1920w 1272h,https:\/\/liberty-stone.net\/wp-content\/uploads\/2024\/02\/Corner-VistaCourt-Desert-18x12.jpg 18w 12h,https:\/\/liberty-stone.net\/wp-content\/uploads\/2024\/02\/Corner-VistaCourt-Desert-150x99.jpg 150w 99h,https:\/\/liberty-stone.net\/wp-content\/uploads\/2024\/02\/Corner-VistaCourt-Desert-1280x848.jpg 1280w 848h,https:\/\/liberty-stone.net\/wp-content\/uploads\/2024\/02\/Corner-VistaCourt-Desert.jpg 1920w 1272h\" data-original-width=\"1920\" data-original-height=\"1272\"><\/div>\t\t\t\t\t\t<p class=\"i72-image__caption\">VistaCourt D\u00e9sert<\/p>\n\t\t\t\t\t\t\t\t\t<\/a>\n\t\t\t\t\t\t<a href=\"javascript:;\" class=\"image\">\n\t\t\t\t\t<div class=\"i72-image cover\" role=\"img\" title=\"Emerson XL Montagne Ouest\" aria-label=\"Pav\u00e9s Emerson XL West Mountain dans une passerelle menant \u00e0 un grand porche en bois\" data-srcset=\"https:\/\/liberty-stone.net\/wp-content\/uploads\/2024\/02\/Emerson-XL-West-Mountain-2-1.jpg 3000w 3000h,https:\/\/liberty-stone.net\/wp-content\/uploads\/2024\/02\/Emerson-XL-West-Mountain-2-1-300x225.jpg 300w 225h,https:\/\/liberty-stone.net\/wp-content\/uploads\/2024\/02\/Emerson-XL-West-Mountain-2-1-768x576.jpg 768w 576h,https:\/\/liberty-stone.net\/wp-content\/uploads\/2024\/02\/Emerson-XL-West-Mountain-2-1-1024x768.jpg 1024w 768h,https:\/\/liberty-stone.net\/wp-content\/uploads\/2024\/02\/Emerson-XL-West-Mountain-2-1-1536x1152.jpg 1536w 1152h,https:\/\/liberty-stone.net\/wp-content\/uploads\/2024\/02\/Emerson-XL-West-Mountain-2-1.jpg 1920w 1440h,https:\/\/liberty-stone.net\/wp-content\/uploads\/2024\/02\/Emerson-XL-West-Mountain-2-1-16x12.jpg 16w 12h,https:\/\/liberty-stone.net\/wp-content\/uploads\/2024\/02\/Emerson-XL-West-Mountain-2-1-150x113.jpg 150w 113h,https:\/\/liberty-stone.net\/wp-content\/uploads\/2024\/02\/Emerson-XL-West-Mountain-2-1-1280x960.jpg 1280w 960h,https:\/\/liberty-stone.net\/wp-content\/uploads\/2024\/02\/Emerson-XL-West-Mountain-2-1.jpg 1920w 1440h\" data-original-width=\"1920\" data-original-height=\"1440\"><\/div>\t\t\t\t\t\t<p class=\"i72-image__caption\">Emerson XL Montagne Ouest<\/p>\n\t\t\t\t\t\t\t\t\t<\/a>\n\t\t\t\t\t\t<a href=\"javascript:;\" class=\"image\">\n\t\t\t\t\t<div class=\"i72-image cover\" role=\"img\" title=\"Saule lisse Emerson XL\" aria-label=\"Pav\u00e9s Emerson XL Smooth Willow entourant une belle piscine rectangulaire\" data-srcset=\"https:\/\/liberty-stone.net\/wp-content\/uploads\/2024\/02\/Emerson-XL-Smooth-Willow-1-1.jpg 3000w 3000h,https:\/\/liberty-stone.net\/wp-content\/uploads\/2024\/02\/Emerson-XL-Smooth-Willow-1-1-300x199.jpg 300w 199h,https:\/\/liberty-stone.net\/wp-content\/uploads\/2024\/02\/Emerson-XL-Smooth-Willow-1-1-768x510.jpg 768w 510h,https:\/\/liberty-stone.net\/wp-content\/uploads\/2024\/02\/Emerson-XL-Smooth-Willow-1-1-1024x681.jpg 1024w 681h,https:\/\/liberty-stone.net\/wp-content\/uploads\/2024\/02\/Emerson-XL-Smooth-Willow-1-1-1536x1021.jpg 1536w 1021h,https:\/\/liberty-stone.net\/wp-content\/uploads\/2024\/02\/Emerson-XL-Smooth-Willow-1-1.jpg 1920w 1276h,https:\/\/liberty-stone.net\/wp-content\/uploads\/2024\/02\/Emerson-XL-Smooth-Willow-1-1-18x12.jpg 18w 12h,https:\/\/liberty-stone.net\/wp-content\/uploads\/2024\/02\/Emerson-XL-Smooth-Willow-1-1-150x100.jpg 150w 100h,https:\/\/liberty-stone.net\/wp-content\/uploads\/2024\/02\/Emerson-XL-Smooth-Willow-1-1-1280x851.jpg 1280w 851h,https:\/\/liberty-stone.net\/wp-content\/uploads\/2024\/02\/Emerson-XL-Smooth-Willow-1-1.jpg 1920w 1276h\" data-original-width=\"1920\" data-original-height=\"1276\"><\/div>\t\t\t\t\t\t<p class=\"i72-image__caption\">Saule lisse Emerson XL<\/p>\n\t\t\t\t\t\t\t\t\t<\/a>\n\t\t\t\t\t\t<a href=\"javascript:;\" class=\"image\">\n\t\t\t\t\t<div class=\"i72-image cover\" role=\"img\" title=\"Emerson Pro West Montagne 4\" aria-label=\"Pav\u00e9s Emerson Pro West Mountain utilis\u00e9s dans une all\u00e9e et une all\u00e9e pour une grande maison\" data-srcset=\"https:\/\/liberty-stone.net\/wp-content\/uploads\/2024\/02\/Emerson-Pro-West-Mountain-4.jpg 3000w 3000h,https:\/\/liberty-stone.net\/wp-content\/uploads\/2024\/02\/Emerson-Pro-West-Mountain-4-300x169.jpg 300w 169h,https:\/\/liberty-stone.net\/wp-content\/uploads\/2024\/02\/Emerson-Pro-West-Mountain-4-768x432.jpg 768w 432h,https:\/\/liberty-stone.net\/wp-content\/uploads\/2024\/02\/Emerson-Pro-West-Mountain-4-1024x575.jpg 1024w 575h,https:\/\/liberty-stone.net\/wp-content\/uploads\/2024\/02\/Emerson-Pro-West-Mountain-4-1536x863.jpg 1536w 863h,https:\/\/liberty-stone.net\/wp-content\/uploads\/2024\/02\/Emerson-Pro-West-Mountain-4.jpg 1920w 1079h,https:\/\/liberty-stone.net\/wp-content\/uploads\/2024\/02\/Emerson-Pro-West-Mountain-4-18x10.jpg 18w 10h,https:\/\/liberty-stone.net\/wp-content\/uploads\/2024\/02\/Emerson-Pro-West-Mountain-4-150x84.jpg 150w 84h,https:\/\/liberty-stone.net\/wp-content\/uploads\/2024\/02\/Emerson-Pro-West-Mountain-4-1280x719.jpg 1280w 719h,https:\/\/liberty-stone.net\/wp-content\/uploads\/2024\/02\/Emerson-Pro-West-Mountain-4.jpg 1920w 1079h\" data-original-width=\"1920\" data-original-height=\"1079\"><\/div>\t\t\t\t\t\t<p class=\"i72-image__caption\">Emerson Pro Ouest Montagne<\/p>\n\t\t\t\t\t\t\t\t\t<\/a>\n\t\t\t<\/div>\n<\/div>\n\r\n\t\t<\/div>\r\n\t<\/div>\r\n\r\n\n\n\n<div id=\"block_2f79495e75c71c684bc9a1b7a4c06a4d\" class=\"quick-links align-center page-width\">\n\t\t\t\t<a class=\"card__button button button-color--blue\" href=\"https:\/\/liberty-stone.net\/fr\/blog\/\" target=\"_self\" aria-label=\"Lien vers\u00a0:\u00a0Trouver l&#039;inspiration en mati\u00e8re de conception\">Trouvez l&#039;inspiration en mati\u00e8re de conception<\/a>\n\t\t\t\t<a class=\"card__button button button-color--blue\" href=\"https:\/\/liberty-stone.net\/fr\/about\/\" target=\"_self\" aria-label=\"Lien vers\u00a0: En savoir plus sur LibertyStone\">En savoir plus sur LibertyStone<\/a>\n\t\t\t\t<a class=\"card__button button button-color--blue\" href=\"https:\/\/liberty-stone.net\/fr\/where-to-buy\/\" target=\"_self\" aria-label=\"Lien vers\u00a0: Trouver un revendeur pr\u00e8s de chez vous\">Trouver un revendeur pr\u00e8s de chez vous<\/a>\n\t<\/div>","protected":false},"excerpt":{"rendered":"","protected":false},"author":6,"featured_media":0,"parent":0,"menu_order":0,"comment_status":"closed","ping_status":"closed","template":"","meta":{"_acf_changed":false,"inline_featured_image":false,"footnotes":""},"class_list":["post-1123","page","type-page","status-publish","hentry"],"acf":[],"aioseo_notices":[],"_links":{"self":[{"href":"https:\/\/liberty-stone.net\/fr\/wp-json\/wp\/v2\/pages\/1123","targetHints":{"allow":["GET"]}}],"collection":[{"href":"https:\/\/liberty-stone.net\/fr\/wp-json\/wp\/v2\/pages"}],"about":[{"href":"https:\/\/liberty-stone.net\/fr\/wp-json\/wp\/v2\/types\/page"}],"author":[{"embeddable":true,"href":"https:\/\/liberty-stone.net\/fr\/wp-json\/wp\/v2\/users\/6"}],"replies":[{"embeddable":true,"href":"https:\/\/liberty-stone.net\/fr\/wp-json\/wp\/v2\/comments?post=1123"}],"version-history":[{"count":34,"href":"https:\/\/liberty-stone.net\/fr\/wp-json\/wp\/v2\/pages\/1123\/revisions"}],"predecessor-version":[{"id":2800,"href":"https:\/\/liberty-stone.net\/fr\/wp-json\/wp\/v2\/pages\/1123\/revisions\/2800"}],"wp:attachment":[{"href":"https:\/\/liberty-stone.net\/fr\/wp-json\/wp\/v2\/media?parent=1123"}],"curies":[{"name":"wp","href":"https:\/\/api.w.org\/{rel}","templated":true}]}}