{"id":2498,"date":"2024-02-26T07:01:04","date_gmt":"2024-02-26T07:01:04","guid":{"rendered":"https:\/\/liberty-stone.net\/?page_id=2498"},"modified":"2024-05-02T19:24:37","modified_gmt":"2024-05-02T19:24:37","slug":"terms-and-conditions","status":"publish","type":"page","link":"https:\/\/liberty-stone.net\/es\/terms-and-conditions\/","title":{"rendered":"T\u00e9rminos y condiciones"},"content":{"rendered":"<div id=\"block_fd5243568f6e06a31e9c387156106548\" class=\"wysiwyg page-width\"><h2>T\u00e9rminos y condiciones<\/h2>\n<h3>Bienvenido a Liberty-Stone.net<\/p>\n<h3>\n<p>Estos T\u00e9rminos y condiciones de uso del sitio web (los \u201cT\u00e9rminos y condiciones\u201d) rigen su acceso y uso de Liberty-Stone.net (el \u201cSitio web\u201d). Al acceder o utilizar el sitio web, usted acepta estar sujeto a estos T\u00e9rminos y condiciones. Si no est\u00e1 de acuerdo con estos T\u00e9rminos y condiciones, no podr\u00e1 acceder ni utilizar el sitio web.<\/p>\n<p>1. Definiciones<br \/>\nPara los efectos de estos T\u00e9rminos y Condiciones, los siguientes t\u00e9rminos tendr\u00e1n los siguientes significados:<br \/>\n   \u2022 \u201cNosotros\u201d o \u201cNos\u201d significa LibertyStone, el propietario y operador del sitio web.<br \/>\n   \u2022 \u201cUsted\u201d significa cualquier individuo o entidad que accede o utiliza el sitio web.<\/p>\n<p>2. Licencia para utilizar el sitio web<br \/>\nPor la presente le otorgamos una licencia no exclusiva e intransferible para acceder y utilizar el sitio web para sus fines personales y no comerciales. No puede utilizar el sitio web para ning\u00fan prop\u00f3sito comercial, incluidos, entre otros, publicidad, marketing o ventas.<\/p>\n<p>3. Propiedad intelectual<br \/>\nTodos los derechos de propiedad intelectual del sitio web, incluidas, entre otras, todas las marcas comerciales, derechos de autor y secretos comerciales, son propiedad nuestra o de nuestros licenciantes. No puede utilizar ninguna de Nuestra propiedad intelectual sin Nuestro consentimiento previo por escrito.<\/p>\n<p>4. Enlaces a otros sitios web<br \/>\nEl sitio web puede contener enlaces a otros sitios web que no son de nuestra propiedad ni est\u00e1n controlados por nosotros. No somos responsables del contenido de dichos sitios web y no respaldamos ninguno de los puntos de vista u opiniones expresados en dichos sitios web.<\/p>\n<p>5. Renuncia de garant\u00edas<br \/>\nEL SITIO WEB SE PROPORCIONA \u201cTAL CUAL\u201d Y \u201cSEG\u00daN DISPONIBILIDAD\u201d. NO OFRECEMOS GARANT\u00cdAS, EXPRESAS O IMPL\u00cdCITAS, INCLUYENDO, SIN LIMITACI\u00d3N, LAS GARANT\u00cdAS IMPL\u00cdCITAS DE COMERCIABILIDAD, IDONEIDAD PARA UN PROP\u00d3SITO PARTICULAR Y NO INFRACCI\u00d3N.<\/p>\n<p>6. Limitaci\u00f3n de responsabilidad<br \/>\nEN LA MEDIDA EN QUE LO PERMITA LA LEY, NO SEREMOS RESPONSABLES ANTE USTED POR NING\u00daN DA\u00d1O DIRECTO, INDIRECTO, INCIDENTAL, ESPECIAL, CONSECUENCIAL O PUNITIVO, YA SURJA POR AGRAVIO, CONTRATO O DE OTRA MANERA, QUE SURJA DE O EN RELACI\u00d3N CON SU ACCESO A O USO DEL SITIO WEB.<\/p>\n<p>7. Indemnizaci\u00f3n<br \/>\nUsted acepta indemnizarnos y eximirnos de toda responsabilidad por todos y cada uno de los reclamos, p\u00e9rdidas, da\u00f1os, responsabilidades, costos y gastos, incluidos los honorarios razonables de abogados, que surjan de o en conexi\u00f3n con su uso del sitio web o su incumplimiento de estos. T\u00e9rminos y condiciones.<\/p>\n<p>8. Ley aplicable<br \/>\nEstos T\u00e9rminos y condiciones se regir\u00e1n e interpretar\u00e1n de conformidad con las leyes del Estado de Pensilvania, sin tener en cuenta sus principios de conflicto de leyes.<\/p>\n<p>9. Divisibilidad<br \/>\nSi alguna disposici\u00f3n de estos T\u00e9rminos y condiciones se considera inv\u00e1lida o inaplicable, dicha disposici\u00f3n ser\u00e1 eliminada de estos T\u00e9rminos y condiciones y las disposiciones restantes permanecer\u00e1n en pleno vigor y efecto.<\/p>\n<p>10. Informaci\u00f3n de contacto<br \/>\nSi tiene alguna pregunta sobre estos T\u00e9rminos y condiciones, cont\u00e1ctenos en info@liberty-stone.net.<\/p>\n<p>11. Acuerdo completo<br \/>\nEstos T\u00e9rminos y condiciones constituyen el acuerdo completo entre usted y nosotros con respecto a su acceso y uso del sitio web, y reemplazan todas las comunicaciones y propuestas anteriores o contempor\u00e1neas, ya sean orales o escritas.<\/p>\n<p>12. Cambios a los T\u00e9rminos y Condiciones<br \/>\nNos reservamos el derecho de cambiar estos T\u00e9rminos y condiciones en cualquier momento. Su uso continuado del sitio web despu\u00e9s de la publicaci\u00f3n de cualquier cambio en estos T\u00e9rminos y condiciones constituir\u00e1 su aceptaci\u00f3n de dichos cambios.<\/p>\n<\/div>","protected":false},"excerpt":{"rendered":"","protected":false},"author":6,"featured_media":0,"parent":0,"menu_order":0,"comment_status":"closed","ping_status":"closed","template":"","meta":{"_acf_changed":false,"inline_featured_image":false,"footnotes":""},"class_list":["post-2498","page","type-page","status-publish","hentry"],"acf":[],"aioseo_notices":[],"_links":{"self":[{"href":"https:\/\/liberty-stone.net\/es\/wp-json\/wp\/v2\/pages\/2498","targetHints":{"allow":["GET"]}}],"collection":[{"href":"https:\/\/liberty-stone.net\/es\/wp-json\/wp\/v2\/pages"}],"about":[{"href":"https:\/\/liberty-stone.net\/es\/wp-json\/wp\/v2\/types\/page"}],"author":[{"embeddable":true,"href":"https:\/\/liberty-stone.net\/es\/wp-json\/wp\/v2\/users\/6"}],"replies":[{"embeddable":true,"href":"https:\/\/liberty-stone.net\/es\/wp-json\/wp\/v2\/comments?post=2498"}],"version-history":[{"count":5,"href":"https:\/\/liberty-stone.net\/es\/wp-json\/wp\/v2\/pages\/2498\/revisions"}],"predecessor-version":[{"id":2568,"href":"https:\/\/liberty-stone.net\/es\/wp-json\/wp\/v2\/pages\/2498\/revisions\/2568"}],"wp:attachment":[{"href":"https:\/\/liberty-stone.net\/es\/wp-json\/wp\/v2\/media?parent=2498"}],"curies":[{"name":"gracias","href":"https:\/\/api.w.org\/{rel}","templated":true}]}}