{"id":1530,"date":"2024-02-01T20:16:51","date_gmt":"2024-02-01T20:16:51","guid":{"rendered":"https:\/\/liberty-stone.net\/?page_id=1530"},"modified":"2025-11-12T14:57:17","modified_gmt":"2025-11-12T14:57:17","slug":"knowledge-base","status":"publish","type":"page","link":"https:\/\/liberty-stone.net\/es\/knowledge-base\/","title":{"rendered":"Base de conocimientos"},"content":{"rendered":"\r\n<div id=\"block_43c23ec9923e0d914fb9743ac0465707\" class=\"wysiwyg page-width\"><p style=\"text-align: center\">Welcome to the Liberty Stone Resource Library. Below you will find a collection of brochures and PDF files to help you understand our product offerings and make installation even easier. Note that this tool shows you all files on load, with a reductive filter to the left which will refine the output.<\/p>\n<\/div>\n\n\n<div id=\"block_d072cd52a00ec4395ac1ad9d85de8fb7\" class=\"resource-feed page-width\">\n\t\n\t<div class=\"filters\">\n\t\t<div class=\"filters__inner-container\">\n\n\t\t\t<h3 class=\"filters__title\">Filters<\/h3>\n\n\t\t\t<form action=\"https:\/\/liberty-stone.net\/wp-admin\/admin-ajax.php\" method=\"POST\" id=\"filter\">\n\n\t\t\t\t\t\t\t\t\t\t<div class=\"filters__taxonomy\">\n\n\t\t\t\t\t\t\t<a href=\"javascript:;\" class=\"filters__toggle\" aria-label=\"toggle Applications filter\">\n\t\t\t\t\t\t\t\t<h4 class=\"filters__taxonomy-title\">Project Types<\/h4>\n\t\t\t\t\t\t\t<\/a>\n\n\t\t\t\t\t\t\t<ul class=\"filters__terms project-types\">\n\n\t\t\t\t\t\t\t\t\t\t\t\t\t\t\t\t\t<!-- Parent terms -->\n\t\t\t\t\t\t\t\t\t<li class=\"filters__term\">\n\t\t\t\t\t\t\t\t\t\t<input type=\"checkbox\" id=\"project-types-poolside\" name=\"Poolside\" slug=\"poolside\" taxonomy=\"project-types\" value=\"16\">\n\t\t\t\t\t\t\t\t\t\t<label for=\"project-types-poolside\">Poolside<\/label>\n\t\t\t\t\t\t\t\t\t\t\t\t\t\t\t\t\t\t\t<\/li>\n\t\t\t\t\t\t\t\t\t\t\t\t\t\t\t\t\t<!-- Parent terms -->\n\t\t\t\t\t\t\t\t\t<li class=\"filters__term\">\n\t\t\t\t\t\t\t\t\t\t<input type=\"checkbox\" id=\"project-types-retaining-walls\" name=\"Retaining Walls\" slug=\"retaining-walls\" taxonomy=\"project-types\" value=\"19\">\n\t\t\t\t\t\t\t\t\t\t<label for=\"project-types-retaining-walls\">Retaining Walls<\/label>\n\t\t\t\t\t\t\t\t\t\t\t\t\t\t\t\t\t\t\t<\/li>\n\t\t\t\t\t\t\t\t\n\t\t\t\t\t\t\t<\/ul>\n\n\t\t\t\t\t\t<\/div>\n\t\t\t\t\t\t\t\t\t\t\t<div class=\"filters__taxonomy\">\n\n\t\t\t\t\t\t\t<a href=\"javascript:;\" class=\"filters__toggle\" aria-label=\"toggle Applications filter\">\n\t\t\t\t\t\t\t\t<h4 class=\"filters__taxonomy-title\">Product Types<\/h4>\n\t\t\t\t\t\t\t<\/a>\n\n\t\t\t\t\t\t\t<ul class=\"filters__terms product-types\">\n\n\t\t\t\t\t\t\t\t\t\t\t\t\t\t\t\t\t<!-- Parent terms -->\n\t\t\t\t\t\t\t\t\t<li class=\"filters__term\">\n\t\t\t\t\t\t\t\t\t\t<input type=\"checkbox\" id=\"product-types-walls\" name=\"Walls\" slug=\"walls\" taxonomy=\"product-types\" value=\"42\">\n\t\t\t\t\t\t\t\t\t\t<label for=\"product-types-walls\">Walls<\/label>\n\t\t\t\t\t\t\t\t\t\t\t\t\t\t\t\t\t\t\t<\/li>\n\t\t\t\t\t\t\t\t\n\t\t\t\t\t\t\t<\/ul>\n\n\t\t\t\t\t\t<\/div>\n\t\t\t\t\t\t\t\t\t\t\t<div class=\"filters__taxonomy\">\n\n\t\t\t\t\t\t\t<a href=\"javascript:;\" class=\"filters__toggle\" aria-label=\"toggle Applications filter\">\n\t\t\t\t\t\t\t\t<h4 class=\"filters__taxonomy-title\">Document Types<\/h4>\n\t\t\t\t\t\t\t<\/a>\n\n\t\t\t\t\t\t\t<ul class=\"filters__terms document-types\">\n\n\t\t\t\t\t\t\t\t\t\t\t\t\t\t\t\t\t<!-- Parent terms -->\n\t\t\t\t\t\t\t\t\t<li class=\"filters__term\">\n\t\t\t\t\t\t\t\t\t\t<input type=\"checkbox\" id=\"document-types-brochures\" name=\"Brochures\" slug=\"brochures\" taxonomy=\"document-types\" value=\"41\">\n\t\t\t\t\t\t\t\t\t\t<label for=\"document-types-brochures\">Brochures<\/label>\n\t\t\t\t\t\t\t\t\t\t\t\t\t\t\t\t\t\t\t<\/li>\n\t\t\t\t\t\t\t\t\t\t\t\t\t\t\t\t\t<!-- Parent terms -->\n\t\t\t\t\t\t\t\t\t<li class=\"filters__term\">\n\t\t\t\t\t\t\t\t\t\t<input type=\"checkbox\" id=\"document-types-case-studies\" name=\"Case Studies\" slug=\"case-studies\" taxonomy=\"document-types\" value=\"53\">\n\t\t\t\t\t\t\t\t\t\t<label for=\"document-types-case-studies\">Case Studies<\/label>\n\t\t\t\t\t\t\t\t\t\t\t\t\t\t\t\t\t\t\t<\/li>\n\t\t\t\t\t\t\t\t\t\t\t\t\t\t\t\t\t<!-- Parent terms -->\n\t\t\t\t\t\t\t\t\t<li class=\"filters__term\">\n\t\t\t\t\t\t\t\t\t\t<input type=\"checkbox\" id=\"document-types-documents-spanish\" name=\"Documents in Spanish\" slug=\"documents-spanish\" taxonomy=\"document-types\" value=\"54\">\n\t\t\t\t\t\t\t\t\t\t<label for=\"document-types-documents-spanish\">Documents in Spanish<\/label>\n\t\t\t\t\t\t\t\t\t\t\t\t\t\t\t\t\t\t\t<\/li>\n\t\t\t\t\t\t\t\t\t\t\t\t\t\t\t\t\t<!-- Parent terms -->\n\t\t\t\t\t\t\t\t\t<li class=\"filters__term\">\n\t\t\t\t\t\t\t\t\t\t<input type=\"checkbox\" id=\"document-types-installation-guide\" name=\"Installation Guide\" slug=\"installation-guide\" taxonomy=\"document-types\" value=\"38\">\n\t\t\t\t\t\t\t\t\t\t<label for=\"document-types-installation-guide\">Installation Guide<\/label>\n\t\t\t\t\t\t\t\t\t\t\t\t\t\t\t\t\t\t\t<\/li>\n\t\t\t\t\t\t\t\t\t\t\t\t\t\t\t\t\t<!-- Parent terms -->\n\t\t\t\t\t\t\t\t\t<li class=\"filters__term\">\n\t\t\t\t\t\t\t\t\t\t<input type=\"checkbox\" id=\"document-types-preliminary-design-drawings\" name=\"Preliminary Design Drawings\" slug=\"preliminary-design-drawings\" taxonomy=\"document-types\" value=\"40\">\n\t\t\t\t\t\t\t\t\t\t<label for=\"document-types-preliminary-design-drawings\">Preliminary Design Drawings<\/label>\n\t\t\t\t\t\t\t\t\t\t\t\t\t\t\t\t\t\t\t<\/li>\n\t\t\t\t\t\t\t\t\t\t\t\t\t\t\t\t\t<!-- Parent terms -->\n\t\t\t\t\t\t\t\t\t<li class=\"filters__term\">\n\t\t\t\t\t\t\t\t\t\t<input type=\"checkbox\" id=\"document-types-spec-sheet\" name=\"Spec Sheet\" slug=\"spec-sheet\" taxonomy=\"document-types\" value=\"39\">\n\t\t\t\t\t\t\t\t\t\t<label for=\"document-types-spec-sheet\">Spec Sheet<\/label>\n\t\t\t\t\t\t\t\t\t\t\t\t\t\t\t\t\t\t\t<\/li>\n\t\t\t\t\t\t\t\t\n\t\t\t\t\t\t\t<\/ul>\n\n\t\t\t\t\t\t<\/div>\n\t\t\t\t\t\n\t\t\t<\/form>\n\n\t\t<\/div>\n\n\t\t<a href=\"javascript:;\" role=\"button\" class=\"filters__mobile-toggle button\">CLOSE FILTERS<\/a>\n\n\t<\/div>\n\t<div class=\"filter-feed-container\">\n\t\t\t\t\t<div class=\"filter-button-container\">\n\t\t\t\t<div class=\"applied-filters\"><\/div>\n\t\t\t\t<!-- <div class=\"sort-results\">\n\t\t\t\t\t<select name=\"sort-select\" id=\"sort-select\" class=\"sort-select button\">\n\t\t\t\t\t\t<option value=\"title-asc\">Title A-Z<\/option>\n\t\t\t\t\t\t<option value=\"title-desc\">Title Z-A<\/option>\n\t\t\t\t\t\t<option value=\"post_date-asc\">Date (asc)<\/option>\n\t\t\t\t\t\t<option value=\"post_date-desc\">Date (desc)<\/option>\n\t\t\t\t\t<\/select>\n\t\t\t\t<\/div> -->\n\t\t\t<\/div>\n\t\t\t\t<div class=\"resource__container\"\n\t\t\tdata-currentpage=\"1\"\n\t\t\tdata-postsperpage=\"6\"\n\t\t\tdata-showfilters=\"1\"\n\t\t\tdata-project_types=\"\" data-product_types=\"\" data-document_types=\"\" \t\t\tdata-available-taxonomies=\"[&quot;project-types&quot;,&quot;product-types&quot;,&quot;document-types&quot;]\"\n\t\t\tdata-ajaxurl=\"https:\/\/liberty-stone.net\/wp-admin\/admin-ajax.php\">\n\n\t\t\t\t\t\t<div class=\"results-wrapper\" data-currentpage=\"1\" data-count=\"22\" data-postsperpage=\"6\">\n\n\t\t\t\t<a class=\"card card--anchor card--feed align-left page-width\" href=\"https:\/\/liberty-stone.net\/wp-content\/uploads\/2026\/02\/VistaCourt-Spec-Sheet-Web.pdf\" target=\"_blank\" aria-label=\"Link to: VistaCourt Spec Sheet\">\n\n\t\t\t\t\t<div class=\"card__image-container\">\n\t\t\t\t<div class=\"i72-image\" role=\"img\" title=\"pdd\" aria-label=\"Preliminary Design Drawings\" data-srcset=\"https:\/\/liberty-stone.net\/wp-content\/uploads\/2025\/11\/pdd.jpg 3000w 3000h,https:\/\/liberty-stone.net\/wp-content\/uploads\/2025\/11\/pdd-300x169.jpg 300w 300h,https:\/\/liberty-stone.net\/wp-content\/uploads\/2025\/11\/pdd.jpg 768w 0h,https:\/\/liberty-stone.net\/wp-content\/uploads\/2025\/11\/pdd.jpg 1024w 1024h,https:\/\/liberty-stone.net\/wp-content\/uploads\/2025\/11\/pdd.jpg 1536w 1536h,https:\/\/liberty-stone.net\/wp-content\/uploads\/2025\/11\/pdd.jpg 2048w 2048h,https:\/\/liberty-stone.net\/wp-content\/uploads\/2025\/11\/pdd-18x10.jpg 18w 12h,https:\/\/liberty-stone.net\/wp-content\/uploads\/2025\/11\/pdd-150x85.jpg 150w 150h,https:\/\/liberty-stone.net\/wp-content\/uploads\/2025\/11\/pdd.jpg 1280w 1280h,https:\/\/liberty-stone.net\/wp-content\/uploads\/2025\/11\/pdd.jpg 2560w 2560h\" data-original-width=\"\" data-original-height=\"\"><\/div>\t\t\t<\/div>\n\t\t\n\t\t<div class=\"card__inner-container\">\n\t\t\t\t\t\t\t<h3 class=\"card__title\">VistaCourt Spec Sheet<\/h3>\n\t\t\t\t\t\t\t\t\t\t<div class=\"card__text\">\n\t\t\t\t\t<p>Specifications, Geogrid wall cross section and more.<\/p>\n\t\t\t\t<\/div>\n\t\t\t\t\t\t\t\t\t\t<span class=\"card__button button button-color--blue\" aria-label=\"Link to: Download\">Download<\/span>\n\t\t\t\t\t<\/div>\n\n\t<\/a>\n\t<a class=\"card card--anchor card--feed align-left page-width\" href=\"https:\/\/liberty-stone.net\/wp-content\/uploads\/2026\/02\/VistaCourt-Installation-Guide-Web.pdf\" target=\"_blank\" aria-label=\"Link to: VistaCourt Installation Guide\">\n\n\t\t\t\t\t<div class=\"card__image-container\">\n\t\t\t\t<div class=\"i72-image\" role=\"img\" title=\"installation-1\" aria-label=\"Installation Guide\" data-srcset=\"https:\/\/liberty-stone.net\/wp-content\/uploads\/2024\/02\/installation-1.jpg 3000w 3000h,https:\/\/liberty-stone.net\/wp-content\/uploads\/2024\/02\/installation-1-300x169.jpg 300w 300h,https:\/\/liberty-stone.net\/wp-content\/uploads\/2024\/02\/installation-1-768x432.jpg 768w 0h,https:\/\/liberty-stone.net\/wp-content\/uploads\/2024\/02\/installation-1-1024x576.jpg 1024w 1024h,https:\/\/liberty-stone.net\/wp-content\/uploads\/2024\/02\/installation-1.jpg 1536w 1536h,https:\/\/liberty-stone.net\/wp-content\/uploads\/2024\/02\/installation-1.jpg 2048w 2048h,https:\/\/liberty-stone.net\/wp-content\/uploads\/2024\/02\/installation-1-18x10.jpg 18w 12h,https:\/\/liberty-stone.net\/wp-content\/uploads\/2024\/02\/installation-1-150x84.jpg 150w 150h,https:\/\/liberty-stone.net\/wp-content\/uploads\/2024\/02\/installation-1-1280x721.jpg 1280w 1280h,https:\/\/liberty-stone.net\/wp-content\/uploads\/2024\/02\/installation-1.jpg 2560w 2560h\" data-original-width=\"\" data-original-height=\"\"><\/div>\t\t\t<\/div>\n\t\t\n\t\t<div class=\"card__inner-container\">\n\t\t\t\t\t\t\t<h3 class=\"card__title\">VistaCourt Installation Guide<\/h3>\n\t\t\t\t\t\t\t\t\t\t<div class=\"card__text\">\n\t\t\t\t\t<p>Design, Installation &#038; Economic Advantages.<\/p>\n\t\t\t\t<\/div>\n\t\t\t\t\t\t\t\t\t\t<span class=\"card__button button button-color--blue\" aria-label=\"Link to: Download\">Download<\/span>\n\t\t\t\t\t<\/div>\n\n\t<\/a>\n\t<a class=\"card card--anchor card--feed align-left page-width\" href=\"https:\/\/liberty-stone.net\/wp-content\/uploads\/2024\/04\/Sno-Cove-Water-Park.pdf\" target=\"_blank\" aria-label=\"Link to: Sno-Cove Waterpark Case Study\">\n\n\t\t\t\t\t<div class=\"card__image-container\">\n\t\t\t\t<div class=\"i72-image\" role=\"img\" title=\"case study-1\" aria-label=\"Case Study\" data-srcset=\"https:\/\/liberty-stone.net\/wp-content\/uploads\/2024\/02\/case-study-1.jpg 3000w 3000h,https:\/\/liberty-stone.net\/wp-content\/uploads\/2024\/02\/case-study-1-300x169.jpg 300w 300h,https:\/\/liberty-stone.net\/wp-content\/uploads\/2024\/02\/case-study-1-768x432.jpg 768w 0h,https:\/\/liberty-stone.net\/wp-content\/uploads\/2024\/02\/case-study-1-1024x576.jpg 1024w 1024h,https:\/\/liberty-stone.net\/wp-content\/uploads\/2024\/02\/case-study-1.jpg 1536w 1536h,https:\/\/liberty-stone.net\/wp-content\/uploads\/2024\/02\/case-study-1.jpg 2048w 2048h,https:\/\/liberty-stone.net\/wp-content\/uploads\/2024\/02\/case-study-1-18x10.jpg 18w 12h,https:\/\/liberty-stone.net\/wp-content\/uploads\/2024\/02\/case-study-1-150x84.jpg 150w 150h,https:\/\/liberty-stone.net\/wp-content\/uploads\/2024\/02\/case-study-1-1280x721.jpg 1280w 1280h,https:\/\/liberty-stone.net\/wp-content\/uploads\/2024\/02\/case-study-1.jpg 2560w 2560h\" data-original-width=\"\" data-original-height=\"\"><\/div>\t\t\t<\/div>\n\t\t\n\t\t<div class=\"card__inner-container\">\n\t\t\t\t\t\t\t<h3 class=\"card__title\">Sno-Cove Waterpark Case Study<\/h3>\n\t\t\t\t\t\t\t\t\t\t<div class=\"card__text\">\n\t\t\t\t\t<p>How the Cornerstone 100 wall system was a perfect fit for Sno-Cove Waterpark.<\/p>\n\t\t\t\t<\/div>\n\t\t\t\t\t\t\t\t\t\t<span class=\"card__button button button-color--blue\" aria-label=\"Link to: Download\">Download<\/span>\n\t\t\t\t\t<\/div>\n\n\t<\/a>\n\t<a class=\"card card--anchor card--feed align-left page-width\" href=\"https:\/\/liberty-stone.net\/wp-content\/uploads\/2024\/04\/Fortus-Square-Foot-Wall-Architectural-Full.pdf\" target=\"_blank\" aria-label=\"Link to: Fortus Square Foot Applications\">\n\n\t\t\t\t\t<div class=\"card__image-container\">\n\t\t\t\t<div class=\"i72-image\" role=\"img\" title=\"pdd\" aria-label=\"Preliminary Design Drawings\" data-srcset=\"https:\/\/liberty-stone.net\/wp-content\/uploads\/2025\/11\/pdd.jpg 3000w 3000h,https:\/\/liberty-stone.net\/wp-content\/uploads\/2025\/11\/pdd-300x169.jpg 300w 300h,https:\/\/liberty-stone.net\/wp-content\/uploads\/2025\/11\/pdd.jpg 768w 0h,https:\/\/liberty-stone.net\/wp-content\/uploads\/2025\/11\/pdd.jpg 1024w 1024h,https:\/\/liberty-stone.net\/wp-content\/uploads\/2025\/11\/pdd.jpg 1536w 1536h,https:\/\/liberty-stone.net\/wp-content\/uploads\/2025\/11\/pdd.jpg 2048w 2048h,https:\/\/liberty-stone.net\/wp-content\/uploads\/2025\/11\/pdd-18x10.jpg 18w 12h,https:\/\/liberty-stone.net\/wp-content\/uploads\/2025\/11\/pdd-150x85.jpg 150w 150h,https:\/\/liberty-stone.net\/wp-content\/uploads\/2025\/11\/pdd.jpg 1280w 1280h,https:\/\/liberty-stone.net\/wp-content\/uploads\/2025\/11\/pdd.jpg 2560w 2560h\" data-original-width=\"\" data-original-height=\"\"><\/div>\t\t\t<\/div>\n\t\t\n\t\t<div class=\"card__inner-container\">\n\t\t\t\t\t\t\t<h3 class=\"card__title\">Fortus Square Foot Applications<\/h3>\n\t\t\t\t\t\t\t\t\t\t<div class=\"card__text\">\n\t\t\t\t\t<p>An architectural overview of Fortus Square Foot retaining wall application.<\/p>\n\t\t\t\t<\/div>\n\t\t\t\t\t\t\t\t\t\t<span class=\"card__button button button-color--blue\" aria-label=\"Link to: Download\">Download<\/span>\n\t\t\t\t\t<\/div>\n\n\t<\/a>\n\t<a class=\"card card--anchor card--feed align-left page-width\" href=\"https:\/\/liberty-stone.net\/wp-content\/uploads\/2024\/04\/Libertystone-Fortus-Square-Foot-Brochure-Updated-2025.pdf\" target=\"_blank\" aria-label=\"Link to: Fortus Square Foot Retaining Wall System\">\n\n\t\t\t\t\t<div class=\"card__image-container\">\n\t\t\t\t<div class=\"i72-image\" role=\"img\" title=\"brochure-1\" aria-label=\"Brochure\" data-srcset=\"https:\/\/liberty-stone.net\/wp-content\/uploads\/2024\/02\/brochure-1.jpg 3000w 3000h,https:\/\/liberty-stone.net\/wp-content\/uploads\/2024\/02\/brochure-1-300x169.jpg 300w 300h,https:\/\/liberty-stone.net\/wp-content\/uploads\/2024\/02\/brochure-1-768x432.jpg 768w 0h,https:\/\/liberty-stone.net\/wp-content\/uploads\/2024\/02\/brochure-1-1024x576.jpg 1024w 1024h,https:\/\/liberty-stone.net\/wp-content\/uploads\/2024\/02\/brochure-1.jpg 1536w 1536h,https:\/\/liberty-stone.net\/wp-content\/uploads\/2024\/02\/brochure-1.jpg 2048w 2048h,https:\/\/liberty-stone.net\/wp-content\/uploads\/2024\/02\/brochure-1-18x10.jpg 18w 12h,https:\/\/liberty-stone.net\/wp-content\/uploads\/2024\/02\/brochure-1-150x84.jpg 150w 150h,https:\/\/liberty-stone.net\/wp-content\/uploads\/2024\/02\/brochure-1-1280x721.jpg 1280w 1280h,https:\/\/liberty-stone.net\/wp-content\/uploads\/2024\/02\/brochure-1.jpg 2560w 2560h\" data-original-width=\"\" data-original-height=\"\"><\/div>\t\t\t<\/div>\n\t\t\n\t\t<div class=\"card__inner-container\">\n\t\t\t\t\t\t\t<h3 class=\"card__title\">Fortus Square Foot Retaining Wall System<\/h3>\n\t\t\t\t\t\t\t\t\t\t<div class=\"card__text\">\n\t\t\t\t\t<p>Bring your dreams to reality through Fortus Square Foot\u2019s maximum layout creativity when building curves, corners and angles as well as set-back or near-vertical walls. <\/p>\n\t\t\t\t<\/div>\n\t\t\t\t\t\t\t\t\t\t<span class=\"card__button button button-color--blue\" aria-label=\"Link to: Download\">Download<\/span>\n\t\t\t\t\t<\/div>\n\n\t<\/a>\n\t<a class=\"card card--anchor card--feed align-left page-width\" href=\"https:\/\/liberty-stone.net\/wp-content\/uploads\/2024\/04\/CORNERSTONE-BROCHURE-SPANISH.pdf\" target=\"_blank\" aria-label=\"Link to: CornerStone 100 (8&#8243;) segmentaria de retenci\u00f3n Sistema de pared\">\n\n\t\t\t\t\t<div class=\"card__image-container\">\n\t\t\t\t<div class=\"i72-image\" role=\"img\" title=\"spanish-1\" aria-label=\"Spanish Language\" data-srcset=\"https:\/\/liberty-stone.net\/wp-content\/uploads\/2024\/02\/spanish-1.jpg 3000w 3000h,https:\/\/liberty-stone.net\/wp-content\/uploads\/2024\/02\/spanish-1-300x169.jpg 300w 300h,https:\/\/liberty-stone.net\/wp-content\/uploads\/2024\/02\/spanish-1-768x432.jpg 768w 0h,https:\/\/liberty-stone.net\/wp-content\/uploads\/2024\/02\/spanish-1-1024x576.jpg 1024w 1024h,https:\/\/liberty-stone.net\/wp-content\/uploads\/2024\/02\/spanish-1.jpg 1536w 1536h,https:\/\/liberty-stone.net\/wp-content\/uploads\/2024\/02\/spanish-1.jpg 2048w 2048h,https:\/\/liberty-stone.net\/wp-content\/uploads\/2024\/02\/spanish-1-18x10.jpg 18w 12h,https:\/\/liberty-stone.net\/wp-content\/uploads\/2024\/02\/spanish-1-150x84.jpg 150w 150h,https:\/\/liberty-stone.net\/wp-content\/uploads\/2024\/02\/spanish-1-1280x721.jpg 1280w 1280h,https:\/\/liberty-stone.net\/wp-content\/uploads\/2024\/02\/spanish-1.jpg 2560w 2560h\" data-original-width=\"\" data-original-height=\"\"><\/div>\t\t\t<\/div>\n\t\t\n\t\t<div class=\"card__inner-container\">\n\t\t\t\t\t\t\t<h3 class=\"card__title\">CornerStone 100 (8&#8243;) segmentaria de retenci\u00f3n Sistema de pared<\/h3>\n\t\t\t\t\t\t\t\t\t\t<div class=\"card__text\">\n\t\t\t\t\t<p>El n\u00facleo hueco, unidad CornerStone 100 es nuestra soluci\u00f3n de muro de contenci\u00f3n m\u00e1s popular y vers\u00e1til.<\/p>\n\t\t\t\t<\/div>\n\t\t\t\t\t\t\t\t\t\t<span class=\"card__button button button-color--blue\" aria-label=\"Link to: Download\">Download<\/span>\n\t\t\t\t\t<\/div>\n\n\t<\/a>\n\n\t\t<\/div>\n\n\t\n\t\t\t<\/div>\n\t\t\t\n\t\t\t\t\t<!-- Pagination container outside resource__container so it persists during AJAX -->\n\t\t\t<div class=\"feed__pagination\" data-count=\"22\">\n\t\t\t<\/div>\n\t\t\t\t<\/div>\n<\/div>","protected":false},"excerpt":{"rendered":"","protected":false},"author":6,"featured_media":0,"parent":0,"menu_order":0,"comment_status":"closed","ping_status":"closed","template":"","meta":{"_acf_changed":false,"inline_featured_image":false,"footnotes":""},"class_list":["post-1530","page","type-page","status-publish","hentry"],"acf":[],"aioseo_notices":[],"_links":{"self":[{"href":"https:\/\/liberty-stone.net\/es\/wp-json\/wp\/v2\/pages\/1530","targetHints":{"allow":["GET"]}}],"collection":[{"href":"https:\/\/liberty-stone.net\/es\/wp-json\/wp\/v2\/pages"}],"about":[{"href":"https:\/\/liberty-stone.net\/es\/wp-json\/wp\/v2\/types\/page"}],"author":[{"embeddable":true,"href":"https:\/\/liberty-stone.net\/es\/wp-json\/wp\/v2\/users\/6"}],"replies":[{"embeddable":true,"href":"https:\/\/liberty-stone.net\/es\/wp-json\/wp\/v2\/comments?post=1530"}],"version-history":[{"count":7,"href":"https:\/\/liberty-stone.net\/es\/wp-json\/wp\/v2\/pages\/1530\/revisions"}],"predecessor-version":[{"id":3652,"href":"https:\/\/liberty-stone.net\/es\/wp-json\/wp\/v2\/pages\/1530\/revisions\/3652"}],"wp:attachment":[{"href":"https:\/\/liberty-stone.net\/es\/wp-json\/wp\/v2\/media?parent=1530"}],"curies":[{"name":"gracias","href":"https:\/\/api.w.org\/{rel}","templated":true}]}}