{"id":1139,"date":"2023-12-14T13:38:30","date_gmt":"2023-12-14T13:38:30","guid":{"rendered":"https:\/\/liberty-stone.net\/?page_id=1139"},"modified":"2026-01-08T18:53:15","modified_gmt":"2026-01-08T18:53:15","slug":"walkways","status":"publish","type":"page","link":"https:\/\/liberty-stone.net\/es\/walkways\/","title":{"rendered":"Pasarelas"},"content":{"rendered":"<div id=\"block_6c373df0d756e1aab9ffb2dbd0c31cb4\" class=\"background container--vertical background-color--gray full-width\">\r\n\t\t<!-- Image Error ($image is empty) -->\t\t<div class=\"background__inner-container\">\r\n\t\t\t\n\r\n<div id=\"block_c3e71a40e70615b2a09591bfedfec48c\" class=\"wysiwyg page-width\"><h3>Una pasarela impecable con adoquines LibertyStone: belleza, sofisticaci\u00f3n y funcionalidad en armon\u00eda<\/h3>\n<p>Imagine una pasarela que trascienda la mera funcionalidad: es un viaje cautivador que combina a la perfecci\u00f3n elegancia, funcionalidad y accesibilidad. Con los adoquines LibertyStone, su pasarela invita a familiares y amigos a su hogar.<\/p>\n<\/div>\n\r\n\t\t<\/div>\r\n\t<\/div>\r\n\r\n\n\n\r\n\r\n\t<div id=\"block_2118486b2d4bc525910cfd7133ad25ab\" class=\"background container--vertical background-color--none page-width\">\r\n\t\t<!-- Image Error ($image is empty) -->\t\t<div class=\"background__inner-container\">\r\n\t\t\t\n\r\n\r\n\t<div id=\"block_2ceb4fc1bc30314360f368fe247d07d3\" class=\"row row--default container--horizontal row-break--4 background-color--none page-width vertical-align--top\">\r\n\t\t<!-- Image Error ($image is empty) -->\t\t<div class=\"row__inner-container\">\r\n\t\t\t\n\n\t<div id=\"block_a5415c6f1f53b09d5d0edcf80fd6a312\" class=\"card card--icon align-left page-width\">\n\n\t\t\n\n\t<div class=\"card__inner-container\">\n\t\t\t\t\t<h3 class=\"card__title\">Elegancia desatada<\/h3>\n\t\t\t\t\t\t\t<div class=\"card__text\"><p>Al entrar en su pasarela, un mundo de elegancia se despliega debajo de usted. La superficie lisa o texturizada de los adoquines LibertyStone saluda cada paso con sofisticaci\u00f3n, convirtiendo cada paseo en una experiencia memorable.<\/p>\n<\/div>\n\t\t\n\t\t\t<\/div>\n\n\t<\/div>\n\n\n\n\t<div id=\"block_a4d501e0eb230804062037846776ba5e\" class=\"card card--icon align-left page-width\">\n\n\t\t\n\n\t<div class=\"card__inner-container\">\n\t\t\t\t\t<h3 class=\"card__title\">Est\u00e9tica atemporal<\/h3>\n\t\t\t\t\t\t\t<div class=\"card__text\"><p>La paleta de colores de nuestros adoquines integra tonos naturales que complementan su entorno, realzando el atractivo general de su paisaje. Desde grises fr\u00edos hasta neutros c\u00e1lidos, nuestras mezclas y patrones captan la atenci\u00f3n y crean un lienzo para dise\u00f1os de paisajes bien pensados.<\/p>\n<\/div>\n\t\t\n\t\t\t<\/div>\n\n\t<\/div>\n\n\r\n\t\t<\/div>\r\n\t\t\t\t\t<\/div>\r\n\r\n\n\n\n<div style=\"height:40px\" aria-hidden=\"true\" class=\"wp-block-spacer\"><\/div>\n\n\n\r\n\r\n\t<div id=\"block_2ceb4fc1bc30314360f368fe247d07d3\" class=\"row row--default container--horizontal row-break--4 background-color--none page-width vertical-align--top\">\r\n\t\t<!-- Image Error ($image is empty) -->\t\t<div class=\"row__inner-container\">\r\n\t\t\t\n\n\t<div id=\"block_0cfdacb590c2ac3d00512dba934e975b\" class=\"card card--icon align-left page-width\">\n\n\t\t\n\n\t<div class=\"card__inner-container\">\n\t\t\t\t\t<h3 class=\"card__title\">Personalizaci\u00f3n infinita<\/h3>\n\t\t\t\t\t\t\t<div class=\"card__text\"><p>La amplia gama de estilos y tama\u00f1os de adoquines de LibertyStone le permite dise\u00f1ar una pasarela que gu\u00ede sin esfuerzo a los viajeros a \u00e1reas importantes de su hogar y propiedad. Ya sea que prefiera patrones cl\u00e1sicos o dise\u00f1os contempor\u00e1neos, las posibilidades de personalizaci\u00f3n son ilimitadas.<\/p>\n<p>&nbsp;<\/p>\n<\/div>\n\t\t\n\t\t\t<\/div>\n\n\t<\/div>\n\n\n\n\t<div id=\"block_72e645afd066920fda95ffb4096f6243\" class=\"card card--icon align-left page-width\">\n\n\t\t\n\n\t<div class=\"card__inner-container\">\n\t\t\t\t\t<h3 class=\"card__title\">Durabilidad que perdura<\/h3>\n\t\t\t\t\t\t\t<div class=\"card__text\"><p>Su pasarela LibertyStone est\u00e1 dise\u00f1ada para resistir la prueba del tiempo. Est\u00e1 construido para soportar los elementos y el ritmo constante de los pasos, asegurando que su belleza permanezca intacta a\u00f1o tras a\u00f1o.<\/p>\n<\/div>\n\t\t\n\t\t\t<\/div>\n\n\t<\/div>\n\n\r\n\t\t<\/div>\r\n\t\t\t\t\t<\/div>\r\n\r\n\n\n\n<div style=\"height:40px\" aria-hidden=\"true\" class=\"wp-block-spacer\"><\/div>\n\n\n\r\n\r\n\t<div id=\"block_2ceb4fc1bc30314360f368fe247d07d3\" class=\"row row--default container--horizontal row-break--4 background-color--none page-width vertical-align--top\">\r\n\t\t<!-- Image Error ($image is empty) -->\t\t<div class=\"row__inner-container\">\r\n\t\t\t\n\n\t<div id=\"block_bf46acfa44fa3737b1256c7fab82bab0\" class=\"card card--icon align-left page-width\">\n\n\t\t\n\n\t<div class=\"card__inner-container\">\n\t\t\t\t\t<h3 class=\"card__title\">Integraci\u00f3n perfecta<\/h3>\n\t\t\t\t\t\t\t<div class=\"card__text\"><p>Nuestros adoquines se integran con su entorno, creando una sensaci\u00f3n de cohesi\u00f3n y equilibrio. Nuestras pasarelas conectan el paisajismo y la arquitectura de su hogar.<\/p>\n<\/div>\n\t\t\n\t\t\t<\/div>\n\n\t<\/div>\n\n\n\n\t<div id=\"block_fa3a0dea48e7dd0e38ad3e4cedf55a6d\" class=\"card card--icon align-left page-width\">\n\n\t\t\n\n\t<div class=\"card__inner-container\">\n\t\t\t\t\t<h3 class=\"card__title\">Elegancia nocturna<\/h3>\n\t\t\t\t\t\t\t<div class=\"card__text\"><p>A medida que el d\u00eda da paso a la noche, su paseo adquiere una nueva dimensi\u00f3n. La iluminaci\u00f3n exterior cuidadosamente colocada proyecta un suave brillo sobre los adoquines, transformando cada paseo en un viaje encantador. Es una bienvenida c\u00e1lida y acogedora, incluso despu\u00e9s de que se pone el sol.<\/p>\n<\/div>\n\t\t\n\t\t\t<\/div>\n\n\t<\/div>\n\n\r\n\t\t<\/div>\r\n\t\t\t\t\t<\/div>\r\n\r\n\n\n\n<div style=\"height:40px\" aria-hidden=\"true\" class=\"wp-block-spacer\"><\/div>\n\n\n\r\n\r\n\t<div id=\"block_2ceb4fc1bc30314360f368fe247d07d3\" class=\"row row--default container--horizontal row-break--4 background-color--none page-width vertical-align--top\">\r\n\t\t<!-- Image Error ($image is empty) -->\t\t<div class=\"row__inner-container\">\r\n\t\t\t\n\n\t<div id=\"block_04fa20ea4c0dcad95e44a0d352950c19\" class=\"card card--icon align-left page-width\">\n\n\t\t\n\n\t<div class=\"card__inner-container\">\n\t\t\t\t\t<h3 class=\"card__title\">Impresiones duraderas<\/h3>\n\t\t\t\t\t\t\t<div class=\"card__text\"><p>Su pasarela de adoquines LibertyStone no se trata s\u00f3lo de llegar a un destino; se trata del viaje en s\u00ed. Refleja su compromiso con la calidad, la est\u00e9tica y la b\u00fasqueda de la belleza en cada detalle de su paisaje.<\/p>\n<\/div>\n\t\t\n\t\t\t<\/div>\n\n\t<\/div>\n\n\r\n\t\t<\/div>\r\n\t\t\t\t\t<\/div>\r\n\r\n\n\r\n\t\t<\/div>\r\n\t<\/div>\r\n\r\n\n\n\n\t<a id=\"block_d27bbd53778175a1264d54bb68a9139e\" class=\"card card--button align-left page-width\" href=\"https:\/\/liberty-stone.net\/es\/where-to-buy\/\" target=\"_self\" aria-label=\"Enlace a: Un Paseo del Arte\">\n\n\t\t\t<div class=\"card__image-container\">\n\t\t<div class=\"i72-image cover\" role=\"img\" title=\"Emerson XL Sauce\" aria-label=\"Una pasarela con curvas construida con adoquines Emerson XL Willow en el patio delantero de una casa\" data-srcset=\"https:\/\/liberty-stone.net\/wp-content\/uploads\/2024\/02\/Emerson-XL-Willow-3-1.jpg 3000w 3000h,https:\/\/liberty-stone.net\/wp-content\/uploads\/2024\/02\/Emerson-XL-Willow-3-1-300x290.jpg 300w 290h,https:\/\/liberty-stone.net\/wp-content\/uploads\/2024\/02\/Emerson-XL-Willow-3-1-768x743.jpg 768w 743h,https:\/\/liberty-stone.net\/wp-content\/uploads\/2024\/02\/Emerson-XL-Willow-3-1-1024x990.jpg 1024w 990h,https:\/\/liberty-stone.net\/wp-content\/uploads\/2024\/02\/Emerson-XL-Willow-3-1-1536x1486.jpg 1536w 1486h,https:\/\/liberty-stone.net\/wp-content\/uploads\/2024\/02\/Emerson-XL-Willow-3-1.jpg 1920w 1857h,https:\/\/liberty-stone.net\/wp-content\/uploads\/2024\/02\/Emerson-XL-Willow-3-1-12x12.jpg 12w 12h,https:\/\/liberty-stone.net\/wp-content\/uploads\/2024\/02\/Emerson-XL-Willow-3-1-150x145.jpg 150w 145h,https:\/\/liberty-stone.net\/wp-content\/uploads\/2024\/02\/Emerson-XL-Willow-3-1-1280x1238.jpg 1280w 1238h,https:\/\/liberty-stone.net\/wp-content\/uploads\/2024\/02\/Emerson-XL-Willow-3-1.jpg 1920w 1857h\" data-original-width=\"1920\" data-original-height=\"1857\"><\/div>\t\t\t<p class=\"i72-image__description\">Emerson XL Sauce<\/p>\n\t\t\t\t<\/div>\n\t\t\n\n\t<div class=\"card__inner-container\">\n\t\t\t\t\t<h3 class=\"card__title\">Un paseo de arte<\/h3>\n\t\t\t\t\t\t\t<div class=\"card__text\"><p>Con los adoquines LibertyStone, su pasarela se convierte en una declaraci\u00f3n elegante: una invitaci\u00f3n a explorar la belleza que lo rodea. Es un equilibrio entre sofisticaci\u00f3n y funcionalidad, dando la bienvenida a otros a su hogar o lugar de trabajo. Abrace el lujo de LibertyStone y redefina su pasarela como una obra de arte.<\/p>\n<\/div>\n\t\t\n\t\t\t\t\t<span class=\"card__button button button-color--black\" aria-label=\"Enlace a: M\u00e1s informaci\u00f3n\">Encuentre nuestros productos cerca de usted<\/span>\n\t\t\t<\/div>\n\n\t<\/a>\n\n\n\r\n\r\n\t<div id=\"block_8723549d558b85cb0890f7cad0360a6a\" class=\"row row--default container--horizontal row-break--3 background-color--none page-width vertical-align--top\">\r\n\t\t<!-- Image Error ($image is empty) -->\t\t<div class=\"row__inner-container\">\r\n\t\t\t\n\n\t<a id=\"block_d9844ce506c50dc3ef84cf416c5d7d9e\" class=\"card card--button align-left page-width\" href=\"https:\/\/liberty-stone.net\/es\/products\/emerson-pro\/\" target=\"_self\" aria-label=\"Enlace a: Emerson Pro\">\n\n\t\t\t<div class=\"card__image-container\">\n\t\t<div class=\"i72-image cover\" role=\"img\" title=\"Fotos de productos de adoquines y paredes LibertyStone (43)\" aria-label=\"Adoquines Emerson Pro Willow utilizados en una pasarela cerca de un amplio establo de caballos\" data-srcset=\"https:\/\/liberty-stone.net\/wp-content\/uploads\/2024\/02\/LibertyStone-Paver-and-Wall-Product-Photos-43.png 3000w 3000h,https:\/\/liberty-stone.net\/wp-content\/uploads\/2024\/02\/LibertyStone-Paver-and-Wall-Product-Photos-43-300x169.png 300w 169h,https:\/\/liberty-stone.net\/wp-content\/uploads\/2024\/02\/LibertyStone-Paver-and-Wall-Product-Photos-43-768x432.png 768w 432h,https:\/\/liberty-stone.net\/wp-content\/uploads\/2024\/02\/LibertyStone-Paver-and-Wall-Product-Photos-43-1024x576.png 1024w 576h,https:\/\/liberty-stone.net\/wp-content\/uploads\/2024\/02\/LibertyStone-Paver-and-Wall-Product-Photos-43-1536x864.png 1536w 864h,https:\/\/liberty-stone.net\/wp-content\/uploads\/2024\/02\/LibertyStone-Paver-and-Wall-Product-Photos-43.png 1920w 1080h,https:\/\/liberty-stone.net\/wp-content\/uploads\/2024\/02\/LibertyStone-Paver-and-Wall-Product-Photos-43-18x10.png 18w 10h,https:\/\/liberty-stone.net\/wp-content\/uploads\/2024\/02\/LibertyStone-Paver-and-Wall-Product-Photos-43-150x84.png 150w 84h,https:\/\/liberty-stone.net\/wp-content\/uploads\/2024\/02\/LibertyStone-Paver-and-Wall-Product-Photos-43-1280x720.png 1280w 720h,https:\/\/liberty-stone.net\/wp-content\/uploads\/2024\/02\/LibertyStone-Paver-and-Wall-Product-Photos-43.png 1920w 1080h\" data-original-width=\"1920\" data-original-height=\"1080\"><\/div>\t\t\t<p class=\"i72-image__description\">Emerson Pro Sauce<\/p>\n\t\t\t\t<\/div>\n\t\t\n\n\t<div class=\"card__inner-container\">\n\t\t\t\t\t<h3 class=\"card__title\">Emerson Pro<\/h3>\n\t\t\t\t\n\t\t\t\t\t<span class=\"card__button button button-color--black\" aria-label=\"Enlace a: M\u00e1s informaci\u00f3n\">Ver producto<\/span>\n\t\t\t<\/div>\n\n\t<\/a>\n\n\n\n\t<a id=\"block_a75f88d36a54a27954d4c60b795cdf87\" class=\"card card--button align-left page-width\" href=\"https:\/\/liberty-stone.net\/es\/products\/emerson-pro-smooth\/\" target=\"_blank\" aria-label=\"Enlace a: Emerson Pro Smooth\">\n\n\t\t\t<div class=\"card__image-container\">\n\t\t<div class=\"i72-image cover\" role=\"img\" title=\"20240702_181719\" aria-label=\"Emerson Pro Suave\" data-srcset=\"https:\/\/liberty-stone.net\/wp-content\/uploads\/2026\/01\/20240702_181719-scaled.jpg 3000w 3000h,https:\/\/liberty-stone.net\/wp-content\/uploads\/2026\/01\/20240702_181719-300x140.jpg 300w 140h,https:\/\/liberty-stone.net\/wp-content\/uploads\/2026\/01\/20240702_181719-768x359.jpg 768w 359h,https:\/\/liberty-stone.net\/wp-content\/uploads\/2026\/01\/20240702_181719-1024x478.jpg 1024w 478h,https:\/\/liberty-stone.net\/wp-content\/uploads\/2026\/01\/20240702_181719-1536x717.jpg 1536w 717h,https:\/\/liberty-stone.net\/wp-content\/uploads\/2026\/01\/20240702_181719-2048x956.jpg 2048w 956h,https:\/\/liberty-stone.net\/wp-content\/uploads\/2026\/01\/20240702_181719-18x8.jpg 18w 8h,https:\/\/liberty-stone.net\/wp-content\/uploads\/2026\/01\/20240702_181719-150x70.jpg 150w 70h,https:\/\/liberty-stone.net\/wp-content\/uploads\/2026\/01\/20240702_181719-1280x598.jpg 1280w 598h,https:\/\/liberty-stone.net\/wp-content\/uploads\/2026\/01\/20240702_181719-2560x1196.jpg 2560w 1196h\" data-original-width=\"2560\" data-original-height=\"1196\"><\/div>\t\t<\/div>\n\t\t\n\n\t<div class=\"card__inner-container\">\n\t\t\t\t\t<h3 class=\"card__title\">Emerson Pro Suave<\/h3>\n\t\t\t\t\n\t\t\t\t\t<span class=\"card__button button button-color--black\" aria-label=\"Enlace a: M\u00e1s informaci\u00f3n\">Ver producto<\/span>\n\t\t\t<\/div>\n\n\t<\/a>\n\n\n\n\t<a id=\"block_cc19401a3cd14df3abab7b984706c7b3\" class=\"card card--button align-left page-width\" href=\"https:\/\/liberty-stone.net\/es\/products\/braxton\/\" target=\"_self\" aria-label=\"Enlace a: 6x9 Braxton\">\n\n\t\t\t<div class=\"card__image-container\">\n\t\t<div class=\"i72-image cover\" role=\"img\" title=\"Braxton-West-Mountain-Northern-NJ-P\u00e1gina-87-Actualizado-min\" aria-label=\"Hermoso camino de entrada\" data-srcset=\"https:\/\/liberty-stone.net\/wp-content\/uploads\/2026\/01\/Braxton-West-Mountain-Northern-NJ-Page-87-Updated-min.jpg 3000w 3000h,https:\/\/liberty-stone.net\/wp-content\/uploads\/2026\/01\/Braxton-West-Mountain-Northern-NJ-Page-87-Updated-min-300x225.jpg 300w 225h,https:\/\/liberty-stone.net\/wp-content\/uploads\/2026\/01\/Braxton-West-Mountain-Northern-NJ-Page-87-Updated-min-768x576.jpg 768w 576h,https:\/\/liberty-stone.net\/wp-content\/uploads\/2026\/01\/Braxton-West-Mountain-Northern-NJ-Page-87-Updated-min-1024x768.jpg 1024w 768h,https:\/\/liberty-stone.net\/wp-content\/uploads\/2026\/01\/Braxton-West-Mountain-Northern-NJ-Page-87-Updated-min-1536x1152.jpg 1536w 1152h,https:\/\/liberty-stone.net\/wp-content\/uploads\/2026\/01\/Braxton-West-Mountain-Northern-NJ-Page-87-Updated-min-2048x1536.jpg 2048w 1536h,https:\/\/liberty-stone.net\/wp-content\/uploads\/2026\/01\/Braxton-West-Mountain-Northern-NJ-Page-87-Updated-min-16x12.jpg 16w 12h,https:\/\/liberty-stone.net\/wp-content\/uploads\/2026\/01\/Braxton-West-Mountain-Northern-NJ-Page-87-Updated-min-150x113.jpg 150w 113h,https:\/\/liberty-stone.net\/wp-content\/uploads\/2026\/01\/Braxton-West-Mountain-Northern-NJ-Page-87-Updated-min-1280x960.jpg 1280w 960h,https:\/\/liberty-stone.net\/wp-content\/uploads\/2026\/01\/Braxton-West-Mountain-Northern-NJ-Page-87-Updated-min.jpg 2400w 1800h\" data-original-width=\"2400\" data-original-height=\"1800\"><\/div>\t\t<\/div>\n\t\t\n\n\t<div class=\"card__inner-container\">\n\t\t\t\t\t<h3 class=\"card__title\">Braxton de 6x9<\/h3>\n\t\t\t\t\n\t\t\t\t\t<span class=\"card__button button button-color--black\" aria-label=\"Enlace a: M\u00e1s informaci\u00f3n\">Ver producto<\/span>\n\t\t\t<\/div>\n\n\t<\/a>\n\n\r\n\t\t<\/div>\r\n\t\t\t\t\t<\/div>","protected":false},"excerpt":{"rendered":"","protected":false},"author":6,"featured_media":0,"parent":0,"menu_order":0,"comment_status":"closed","ping_status":"closed","template":"","meta":{"_acf_changed":false,"inline_featured_image":false,"footnotes":""},"class_list":["post-1139","page","type-page","status-publish","hentry"],"acf":[],"aioseo_notices":[],"_links":{"self":[{"href":"https:\/\/liberty-stone.net\/es\/wp-json\/wp\/v2\/pages\/1139","targetHints":{"allow":["GET"]}}],"collection":[{"href":"https:\/\/liberty-stone.net\/es\/wp-json\/wp\/v2\/pages"}],"about":[{"href":"https:\/\/liberty-stone.net\/es\/wp-json\/wp\/v2\/types\/page"}],"author":[{"embeddable":true,"href":"https:\/\/liberty-stone.net\/es\/wp-json\/wp\/v2\/users\/6"}],"replies":[{"embeddable":true,"href":"https:\/\/liberty-stone.net\/es\/wp-json\/wp\/v2\/comments?post=1139"}],"version-history":[{"count":22,"href":"https:\/\/liberty-stone.net\/es\/wp-json\/wp\/v2\/pages\/1139\/revisions"}],"predecessor-version":[{"id":3746,"href":"https:\/\/liberty-stone.net\/es\/wp-json\/wp\/v2\/pages\/1139\/revisions\/3746"}],"wp:attachment":[{"href":"https:\/\/liberty-stone.net\/es\/wp-json\/wp\/v2\/media?parent=1139"}],"curies":[{"name":"gracias","href":"https:\/\/api.w.org\/{rel}","templated":true}]}}