{"id":1135,"date":"2023-12-14T13:38:11","date_gmt":"2023-12-14T13:38:11","guid":{"rendered":"https:\/\/liberty-stone.net\/?page_id=1135"},"modified":"2024-06-26T13:49:16","modified_gmt":"2024-06-26T13:49:16","slug":"steps-stairs","status":"publish","type":"page","link":"https:\/\/liberty-stone.net\/es\/steps-stairs\/","title":{"rendered":"Pasos y escaleras"},"content":{"rendered":"<div id=\"block_9839baa3f4aab5b2a11bbb8f67ccf9f6\" class=\"background container--vertical background-color--gray full-width\">\r\n\t\t<!-- Image Error ($image is empty) -->\t\t<div class=\"background__inner-container\">\r\n\t\t\t\n\r\n<div id=\"block_5a980783263baa446a8e34b27a63c41f\" class=\"wysiwyg page-width\"><h3>Liberando posibilidades con escalones y escaleras LibertyStone<\/h3>\n<p>Imagine un mundo de infinitas posibilidades al aire libre donde los escalones y escaleras LibertyStone se convierten en las piezas centrales elegantes y funcionales de su dise\u00f1o paisaj\u00edstico. Con LibertyStone, el poder de transformar su espacio al aire libre en un refugio cautivador y accesible est\u00e1 al alcance de su mano.<\/p>\n<\/div>\n\r\n\t\t<\/div>\r\n\t<\/div>\r\n\r\n\n\n\r\n\r\n\t<div id=\"block_0e52e198362606da367ab434f2956c90\" class=\"background container--vertical background-color--none page-width\">\r\n\t\t<!-- Image Error ($image is empty) -->\t\t<div class=\"background__inner-container\">\r\n\t\t\t\n\r\n\r\n\t<div id=\"block_87cdb0d48237f156efea454d1970b289\" class=\"row row--default container--horizontal row-break--4 background-color--none page-width vertical-align--top\">\r\n\t\t<!-- Image Error ($image is empty) -->\t\t<div class=\"row__inner-container\">\r\n\t\t\t\n\n\t<div id=\"block_7a5bb55542ee526f5c978a62404e6e0d\" class=\"card card--icon align-left page-width\">\n\n\t\t\n\n\t<div class=\"card__inner-container\">\n\t\t\t\t\t<h3 class=\"card__title\">Grandes entradas<\/h3>\n\t\t\t\t\t\t\t<div class=\"card__text\"><p>Imag\u00ednese una gran entrada a su casa, donde una majestuosa escalera de piedra conduce con gracia a los visitantes desde la acera hasta la puerta de entrada. Cada paso, elaborado con la precisi\u00f3n de LibertyStone, es una declaraci\u00f3n de elegancia atemporal y deja una impresi\u00f3n duradera en todos los que se acercan.<\/p>\n<\/div>\n\t\t\n\t\t\t<\/div>\n\n\t<\/div>\n\n\n\n\t<div id=\"block_851c4231d9f8644b9e509c3c45a713d8\" class=\"card card--icon align-left page-width\">\n\n\t\t\n\n\t<div class=\"card__inner-container\">\n\t\t\t\t\t<h3 class=\"card__title\">Belleza adosada<\/h3>\n\t\t\t\t\t\t\t<div class=\"card__text\"><p>Imagine jardines en terrazas que caen en cascada por una suave pendiente, cada nivel conectado por escalones LibertyStone que sirven como camino y obra de arte. Estos escalones bellamente dise\u00f1ados le permiten crear impresionantes jardines de varios niveles.<\/p>\n<\/div>\n\t\t\n\t\t\t<\/div>\n\n\t<\/div>\n\n\r\n\t\t<\/div>\r\n\t\t\t\t\t<\/div>\r\n\r\n\n\n\n<div style=\"height:40px\" aria-hidden=\"true\" class=\"wp-block-spacer\"><\/div>\n\n\n\r\n\r\n\t<div id=\"block_87cdb0d48237f156efea454d1970b289\" class=\"row row--default container--horizontal row-break--4 background-color--none page-width vertical-align--top\">\r\n\t\t<!-- Image Error ($image is empty) -->\t\t<div class=\"row__inner-container\">\r\n\t\t\t\n\n\t<div id=\"block_29276ccbfbe35866f037ffd8e641cdf4\" class=\"card card--icon align-left page-width\">\n\n\t\t\n\n\t<div class=\"card__inner-container\">\n\t\t\t\t\t<h3 class=\"card__title\">Opulencia junto a la piscina<\/h3>\n\t\t\t\t\t\t\t<div class=\"card__text\"><p>Visualice un lujoso refugio junto a la piscina donde los escalones de LibertyStone lo guiar\u00e1n desde su patio hasta las frescas aguas que se encuentran debajo. Estos escalones no s\u00f3lo brindan acceso sino que tambi\u00e9n elevan la est\u00e9tica del \u00e1rea de su piscina, convirti\u00e9ndola en un verdadero oasis de relajaci\u00f3n.<\/p>\n<\/div>\n\t\t\n\t\t\t<\/div>\n\n\t<\/div>\n\n\n\n\t<div id=\"block_f0af46ab23d463a281371292a7f43026\" class=\"card card--icon align-left page-width\">\n\n\t\t\n\n\t<div class=\"card__inner-container\">\n\t\t\t\t\t<h3 class=\"card__title\">Excelencia funcional<\/h3>\n\t\t\t\t\t\t\t<div class=\"card__text\"><p>Los escalones y escaleras de LibertyStone no son s\u00f3lo cuesti\u00f3n de belleza; tambi\u00e9n se trata de funcionalidad. Ya sea que est\u00e9 conectando diferentes niveles de su espacio exterior, creando un camino a trav\u00e9s de su jard\u00edn o garantizando un acceso seguro a \u00e1reas elevadas, los adoquines y muros de contenci\u00f3n LibertyStone lo hacen todo posible.<\/p>\n<\/div>\n\t\t\n\t\t\t<\/div>\n\n\t<\/div>\n\n\r\n\t\t<\/div>\r\n\t\t\t\t\t<\/div>\r\n\r\n\n\n\n<div style=\"height:40px\" aria-hidden=\"true\" class=\"wp-block-spacer\"><\/div>\n\n\n\r\n\r\n\t<div id=\"block_87cdb0d48237f156efea454d1970b289\" class=\"row row--default container--horizontal row-break--4 background-color--none page-width vertical-align--top\">\r\n\t\t<!-- Image Error ($image is empty) -->\t\t<div class=\"row__inner-container\">\r\n\t\t\t\n\n\t<div id=\"block_72cb99a08d48f066fe8ad96eefd11f9f\" class=\"card card--icon align-left page-width\">\n\n\t\t\n\n\t<div class=\"card__inner-container\">\n\t\t\t\t\t<h3 class=\"card__title\">Dise\u00f1o vers\u00e1til<\/h3>\n\t\t\t\t\t\t\t<div class=\"card__text\"><p>Con una amplia gama de estilos, texturas y colores, los escalones y escaleras LibertyStone le brindan la libertad creativa para dise\u00f1ar espacios al aire libre que reflejen su visi\u00f3n \u00fanica.<\/p>\n<\/div>\n\t\t\n\t\t\t<\/div>\n\n\t<\/div>\n\n\n\n\t<div id=\"block_2fd50d1f6b5a4837fdba2d0a3849a037\" class=\"card card--icon align-left page-width\">\n\n\t\t\n\n\t<div class=\"card__inner-container\">\n\t\t\t\t\t<h3 class=\"card__title\">Durabilidad duradera<\/h3>\n\t\t\t\t\t\t\t<div class=\"card__text\"><p>El compromiso de LibertyStone con la durabilidad significa que sus escalones y escaleras seguir\u00e1n siendo impresionantes en los a\u00f1os venideros. Construidos para resistir los elementos y el uso diario, no solo son funcionales; son una inversi\u00f3n en belleza duradera.<\/p>\n<\/div>\n\t\t\n\t\t\t<\/div>\n\n\t<\/div>\n\n\r\n\t\t<\/div>\r\n\t\t\t\t\t<\/div>\r\n\r\n\n\n\n<div style=\"height:40px\" aria-hidden=\"true\" class=\"wp-block-spacer\"><\/div>\n\n\n\r\n\r\n\t<div id=\"block_87cdb0d48237f156efea454d1970b289\" class=\"row row--default container--horizontal row-break--4 background-color--none page-width vertical-align--top\">\r\n\t\t<!-- Image Error ($image is empty) -->\t\t<div class=\"row__inner-container\">\r\n\t\t\t\n\n\t<div id=\"block_fa2503cfc16f57407d07a05d557ac0c0\" class=\"card card--icon align-left page-width\">\n\n\t\t\n\n\t<div class=\"card__inner-container\">\n\t\t\t\t\t<h3 class=\"card__title\">Integraci\u00f3n perfecta<\/h3>\n\t\t\t\t\t\t\t<div class=\"card__text\"><p>Los escalones se integran con otras soluciones de paisajismo de LibertyStone, como adoquines y muros de contenci\u00f3n, lo que le permite crear espacios exteriores cohesivos que son visualmente impactantes y altamente funcionales.<\/p>\n<\/div>\n\t\t\n\t\t\t<\/div>\n\n\t<\/div>\n\n\r\n\t\t<\/div>\r\n\t\t\t\t\t<\/div>\r\n\r\n\n\r\n\t\t<\/div>\r\n\t<\/div>\r\n\r\n\n\n\n\t<a id=\"block_a61d55dabf2605ca6fa308bfd46e6660\" class=\"card card--button align-left page-width\" href=\"https:\/\/liberty-stone.net\/es\/where-to-buy\/\" target=\"_self\" aria-label=\"Enlace a: Mejore el dise\u00f1o de su patio trasero\">\n\n\t\t\t<div class=\"card__image-container\">\n\t\t<div class=\"i72-image cover\" role=\"img\" title=\"Sauce Fortus\" aria-label=\"Sauce Fortus\" data-srcset=\"https:\/\/liberty-stone.net\/wp-content\/uploads\/2024\/06\/22-web-or-mls-IMG-22.jpg 3000w 3000h,https:\/\/liberty-stone.net\/wp-content\/uploads\/2024\/06\/22-web-or-mls-IMG-22-300x200.jpg 300w 200h,https:\/\/liberty-stone.net\/wp-content\/uploads\/2024\/06\/22-web-or-mls-IMG-22-768x512.jpg 768w 512h,https:\/\/liberty-stone.net\/wp-content\/uploads\/2024\/06\/22-web-or-mls-IMG-22-1024x683.jpg 1024w 683h,https:\/\/liberty-stone.net\/wp-content\/uploads\/2024\/06\/22-web-or-mls-IMG-22-1536x1025.jpg 1536w 1025h,https:\/\/liberty-stone.net\/wp-content\/uploads\/2024\/06\/22-web-or-mls-IMG-22.jpg 2048w 1366h,https:\/\/liberty-stone.net\/wp-content\/uploads\/2024\/06\/22-web-or-mls-IMG-22-18x12.jpg 18w 12h,https:\/\/liberty-stone.net\/wp-content\/uploads\/2024\/06\/22-web-or-mls-IMG-22-150x100.jpg 150w 100h,https:\/\/liberty-stone.net\/wp-content\/uploads\/2024\/06\/22-web-or-mls-IMG-22-1280x854.jpg 1280w 854h,https:\/\/liberty-stone.net\/wp-content\/uploads\/2024\/06\/22-web-or-mls-IMG-22.jpg 2048w 1366h\" data-original-width=\"2048\" data-original-height=\"1366\"><\/div>\t\t\t<p class=\"i72-image__description\">Sauce Fortus<\/p>\n\t\t\t\t<\/div>\n\t\t\n\n\t<div class=\"card__inner-container\">\n\t\t\t\t\t<h3 class=\"card__title\">Mejore el dise\u00f1o de su patio trasero<\/h3>\n\t\t\t\t\t\t\t<div class=\"card__text\"><p><span style=\"font-weight: 400;\">Con los escalones y escaleras LibertyStone, las posibilidades son ilimitadas. Experimente todo el potencial de su espacio al aire libre y descubra un mundo de creatividad, accesibilidad y belleza duradera con LibertyStone.<\/span><\/p>\n<\/div>\n\t\t\n\t\t\t\t\t<span class=\"card__button button button-color--black\" aria-label=\"Enlace a: M\u00e1s informaci\u00f3n\">Encuentre nuestros productos cerca de usted<\/span>\n\t\t\t<\/div>\n\n\t<\/a>","protected":false},"excerpt":{"rendered":"","protected":false},"author":6,"featured_media":0,"parent":0,"menu_order":0,"comment_status":"closed","ping_status":"closed","template":"","meta":{"_acf_changed":false,"inline_featured_image":false,"footnotes":""},"class_list":["post-1135","page","type-page","status-publish","hentry"],"acf":[],"aioseo_notices":[],"_links":{"self":[{"href":"https:\/\/liberty-stone.net\/es\/wp-json\/wp\/v2\/pages\/1135","targetHints":{"allow":["GET"]}}],"collection":[{"href":"https:\/\/liberty-stone.net\/es\/wp-json\/wp\/v2\/pages"}],"about":[{"href":"https:\/\/liberty-stone.net\/es\/wp-json\/wp\/v2\/types\/page"}],"author":[{"embeddable":true,"href":"https:\/\/liberty-stone.net\/es\/wp-json\/wp\/v2\/users\/6"}],"replies":[{"embeddable":true,"href":"https:\/\/liberty-stone.net\/es\/wp-json\/wp\/v2\/comments?post=1135"}],"version-history":[{"count":33,"href":"https:\/\/liberty-stone.net\/es\/wp-json\/wp\/v2\/pages\/1135\/revisions"}],"predecessor-version":[{"id":3295,"href":"https:\/\/liberty-stone.net\/es\/wp-json\/wp\/v2\/pages\/1135\/revisions\/3295"}],"wp:attachment":[{"href":"https:\/\/liberty-stone.net\/es\/wp-json\/wp\/v2\/media?parent=1135"}],"curies":[{"name":"gracias","href":"https:\/\/api.w.org\/{rel}","templated":true}]}}