{"id":1133,"date":"2023-12-14T13:37:40","date_gmt":"2023-12-14T13:37:40","guid":{"rendered":"https:\/\/liberty-stone.net\/?page_id=1133"},"modified":"2026-01-07T19:45:28","modified_gmt":"2026-01-07T19:45:28","slug":"pillars-columns","status":"publish","type":"page","link":"https:\/\/liberty-stone.net\/es\/pillars-columns\/","title":{"rendered":"Pilares y columnas"},"content":{"rendered":"<div id=\"block_672667011c28f840bd3d4fd467c77939\" class=\"background container--vertical background-color--gray full-width\">\r\n\t\t<!-- Image Error ($image is empty) -->\t\t<div class=\"background__inner-container\">\r\n\t\t\t\n\r\n<div id=\"block_aa20f5649a6b1d3f8e8f128072bd251c\" class=\"wysiwyg page-width\"><h3>Pilares y columnas: una transformaci\u00f3n sorprendente<\/h3>\n<p>Imagine un muro de contenci\u00f3n que trascienda la mera funcionalidad y se convierta en una obra de arte que agregue un toque de grandeza a su espacio exterior. Con los pilares y columnas de LibertyStone, puede llevar su muro de contenci\u00f3n a un nivel completamente nuevo de sofisticaci\u00f3n.<\/p>\n<\/div>\n\r\n\t\t<\/div>\r\n\t<\/div>\r\n\r\n\n\n\r\n\r\n\t<div id=\"block_b4b06520cad8e5870fb21796b0176285\" class=\"background container--vertical background-color--none page-width\">\r\n\t\t<!-- Image Error ($image is empty) -->\t\t<div class=\"background__inner-container\">\r\n\t\t\t\n\r\n\r\n\t<div id=\"block_be93c2e5f35a135f94eca8a51e9ab4a0\" class=\"row row--default container--horizontal row-break--4 background-color--none page-width vertical-align--top\">\r\n\t\t<!-- Image Error ($image is empty) -->\t\t<div class=\"row__inner-container\">\r\n\t\t\t\n\n\t<div id=\"block_accc6f5b10723fc5f7e83c3b077c1d23\" class=\"card card--icon align-left page-width\">\n\n\t\t\n\n\t<div class=\"card__inner-container\">\n\t\t\t\t\t<h3 class=\"card__title\">Obras maestras arquitect\u00f3nicas<\/h3>\n\t\t\t\t\t\t\t<div class=\"card__text\"><p>Visualice pilares y columnas imponentes colocados estrat\u00e9gicamente a lo largo de su muro de contenci\u00f3n, transform\u00e1ndolo en una obra maestra arquitect\u00f3nica. Estas majestuosas estructuras exudan un encanto atemporal que captura la vista y la imaginaci\u00f3n.<\/p>\n<\/div>\n\t\t\n\t\t\t<\/div>\n\n\t<\/div>\n\n\n\n\t<div id=\"block_9fca61af0c3639349de1d9ec8f95ec92\" class=\"card card--icon align-left page-width\">\n\n\t\t\n\n\t<div class=\"card__inner-container\">\n\t\t\t\t\t<h3 class=\"card__title\">Posibilidades de dise\u00f1o infinitas<\/h3>\n\t\t\t\t\t\t\t<div class=\"card__text\"><p>Con los estilos de pilares y columnas de LibertyStone, usted tiene la libertad creativa de dise\u00f1ar un muro de contenci\u00f3n que sea exclusivamente suyo. Ya sea que prefiera un estilo cl\u00e1sico o una combinaci\u00f3n de colores ornamentados, estos elementos se pueden personalizar para adaptarlos a sus preferencias est\u00e9ticas.<\/p>\n<\/div>\n\t\t\n\t\t\t<\/div>\n\n\t<\/div>\n\n\r\n\t\t<\/div>\r\n\t\t\t\t\t<\/div>\r\n\r\n\n\n\n<div style=\"height:40px\" aria-hidden=\"true\" class=\"wp-block-spacer\"><\/div>\n\n\n\r\n\r\n\t<div id=\"block_be93c2e5f35a135f94eca8a51e9ab4a0\" class=\"row row--default container--horizontal row-break--4 background-color--none page-width vertical-align--top\">\r\n\t\t<!-- Image Error ($image is empty) -->\t\t<div class=\"row__inner-container\">\r\n\t\t\t\n\n\t<div id=\"block_83790341054f943afcd38a131eda68f2\" class=\"card card--icon align-left page-width\">\n\n\t\t\n\n\t<div class=\"card__inner-container\">\n\t\t\t\t\t<h3 class=\"card__title\">Belleza funcional<\/h3>\n\t\t\t\t\t\t\t<div class=\"card__text\"><p>M\u00e1s all\u00e1 de su atractivo est\u00e9tico, los pilares y columnas de LibertyStone tienen prop\u00f3sitos pr\u00e1cticos. Los pilares y columnas correctamente dise\u00f1ados brindan soporte y estabilidad adicionales a su muro de contenci\u00f3n, asegurando su integridad a largo plazo y mejorando su impacto visual.<\/p>\n<\/div>\n\t\t\n\t\t\t<\/div>\n\n\t<\/div>\n\n\n\n\t<div id=\"block_0a45c86984d1f9bebd0c4738f37696e9\" class=\"card card--icon align-left page-width\">\n\n\t\t\n\n\t<div class=\"card__inner-container\">\n\t\t\t\t\t<h3 class=\"card__title\">Armon\u00eda integrada<\/h3>\n\t\t\t\t\t\t\t<div class=\"card__text\"><p>La belleza de los pilares y columnas de LibertyStone radica en su perfecta integraci\u00f3n con su muro de contenci\u00f3n. Se convierten en una parte integral del paisaje, creando una combinaci\u00f3n armoniosa de forma y funci\u00f3n.<\/p>\n<\/div>\n\t\t\n\t\t\t<\/div>\n\n\t<\/div>\n\n\r\n\t\t<\/div>\r\n\t\t\t\t\t<\/div>\r\n\r\n\n\n\n<div style=\"height:40px\" aria-hidden=\"true\" class=\"wp-block-spacer\"><\/div>\n\n\n\r\n\r\n\t<div id=\"block_be93c2e5f35a135f94eca8a51e9ab4a0\" class=\"row row--default container--horizontal row-break--4 background-color--none page-width vertical-align--top\">\r\n\t\t<!-- Image Error ($image is empty) -->\t\t<div class=\"row__inner-container\">\r\n\t\t\t\n\n\t<div id=\"block_c7c8c6c9542b2bebb361d689741cfcec\" class=\"card card--icon align-left page-width\">\n\n\t\t\n\n\t<div class=\"card__inner-container\">\n\t\t\t\t\t<h3 class=\"card__title\">Elegancia nocturna<\/h3>\n\t\t\t\t\t\t\t<div class=\"card__text\"><p>Imag\u00ednese la encantadora transformaci\u00f3n que se produce cuando se pone el sol. Una iluminaci\u00f3n ambiental suave emana de los pilares y columnas, proyectando un brillo c\u00e1lido y acogedor sobre su espacio exterior. Esta elegancia nocturna te invita a saborear la belleza de tu paisaje mucho despu\u00e9s de que aparezcan las estrellas.<\/p>\n<\/div>\n\t\t\n\t\t\t<\/div>\n\n\t<\/div>\n\n\n\n\t<div id=\"block_b94ab48884fd71ea9dfdbc00b1492453\" class=\"card card--icon align-left page-width\">\n\n\t\t\n\n\t<div class=\"card__inner-container\">\n\t\t\t\t\t<h3 class=\"card__title\">Impresiones inolvidables<\/h3>\n\t\t\t\t\t\t\t<div class=\"card__text\"><p>Ya sea que est\u00e9 entreteniendo a sus invitados o simplemente disfrutando de una velada tranquila junto al muro de su jard\u00edn, los pilares y columnas de LibertyStone garantizan que cada momento sea inolvidable. A\u00f1aden un aire de sofisticaci\u00f3n y lujo a su experiencia al aire libre.<\/p>\n<\/div>\n\t\t\n\t\t\t<\/div>\n\n\t<\/div>\n\n\r\n\t\t<\/div>\r\n\t\t\t\t\t<\/div>\r\n\r\n\n\n\n<div style=\"height:40px\" aria-hidden=\"true\" class=\"wp-block-spacer\"><\/div>\n\n\n\r\n\r\n\t<div id=\"block_be93c2e5f35a135f94eca8a51e9ab4a0\" class=\"row row--default container--horizontal row-break--4 background-color--none page-width vertical-align--top\">\r\n\t\t<!-- Image Error ($image is empty) -->\t\t<div class=\"row__inner-container\">\r\n\t\t\t\n\n\t<div id=\"block_bd26a1da012f5d779558e82e0ecc536d\" class=\"card card--icon align-left page-width\">\n\n\t\t\n\n\t<div class=\"card__inner-container\">\n\t\t\t\t\t<h3 class=\"card__title\">Legado duradero<\/h3>\n\t\t\t\t\t\t\t<div class=\"card__text\"><p>As\u00ed como su muro de contenci\u00f3n est\u00e1 construido para durar, tambi\u00e9n lo est\u00e1n los pilares y columnas de LibertyStone. Elaborados con la misma dedicaci\u00f3n a la calidad y la longevidad, se convierten en un legado duradero: un testimonio de su compromiso con la belleza y la funcionalidad de su espacio al aire libre.<\/p>\n<\/div>\n\t\t\n\t\t\t<\/div>\n\n\t<\/div>\n\n\r\n\t\t<\/div>\r\n\t\t\t\t\t<\/div>\r\n\r\n\n\r\n\t\t<\/div>\r\n\t<\/div>\r\n\r\n\n\n\n\t<a id=\"block_5a87295aeb78b987a4ec507b38003d5c\" class=\"card card--button align-left page-width\" href=\"https:\/\/liberty-stone.net\/es\/where-to-buy\/\" target=\"_self\" aria-label=\"Enlace a: Combina funcionalidad y belleza\">\n\n\t\t\t<div class=\"card__image-container\">\n\t\t<div class=\"i72-image cover\" role=\"img\" title=\"Entrada y pilar de LibertyStone\" aria-label=\"Texto alternativo no disponible\" data-srcset=\"https:\/\/liberty-stone.net\/wp-content\/uploads\/2024\/05\/DSC05354.jpg 3000w 3000h,https:\/\/liberty-stone.net\/wp-content\/uploads\/2024\/05\/DSC05354-300x199.jpg 300w 199h,https:\/\/liberty-stone.net\/wp-content\/uploads\/2024\/05\/DSC05354-768x510.jpg 768w 510h,https:\/\/liberty-stone.net\/wp-content\/uploads\/2024\/05\/DSC05354-1024x680.jpg 1024w 680h,https:\/\/liberty-stone.net\/wp-content\/uploads\/2024\/05\/DSC05354.jpg 1200w 797h,https:\/\/liberty-stone.net\/wp-content\/uploads\/2024\/05\/DSC05354.jpg 1200w 797h,https:\/\/liberty-stone.net\/wp-content\/uploads\/2024\/05\/DSC05354-18x12.jpg 18w 12h,https:\/\/liberty-stone.net\/wp-content\/uploads\/2024\/05\/DSC05354-150x100.jpg 150w 100h,https:\/\/liberty-stone.net\/wp-content\/uploads\/2024\/05\/DSC05354.jpg 1200w 797h,https:\/\/liberty-stone.net\/wp-content\/uploads\/2024\/05\/DSC05354.jpg 1200w 797h\" data-original-width=\"1200\" data-original-height=\"797\"><\/div>\t\t<\/div>\n\t\t\n\n\t<div class=\"card__inner-container\">\n\t\t\t\t\t<h3 class=\"card__title\">Combina funcionalidad y belleza<\/h3>\n\t\t\t\t\t\t\t<div class=\"card__text\"><p><span style=\"font-weight: 400;\">Su muro de contenci\u00f3n puede convertirse en un punto focal cautivador que eleva todo su paisaje. Es una expresi\u00f3n de su estilo y un reflejo de su aprecio por el arte de la vida al aire libre. Abrace la belleza de la transformaci\u00f3n y deje que su muro de contenci\u00f3n alcance nuevas alturas con los pilares y columnas de LibertyStone.<\/span><\/p>\n<\/div>\n\t\t\n\t\t\t\t\t<span class=\"card__button button button-color--black\" aria-label=\"Enlace a: M\u00e1s informaci\u00f3n\">Encuentre nuestros productos cerca de usted<\/span>\n\t\t\t<\/div>\n\n\t<\/a>\n\n\n\r\n\r\n\t<div id=\"block_9c323f5f17020738c14c269fe4855726\" class=\"row row--default container--horizontal row-break--3 background-color--none page-width vertical-align--top\">\r\n\t\t<!-- Image Error ($image is empty) -->\t\t<div class=\"row__inner-container\">\r\n\t\t\t\n\n\t<a id=\"block_807d45b0aedd7c6ffce66c0b23d2d608\" class=\"card card--button align-left page-width\" href=\"https:\/\/liberty-stone.net\/es\/products\/vistacourt\/\" target=\"_self\" aria-label=\"Enlace a: Vista Court\">\n\n\t\t\t<div class=\"card__image-container\">\n\t\t<div class=\"i72-image cover\" role=\"img\" title=\"Fotos de productos de adoquines y paredes LibertyStone (47)\" aria-label=\"VistaCourt Willow utilizado en un gran muro de contenci\u00f3n en el patio trasero, justo afuera de una gran terraza de madera\" data-srcset=\"https:\/\/liberty-stone.net\/wp-content\/uploads\/2024\/02\/LibertyStone-Paver-and-Wall-Product-Photos-47.png 3000w 3000h,https:\/\/liberty-stone.net\/wp-content\/uploads\/2024\/02\/LibertyStone-Paver-and-Wall-Product-Photos-47-300x169.png 300w 169h,https:\/\/liberty-stone.net\/wp-content\/uploads\/2024\/02\/LibertyStone-Paver-and-Wall-Product-Photos-47-768x432.png 768w 432h,https:\/\/liberty-stone.net\/wp-content\/uploads\/2024\/02\/LibertyStone-Paver-and-Wall-Product-Photos-47-1024x576.png 1024w 576h,https:\/\/liberty-stone.net\/wp-content\/uploads\/2024\/02\/LibertyStone-Paver-and-Wall-Product-Photos-47-1536x864.png 1536w 864h,https:\/\/liberty-stone.net\/wp-content\/uploads\/2024\/02\/LibertyStone-Paver-and-Wall-Product-Photos-47.png 1920w 1080h,https:\/\/liberty-stone.net\/wp-content\/uploads\/2024\/02\/LibertyStone-Paver-and-Wall-Product-Photos-47-18x10.png 18w 10h,https:\/\/liberty-stone.net\/wp-content\/uploads\/2024\/02\/LibertyStone-Paver-and-Wall-Product-Photos-47-150x84.png 150w 84h,https:\/\/liberty-stone.net\/wp-content\/uploads\/2024\/02\/LibertyStone-Paver-and-Wall-Product-Photos-47-1280x720.png 1280w 720h,https:\/\/liberty-stone.net\/wp-content\/uploads\/2024\/02\/LibertyStone-Paver-and-Wall-Product-Photos-47.png 1920w 1080h\" data-original-width=\"1920\" data-original-height=\"1080\"><\/div>\t\t\t<p class=\"i72-image__description\">VistaCourt Sauce<\/p>\n\t\t\t\t<\/div>\n\t\t\n\n\t<div class=\"card__inner-container\">\n\t\t\t\t\t<h3 class=\"card__title\">Vista Court<\/h3>\n\t\t\t\t\n\t\t\t\t\t<span class=\"card__button button button-color--black\" aria-label=\"Enlace a: M\u00e1s informaci\u00f3n\">Ver producto<\/span>\n\t\t\t<\/div>\n\n\t<\/a>\n\n\n\n<div style=\"height:4px\" aria-hidden=\"true\" class=\"wp-block-spacer\"><\/div>\n\n\n\n<div style=\"height:4px\" aria-hidden=\"true\" class=\"wp-block-spacer\"><\/div>\n\n\r\n\t\t<\/div>\r\n\t\t\t\t\t<\/div>","protected":false},"excerpt":{"rendered":"","protected":false},"author":6,"featured_media":0,"parent":0,"menu_order":0,"comment_status":"closed","ping_status":"closed","template":"","meta":{"_acf_changed":false,"inline_featured_image":false,"footnotes":""},"class_list":["post-1133","page","type-page","status-publish","hentry"],"acf":[],"aioseo_notices":[],"_links":{"self":[{"href":"https:\/\/liberty-stone.net\/es\/wp-json\/wp\/v2\/pages\/1133","targetHints":{"allow":["GET"]}}],"collection":[{"href":"https:\/\/liberty-stone.net\/es\/wp-json\/wp\/v2\/pages"}],"about":[{"href":"https:\/\/liberty-stone.net\/es\/wp-json\/wp\/v2\/types\/page"}],"author":[{"embeddable":true,"href":"https:\/\/liberty-stone.net\/es\/wp-json\/wp\/v2\/users\/6"}],"replies":[{"embeddable":true,"href":"https:\/\/liberty-stone.net\/es\/wp-json\/wp\/v2\/comments?post=1133"}],"version-history":[{"count":18,"href":"https:\/\/liberty-stone.net\/es\/wp-json\/wp\/v2\/pages\/1133\/revisions"}],"predecessor-version":[{"id":3731,"href":"https:\/\/liberty-stone.net\/es\/wp-json\/wp\/v2\/pages\/1133\/revisions\/3731"}],"wp:attachment":[{"href":"https:\/\/liberty-stone.net\/es\/wp-json\/wp\/v2\/media?parent=1133"}],"curies":[{"name":"gracias","href":"https:\/\/api.w.org\/{rel}","templated":true}]}}