{"id":1123,"date":"2023-12-14T13:36:35","date_gmt":"2023-12-14T13:36:35","guid":{"rendered":"https:\/\/liberty-stone.net\/?page_id=1123"},"modified":"2024-05-02T18:55:24","modified_gmt":"2024-05-02T18:55:24","slug":"designer","status":"publish","type":"page","link":"https:\/\/liberty-stone.net\/es\/designer\/","title":{"rendered":"Dise\u00f1ador"},"content":{"rendered":"<div style=\"height:100px\" aria-hidden=\"true\" class=\"wp-block-spacer\"><\/div>\n\n\n\n\t<a id=\"block_3fe97badc9aea0dba6d35e9533f7c92b\" class=\"card card--button align-right page-width\" href=\"https:\/\/liberty-stone.net\/es\/products\/\" target=\"_self\" aria-label=\"Enlace a: Socio para espacios al aire libre visionarios\">\n\n\t\t\t<div class=\"card__image-container\">\n\t\t<div class=\"i72-image cover\" role=\"img\" title=\"Fotos de productos de adoquines y paredes LibertyStone (7)\" aria-label=\"Un dibujo a l\u00e1piz de color de un gran patio trasero con patio y piscina.\" data-srcset=\"https:\/\/liberty-stone.net\/wp-content\/uploads\/2024\/02\/LibertyStone-Paver-and-Wall-Product-Photos-7.png 3000w 3000h,https:\/\/liberty-stone.net\/wp-content\/uploads\/2024\/02\/LibertyStone-Paver-and-Wall-Product-Photos-7-300x169.png 300w 169h,https:\/\/liberty-stone.net\/wp-content\/uploads\/2024\/02\/LibertyStone-Paver-and-Wall-Product-Photos-7-768x432.png 768w 432h,https:\/\/liberty-stone.net\/wp-content\/uploads\/2024\/02\/LibertyStone-Paver-and-Wall-Product-Photos-7-1024x576.png 1024w 576h,https:\/\/liberty-stone.net\/wp-content\/uploads\/2024\/02\/LibertyStone-Paver-and-Wall-Product-Photos-7-1536x864.png 1536w 864h,https:\/\/liberty-stone.net\/wp-content\/uploads\/2024\/02\/LibertyStone-Paver-and-Wall-Product-Photos-7.png 1920w 1080h,https:\/\/liberty-stone.net\/wp-content\/uploads\/2024\/02\/LibertyStone-Paver-and-Wall-Product-Photos-7-18x10.png 18w 10h,https:\/\/liberty-stone.net\/wp-content\/uploads\/2024\/02\/LibertyStone-Paver-and-Wall-Product-Photos-7-150x84.png 150w 84h,https:\/\/liberty-stone.net\/wp-content\/uploads\/2024\/02\/LibertyStone-Paver-and-Wall-Product-Photos-7-1280x720.png 1280w 720h,https:\/\/liberty-stone.net\/wp-content\/uploads\/2024\/02\/LibertyStone-Paver-and-Wall-Product-Photos-7.png 1920w 1080h\" data-original-width=\"1920\" data-original-height=\"1080\"><\/div>\t\t<\/div>\n\t\t\n\n\t<div class=\"card__inner-container\">\n\t\t\t\t\t<h3 class=\"card__title\">Socio para espacios exteriores visionarios<\/h3>\n\t\t\t\t\t\t\t<div class=\"card__text\"><p><span style=\"font-weight: 400;\">En LibertyStone, entendemos que los dise\u00f1adores y arquitectos paisajistas son los artistas visionarios detr\u00e1s de impresionantes espacios al aire libre. Su papel es fundamental para transformar jardines, parques y paisajes comerciales en entornos cautivadores que inspiran y deleitan. Para potenciar su genio creativo, ofrecemos una gama de soluciones de jardiner\u00eda que se alinean perfectamente con sus necesidades y desaf\u00edos \u00fanicos.<\/span><\/p>\n<\/div>\n\t\t\n\t\t\t\t\t<span class=\"card__button button button-color--black\" aria-label=\"Enlace a: M\u00e1s informaci\u00f3n\">Ver nuestros productos<\/span>\n\t\t\t<\/div>\n\n\t<\/a>\n\n\n\r\n\r\n\t<div id=\"block_11f18f5d2f0280bc1b89694a15b08435\" class=\"background container--vertical background-color--blue full-width\">\r\n\t\t<!-- Image Error ($image is empty) -->\t\t<div class=\"background__inner-container\">\r\n\t\t\t\n\n<div id=\"block_01cfd903b3572e88870468b249ecd3c8\" class=\"paragraph paragraph--default align-left page-width\">\n\t\t\t<div class=\"paragraph__inner-container\">\n\t\t\t\t\t<h3 class=\"paragraph__title\">Un proveedor confiable de paisajismo para su visi\u00f3n creativa<\/h3>\n\t\t\t\t\t\t\t<div class=\"paragraph__text\"><p><span style=\"font-weight: 400\">Los dise\u00f1adores y arquitectos paisajistas necesitan un socio confiable para dar vida a sus conceptos imaginativos. LibertyStone es ese socio. Con un legado de excelencia que se remonta a 1924, hemos entregado constantemente productos de jardiner\u00eda de alta calidad que se alinean con su visi\u00f3n creativa. <\/span><\/p>\n<blockquote><p><span style=\"font-weight: 400\">Nuestro compromiso con la innovaci\u00f3n garantiza que usted tenga acceso a una amplia gama de materiales, creando un espacio exitoso que integra el dise\u00f1o exterior con la naturaleza.<\/span><\/p><\/blockquote>\n<\/div>\n\t\t\t\t\t<\/div>\n<\/div>\n\r\n\t\t<\/div>\r\n\t<\/div>\r\n\r\n\n\n\n\t<div id=\"block_0be5c956c6f209fb710d22239250c68d\" class=\"card card--default align-left page-width\">\n\n\t\t\t<div class=\"card__image-container\">\n\t\t<div class=\"i72-image cover\" role=\"img\" title=\"Fotos de productos de adoquines y paredes LibertyStone (8)\" aria-label=\"Vista a\u00e9rea del patio trasero con adoquines Emerson XL Smooth Desert\" data-srcset=\"https:\/\/liberty-stone.net\/wp-content\/uploads\/2024\/02\/LibertyStone-Paver-and-Wall-Product-Photos-8.png 3000w 3000h,https:\/\/liberty-stone.net\/wp-content\/uploads\/2024\/02\/LibertyStone-Paver-and-Wall-Product-Photos-8-300x169.png 300w 169h,https:\/\/liberty-stone.net\/wp-content\/uploads\/2024\/02\/LibertyStone-Paver-and-Wall-Product-Photos-8-768x432.png 768w 432h,https:\/\/liberty-stone.net\/wp-content\/uploads\/2024\/02\/LibertyStone-Paver-and-Wall-Product-Photos-8-1024x576.png 1024w 576h,https:\/\/liberty-stone.net\/wp-content\/uploads\/2024\/02\/LibertyStone-Paver-and-Wall-Product-Photos-8-1536x864.png 1536w 864h,https:\/\/liberty-stone.net\/wp-content\/uploads\/2024\/02\/LibertyStone-Paver-and-Wall-Product-Photos-8.png 1920w 1080h,https:\/\/liberty-stone.net\/wp-content\/uploads\/2024\/02\/LibertyStone-Paver-and-Wall-Product-Photos-8-18x10.png 18w 10h,https:\/\/liberty-stone.net\/wp-content\/uploads\/2024\/02\/LibertyStone-Paver-and-Wall-Product-Photos-8-150x84.png 150w 84h,https:\/\/liberty-stone.net\/wp-content\/uploads\/2024\/02\/LibertyStone-Paver-and-Wall-Product-Photos-8-1280x720.png 1280w 720h,https:\/\/liberty-stone.net\/wp-content\/uploads\/2024\/02\/LibertyStone-Paver-and-Wall-Product-Photos-8.png 1920w 1080h\" data-original-width=\"1920\" data-original-height=\"1080\"><\/div>\t\t\t<p class=\"i72-image__description\">Emerson XL Desierto Liso<\/p>\n\t\t\t\t<\/div>\n\t\t\n\n\t<div class=\"card__inner-container\">\n\t\t\t\t\t<h3 class=\"card__title\">Enfrente los desaf\u00edos del paisajismo de frente<\/h3>\n\t\t\t\t\t\t\t<div class=\"card__text\"><p><span style=\"font-weight: 400;\">Entendemos los desaf\u00edos que enfrenta: equilibrar presupuestos, sortear las limitaciones del sitio, coordinar con contratistas y educar a los clientes sobre las consideraciones de mantenimiento. LibertyStone est\u00e1 aqu\u00ed para ayudarlo a trav\u00e9s de desaf\u00edos y especificaciones de dise\u00f1o. Nuestro equipo estar\u00e1 encantado de ayudarle a afrontar los desaf\u00edos de forma creativa, eficaz y sostenible.<\/span><\/p>\n<\/div>\n\t\t\n\t\t\t<\/div>\n\n\t<\/div>\n\n\n\n\t<div id=\"block_af80b1f3c65a99a435adfaedd858a5da\" class=\"card card--default align-right page-width\">\n\n\t\t\t<div class=\"card__image-container\">\n\t\t<div class=\"i72-image cover\" role=\"img\" title=\"Emerson Pro Desierto 3\" aria-label=\"Adoquines Emerson Pro Desert que rodean una piscina con una funci\u00f3n de cascada incorporada\" data-srcset=\"https:\/\/liberty-stone.net\/wp-content\/uploads\/2024\/02\/Emerson-Pro-Desert-3.jpg 3000w 3000h,https:\/\/liberty-stone.net\/wp-content\/uploads\/2024\/02\/Emerson-Pro-Desert-3-225x300.jpg 225w 300h,https:\/\/liberty-stone.net\/wp-content\/uploads\/2024\/02\/Emerson-Pro-Desert-3-768x1024.jpg 768w 1024h,https:\/\/liberty-stone.net\/wp-content\/uploads\/2024\/02\/Emerson-Pro-Desert-3-768x1024.jpg 768w 1024h,https:\/\/liberty-stone.net\/wp-content\/uploads\/2024\/02\/Emerson-Pro-Desert-3-1152x1536.jpg 1152w 1536h,https:\/\/liberty-stone.net\/wp-content\/uploads\/2024\/02\/Emerson-Pro-Desert-3-1536x2048.jpg 1536w 2048h,https:\/\/liberty-stone.net\/wp-content\/uploads\/2024\/02\/Emerson-Pro-Desert-3-9x12.jpg 9w 12h,https:\/\/liberty-stone.net\/wp-content\/uploads\/2024\/02\/Emerson-Pro-Desert-3-113x150.jpg 113w 150h,https:\/\/liberty-stone.net\/wp-content\/uploads\/2024\/02\/Emerson-Pro-Desert-3-960x1280.jpg 960w 1280h,https:\/\/liberty-stone.net\/wp-content\/uploads\/2024\/02\/Emerson-Pro-Desert-3.jpg 1600w 2133h\" data-original-width=\"1600\" data-original-height=\"2133\"><\/div>\t\t\t<p class=\"i72-image__description\">Emerson Pro Desierto<\/p>\n\t\t\t\t<\/div>\n\t\t\n\n\t<div class=\"card__inner-container\">\n\t\t\t\t\t<h3 class=\"card__title\">Mejore su cartera y reputaci\u00f3n<\/h3>\n\t\t\t\t\t\t\t<div class=\"card__text\"><p><span style=\"font-weight: 400;\">La incorporaci\u00f3n de paisajismo en sus dise\u00f1os ofrece multitud de beneficios. Ampl\u00eda tu creatividad, permitiendo una mayor expresi\u00f3n y cohesi\u00f3n de los espacios interiores y exteriores. Los proyectos de paisajismo exitosos se convierten en poderosas adiciones a su cartera, mostrando su capacidad para crear una arquitectura paisaj\u00edstica funcional y est\u00e9ticamente agradable. Su reconocimiento profesional aumenta a medida que demuestra su habilidad en el dise\u00f1o y ejecuci\u00f3n de proyectos de paisajismo, solidificando su reputaci\u00f3n como arquitecto paisajista o dise\u00f1ador distinguido.<\/span><\/p>\n<\/div>\n\t\t\n\t\t\t<\/div>\n\n\t<\/div>\n\n\n\r\n\r\n\t<div id=\"block_11f18f5d2f0280bc1b89694a15b08435\" class=\"background container--vertical background-color--blue full-width\">\r\n\t\t<!-- Image Error ($image is empty) -->\t\t<div class=\"background__inner-container\">\r\n\t\t\t\n\n<div id=\"block_09dc2b18cef79c1d03451da392e6438c\" class=\"paragraph paragraph--default align-left page-width\">\n\t\t\t<div class=\"paragraph__inner-container\">\n\t\t\t\t\t<h3 class=\"paragraph__title\">Una asociaci\u00f3n colaborativa<\/h3>\n\t\t\t\t\t\t\t<div class=\"paragraph__text\"><p><span style=\"font-weight: 400\">En LibertyStone, no solo ofrecemos productos para jardiner\u00eda; Ofrecemos una asociaci\u00f3n colaborativa. Nuestros expertos est\u00e1n aqu\u00ed para ayudarle con la planificaci\u00f3n del proyecto, la selecci\u00f3n de productos y la documentaci\u00f3n, garantizando que su visi\u00f3n se haga realidad sin problemas. Estamos comprometidos a ayudarlo a crear espacios al aire libre que cautiven, inspiren y perduren.<\/span><\/p>\n<p><span style=\"font-weight: 400\">Eleve su cartera, ampl\u00ede su potencial creativo y mejore su reputaci\u00f3n profesional con LibertyStone como su socio de confianza. Juntos, daremos forma al futuro de la est\u00e9tica exterior, creando entornos visionarios que dejen una huella indeleble en el mundo.<\/span><\/p>\n<\/div>\n\t\t\t\t\t<\/div>\n<\/div>\n\n\n<div id=\"block_9437cd8776fc094ff31cec8d3ba45047\" class=\"image-grid page-width\">\n\t<div class=\"image-grid__container\">\n\t\t\t\t\t\t<a href=\"javascript:;\" class=\"image\">\n\t\t\t\t\t<div class=\"i72-image cover\" role=\"img\" title=\"Esquina VistaCourt Desierto\" aria-label=\"Muro de contenci\u00f3n VistaCourt Desert que rodea un patio circular al aire libre\" data-srcset=\"https:\/\/liberty-stone.net\/wp-content\/uploads\/2024\/02\/Corner-VistaCourt-Desert.jpg 3000w 3000h,https:\/\/liberty-stone.net\/wp-content\/uploads\/2024\/02\/Corner-VistaCourt-Desert-300x199.jpg 300w 199h,https:\/\/liberty-stone.net\/wp-content\/uploads\/2024\/02\/Corner-VistaCourt-Desert-768x509.jpg 768w 509h,https:\/\/liberty-stone.net\/wp-content\/uploads\/2024\/02\/Corner-VistaCourt-Desert-1024x678.jpg 1024w 678h,https:\/\/liberty-stone.net\/wp-content\/uploads\/2024\/02\/Corner-VistaCourt-Desert-1536x1018.jpg 1536w 1018h,https:\/\/liberty-stone.net\/wp-content\/uploads\/2024\/02\/Corner-VistaCourt-Desert.jpg 1920w 1272h,https:\/\/liberty-stone.net\/wp-content\/uploads\/2024\/02\/Corner-VistaCourt-Desert-18x12.jpg 18w 12h,https:\/\/liberty-stone.net\/wp-content\/uploads\/2024\/02\/Corner-VistaCourt-Desert-150x99.jpg 150w 99h,https:\/\/liberty-stone.net\/wp-content\/uploads\/2024\/02\/Corner-VistaCourt-Desert-1280x848.jpg 1280w 848h,https:\/\/liberty-stone.net\/wp-content\/uploads\/2024\/02\/Corner-VistaCourt-Desert.jpg 1920w 1272h\" data-original-width=\"1920\" data-original-height=\"1272\"><\/div>\t\t\t\t\t\t<p class=\"i72-image__caption\">VistaCourt Desierto<\/p>\n\t\t\t\t\t\t\t\t\t<\/a>\n\t\t\t\t\t\t<a href=\"javascript:;\" class=\"image\">\n\t\t\t\t\t<div class=\"i72-image cover\" role=\"img\" title=\"Emerson XL Monta\u00f1a Oeste\" aria-label=\"Adoquines Emerson XL West Mountain en una pasarela que conduce a un gran porche de madera\" data-srcset=\"https:\/\/liberty-stone.net\/wp-content\/uploads\/2024\/02\/Emerson-XL-West-Mountain-2-1.jpg 3000w 3000h,https:\/\/liberty-stone.net\/wp-content\/uploads\/2024\/02\/Emerson-XL-West-Mountain-2-1-300x225.jpg 300w 225h,https:\/\/liberty-stone.net\/wp-content\/uploads\/2024\/02\/Emerson-XL-West-Mountain-2-1-768x576.jpg 768w 576h,https:\/\/liberty-stone.net\/wp-content\/uploads\/2024\/02\/Emerson-XL-West-Mountain-2-1-1024x768.jpg 1024w 768h,https:\/\/liberty-stone.net\/wp-content\/uploads\/2024\/02\/Emerson-XL-West-Mountain-2-1-1536x1152.jpg 1536w 1152h,https:\/\/liberty-stone.net\/wp-content\/uploads\/2024\/02\/Emerson-XL-West-Mountain-2-1.jpg 1920w 1440h,https:\/\/liberty-stone.net\/wp-content\/uploads\/2024\/02\/Emerson-XL-West-Mountain-2-1-16x12.jpg 16w 12h,https:\/\/liberty-stone.net\/wp-content\/uploads\/2024\/02\/Emerson-XL-West-Mountain-2-1-150x113.jpg 150w 113h,https:\/\/liberty-stone.net\/wp-content\/uploads\/2024\/02\/Emerson-XL-West-Mountain-2-1-1280x960.jpg 1280w 960h,https:\/\/liberty-stone.net\/wp-content\/uploads\/2024\/02\/Emerson-XL-West-Mountain-2-1.jpg 1920w 1440h\" data-original-width=\"1920\" data-original-height=\"1440\"><\/div>\t\t\t\t\t\t<p class=\"i72-image__caption\">Emerson XL Monta\u00f1a Oeste<\/p>\n\t\t\t\t\t\t\t\t\t<\/a>\n\t\t\t\t\t\t<a href=\"javascript:;\" class=\"image\">\n\t\t\t\t\t<div class=\"i72-image cover\" role=\"img\" title=\"Sauce liso Emerson XL\" aria-label=\"Adoquines Emerson XL Smooth Willow que rodean una hermosa piscina rectangular\" data-srcset=\"https:\/\/liberty-stone.net\/wp-content\/uploads\/2024\/02\/Emerson-XL-Smooth-Willow-1-1.jpg 3000w 3000h,https:\/\/liberty-stone.net\/wp-content\/uploads\/2024\/02\/Emerson-XL-Smooth-Willow-1-1-300x199.jpg 300w 199h,https:\/\/liberty-stone.net\/wp-content\/uploads\/2024\/02\/Emerson-XL-Smooth-Willow-1-1-768x510.jpg 768w 510h,https:\/\/liberty-stone.net\/wp-content\/uploads\/2024\/02\/Emerson-XL-Smooth-Willow-1-1-1024x681.jpg 1024w 681h,https:\/\/liberty-stone.net\/wp-content\/uploads\/2024\/02\/Emerson-XL-Smooth-Willow-1-1-1536x1021.jpg 1536w 1021h,https:\/\/liberty-stone.net\/wp-content\/uploads\/2024\/02\/Emerson-XL-Smooth-Willow-1-1.jpg 1920w 1276h,https:\/\/liberty-stone.net\/wp-content\/uploads\/2024\/02\/Emerson-XL-Smooth-Willow-1-1-18x12.jpg 18w 12h,https:\/\/liberty-stone.net\/wp-content\/uploads\/2024\/02\/Emerson-XL-Smooth-Willow-1-1-150x100.jpg 150w 100h,https:\/\/liberty-stone.net\/wp-content\/uploads\/2024\/02\/Emerson-XL-Smooth-Willow-1-1-1280x851.jpg 1280w 851h,https:\/\/liberty-stone.net\/wp-content\/uploads\/2024\/02\/Emerson-XL-Smooth-Willow-1-1.jpg 1920w 1276h\" data-original-width=\"1920\" data-original-height=\"1276\"><\/div>\t\t\t\t\t\t<p class=\"i72-image__caption\">Sauce liso Emerson XL<\/p>\n\t\t\t\t\t\t\t\t\t<\/a>\n\t\t\t\t\t\t<a href=\"javascript:;\" class=\"image\">\n\t\t\t\t\t<div class=\"i72-image cover\" role=\"img\" title=\"Emerson Pro Oeste Monta\u00f1a 4\" aria-label=\"Adoquines Emerson Pro West Mountain utilizados en un camino de entrada y pasarela para una casa grande\" data-srcset=\"https:\/\/liberty-stone.net\/wp-content\/uploads\/2024\/02\/Emerson-Pro-West-Mountain-4.jpg 3000w 3000h,https:\/\/liberty-stone.net\/wp-content\/uploads\/2024\/02\/Emerson-Pro-West-Mountain-4-300x169.jpg 300w 169h,https:\/\/liberty-stone.net\/wp-content\/uploads\/2024\/02\/Emerson-Pro-West-Mountain-4-768x432.jpg 768w 432h,https:\/\/liberty-stone.net\/wp-content\/uploads\/2024\/02\/Emerson-Pro-West-Mountain-4-1024x575.jpg 1024w 575h,https:\/\/liberty-stone.net\/wp-content\/uploads\/2024\/02\/Emerson-Pro-West-Mountain-4-1536x863.jpg 1536w 863h,https:\/\/liberty-stone.net\/wp-content\/uploads\/2024\/02\/Emerson-Pro-West-Mountain-4.jpg 1920w 1079h,https:\/\/liberty-stone.net\/wp-content\/uploads\/2024\/02\/Emerson-Pro-West-Mountain-4-18x10.jpg 18w 10h,https:\/\/liberty-stone.net\/wp-content\/uploads\/2024\/02\/Emerson-Pro-West-Mountain-4-150x84.jpg 150w 84h,https:\/\/liberty-stone.net\/wp-content\/uploads\/2024\/02\/Emerson-Pro-West-Mountain-4-1280x719.jpg 1280w 719h,https:\/\/liberty-stone.net\/wp-content\/uploads\/2024\/02\/Emerson-Pro-West-Mountain-4.jpg 1920w 1079h\" data-original-width=\"1920\" data-original-height=\"1079\"><\/div>\t\t\t\t\t\t<p class=\"i72-image__caption\">Emerson Pro Monta\u00f1a Oeste<\/p>\n\t\t\t\t\t\t\t\t\t<\/a>\n\t\t\t<\/div>\n<\/div>\n\r\n\t\t<\/div>\r\n\t<\/div>\r\n\r\n\n\n\n<div id=\"block_2f79495e75c71c684bc9a1b7a4c06a4d\" class=\"quick-links align-center page-width\">\n\t\t\t\t<a class=\"card__button button button-color--blue\" href=\"https:\/\/liberty-stone.net\/es\/blog\/\" target=\"_self\" aria-label=\"Enlace a: Encuentre inspiraci\u00f3n para el dise\u00f1o\">Encuentre inspiraci\u00f3n para el dise\u00f1o<\/a>\n\t\t\t\t<a class=\"card__button button button-color--blue\" href=\"https:\/\/liberty-stone.net\/es\/about\/\" target=\"_self\" aria-label=\"Enlace a: Obtenga m\u00e1s informaci\u00f3n sobre LibertyStone\">M\u00e1s informaci\u00f3n sobre LibertyStone<\/a>\n\t\t\t\t<a class=\"card__button button button-color--blue\" href=\"https:\/\/liberty-stone.net\/es\/where-to-buy\/\" target=\"_self\" aria-label=\"Enlace a: Encuentre un distribuidor cerca de usted\">Encuentre un distribuidor cerca de usted<\/a>\n\t<\/div>","protected":false},"excerpt":{"rendered":"","protected":false},"author":6,"featured_media":0,"parent":0,"menu_order":0,"comment_status":"closed","ping_status":"closed","template":"","meta":{"_acf_changed":false,"inline_featured_image":false,"footnotes":""},"class_list":["post-1123","page","type-page","status-publish","hentry"],"acf":[],"aioseo_notices":[],"_links":{"self":[{"href":"https:\/\/liberty-stone.net\/es\/wp-json\/wp\/v2\/pages\/1123","targetHints":{"allow":["GET"]}}],"collection":[{"href":"https:\/\/liberty-stone.net\/es\/wp-json\/wp\/v2\/pages"}],"about":[{"href":"https:\/\/liberty-stone.net\/es\/wp-json\/wp\/v2\/types\/page"}],"author":[{"embeddable":true,"href":"https:\/\/liberty-stone.net\/es\/wp-json\/wp\/v2\/users\/6"}],"replies":[{"embeddable":true,"href":"https:\/\/liberty-stone.net\/es\/wp-json\/wp\/v2\/comments?post=1123"}],"version-history":[{"count":34,"href":"https:\/\/liberty-stone.net\/es\/wp-json\/wp\/v2\/pages\/1123\/revisions"}],"predecessor-version":[{"id":2800,"href":"https:\/\/liberty-stone.net\/es\/wp-json\/wp\/v2\/pages\/1123\/revisions\/2800"}],"wp:attachment":[{"href":"https:\/\/liberty-stone.net\/es\/wp-json\/wp\/v2\/media?parent=1123"}],"curies":[{"name":"gracias","href":"https:\/\/api.w.org\/{rel}","templated":true}]}}